{"id":23471,"date":"2025-10-09T13:10:12","date_gmt":"2025-10-09T13:10:12","guid":{"rendered":"https:\/\/www.coloredcaramel.com\/product\/hoppy-days-livre-de-coloriage-mignon-audacieux-et-facile-pour-paques\/"},"modified":"2026-04-06T08:07:58","modified_gmt":"2026-04-06T08:07:58","slug":"hoppy-days-livre-de-coloriage-mignon-audacieux-et-facile-pour-paques","status":"publish","type":"product","link":"https:\/\/www.coloredcaramel.com\/fr\/product\/hoppy-days-livre-de-coloriage-mignon-audacieux-et-facile-pour-paques\/","title":{"rendered":"Hoppy Days : Livre de coloriage mignon, audacieux et facile pour P\u00e2ques"},"content":{"rendered":"<p><span style=\"font-family: 'comic sans ms', sans-serif;\"><strong data-start=\"178\" data-end=\"198\">Saute dans le printemps !<\/strong><\/span><br data-start=\"198\" data-end=\"201\"><span style=\"font-family: 'comic sans ms', sans-serif;\"><em data-start=\"203\" data-end=\"255\">Hoppy Days :<\/em> Le <em data-start=\"203\" data-end=\"255\">livre de coloriage de P\u00e2ques, mignon, audacieux et facile<\/em>, regorge de lapins joyeux, de poussins qui pleurent, d&rsquo;agneaux c\u00e2lins, de tulipes, d&rsquo;\u0153ufs et de carottes, illustr\u00e9s par des contours audacieux et faciles \u00e0 colorier.<\/span><br \/>\n<span style=\"font-family: 'comic sans ms', sans-serif;\">Une activit\u00e9 douce, sans \u00e9cran, et le panier de P\u00e2ques parfait.<\/span><\/p>\n<p><span style=\"font-family: 'comic sans ms', sans-serif;\">Pourquoi tu vas l&rsquo;adorer :<\/span><br \/>\n<span style=\"font-family: 'comic sans ms', sans-serif;\">&#8211; Des illustrations audacieuses et faciles \u00e0 colorier, parfaites pour les moments de d\u00e9tente.<\/span><br \/>\n<span style=\"font-family: 'comic sans ms', sans-serif;\">&#8211; Un PDF complet avec 40 dessins uniques &#8211; pas de r\u00e9p\u00e9tition !<\/span><br \/>\n<span style=\"font-family: 'comic sans ms', sans-serif;\">&#8211; La taille de la page est de 8,5 x 8,5 pouces &#8211; il est pr\u00e9f\u00e9rable de l&rsquo;imprimer sur du papier de 8,5 x 11 pouces.<\/span><br \/>\n<span style=\"font-family: 'comic sans ms', sans-serif;\">&#8211; Parfait pour les adultes et les adolescents qui aiment colorier.<\/span><br \/>\n<span style=\"font-family: 'comic sans ms', sans-serif;\">&#8211; Embrasse le printemps avec des moments apaisants et cr\u00e9atifs.<\/span><br \/>\n<span style=\"font-family: 'comic sans ms', sans-serif;\">&#8211; Un beau cadeau.<\/span><\/p>\n<p><span style=\"font-family: 'comic sans ms', sans-serif;\">**IMPORTANT**<\/span><br \/>\n<span style=\"font-family: 'comic sans ms', sans-serif;\">&#8211; Il s&rsquo;agit d&rsquo;un livre \u00e9lectronique t\u00e9l\u00e9chargeable que tu peux imprimer chez toi &#8211; aucune copie physique ne sera post\u00e9e.<\/span><br \/>\n<span style=\"font-family: 'comic sans ms', sans-serif;\">&#8211; Utilisation PERSONNELLE\/PRIV\u00c9E SEULEMENT ! Aucune utilisation commerciale n&rsquo;est autoris\u00e9e. <\/span><br \/>\n<span style=\"font-family: 'comic sans ms', sans-serif;\">&#8211; Le livre est prot\u00e9g\u00e9 par des droits d&rsquo;auteur et il est interdit de le produire en masse ou de le revendre.<\/span><\/p>\n<p><span style=\"font-family: 'comic sans ms', sans-serif;\">Procure-toi ton exemplaire d\u00e8s aujourd&rsquo;hui et donne vie \u00e0 ces jolies pages de P\u00e2ques !<\/span><\/p>\n<p><span style=\"font-family: 'comic sans ms', sans-serif;\">Si tu as des questions, envoie-nous un message \ud83d\ude42<\/span><\/p>\n","protected":false},"excerpt":{"rendered":"<p>Saute dans le printemps !Hoppy Days : Le livre de coloriage de P\u00e2ques, mignon, audacieux et facile, regorge de lapins joyeux, de poussins qui pleurent, d&rsquo;agneaux c\u00e2lins, de tulipes, d&rsquo;\u0153ufs et de carottes, illustr\u00e9s par des contours audacieux et faciles \u00e0 colorier. Une activit\u00e9 douce, sans \u00e9cran, et le panier de P\u00e2ques parfait. Pourquoi tu<\/p>\n<div class=\"klb-readmore button\"><a class=\"btn link\" href=\"https:\/\/www.coloredcaramel.com\/fr\/product\/hoppy-days-livre-de-coloriage-mignon-audacieux-et-facile-pour-paques\/\">Read More <i class=\"klbth-icon-right-arrow\"><\/i><\/a><\/div>\n","protected":false},"featured_media":23496,"template":"","meta":{"_acf_changed":false,"_glsr_average":0,"_glsr_ranking":0,"_glsr_reviews":0},"product_brand":[],"product_cat":[1461,1400],"product_tag":[],"class_list":{"0":"post-23471","1":"product","2":"type-product","3":"status-publish","4":"has-post-thumbnail","6":"product_cat-paques","7":"product_cat-livres-de-coloriage","9":"first","10":"instock","11":"sold-individually","12":"shipping-taxable","13":"purchasable","14":"product-type-variable"},"bundled_by":[],"bundle_stock_status":"instock","bundle_stock_quantity":null,"bundle_virtual":false,"bundle_layout":"","bundle_add_to_cart_form_location":"","bundle_editable_in_cart":false,"bundle_sold_individually_context":"","bundle_item_grouping":"","bundle_min_size":"","bundle_max_size":"","bundle_price":[],"bundled_items":[],"bundle_sell_ids":[],"acf":[],"_links":{"self":[{"href":"https:\/\/www.coloredcaramel.com\/fr\/wp-json\/wp\/v2\/product\/23471","targetHints":{"allow":["GET"]}}],"collection":[{"href":"https:\/\/www.coloredcaramel.com\/fr\/wp-json\/wp\/v2\/product"}],"about":[{"href":"https:\/\/www.coloredcaramel.com\/fr\/wp-json\/wp\/v2\/types\/product"}],"wp:featuredmedia":[{"embeddable":true,"href":"https:\/\/www.coloredcaramel.com\/fr\/wp-json\/wp\/v2\/media\/23496"}],"wp:attachment":[{"href":"https:\/\/www.coloredcaramel.com\/fr\/wp-json\/wp\/v2\/media?parent=23471"}],"wp:term":[{"taxonomy":"product_brand","embeddable":true,"href":"https:\/\/www.coloredcaramel.com\/fr\/wp-json\/wp\/v2\/product_brand?post=23471"},{"taxonomy":"product_cat","embeddable":true,"href":"https:\/\/www.coloredcaramel.com\/fr\/wp-json\/wp\/v2\/product_cat?post=23471"},{"taxonomy":"product_tag","embeddable":true,"href":"https:\/\/www.coloredcaramel.com\/fr\/wp-json\/wp\/v2\/product_tag?post=23471"}],"curies":[{"name":"wp","href":"https:\/\/api.w.org\/{rel}","templated":true}]}}