{"id":22912,"date":"2025-10-18T11:03:59","date_gmt":"2025-10-18T11:03:59","guid":{"rendered":"https:\/\/www.coloredcaramel.com\/product\/festive-days-cozy-christmas-coloring-book-relaxation-confortable-pour-les-adultes-et-les-adolescents\/"},"modified":"2026-04-06T08:07:41","modified_gmt":"2026-04-06T08:07:41","slug":"festive-days-cozy-christmas-coloring-book-relaxation-confortable-pour-les-adultes-et-les-adolescents","status":"publish","type":"product","link":"https:\/\/www.coloredcaramel.com\/fr\/product\/festive-days-cozy-christmas-coloring-book-relaxation-confortable-pour-les-adultes-et-les-adolescents\/","title":{"rendered":"Festive Days Cozy Christmas Coloring Book : Relaxation confortable pour les adultes et les adolescents"},"content":{"rendered":"<h4><span style=\"font-family: 'comic sans ms', sans-serif;\"><span style=\"font-size: 14pt;\">Pr\u00eat pour le No\u00ebl le plus magique et le plus adorable qui soit?\ud83c\udf32<\/span><\/span><\/h4>\n<p><span style=\"font-family: 'comic sans ms', sans-serif; font-size: 12pt;\">Bienvenue \u00e0 <i>Festive Days<\/i>, un <strong>livre de coloriage de No\u00ebl <\/strong> r\u00e9confortant <strong>rempli de charme douillet, de lumi\u00e8res scintillantes et de pure joie de vacances ! <\/strong><\/span><span style=\"font-family: 'comic sans ms', sans-serif;\"><span style=\"font-size: 14pt;\">\u2728<\/span><\/span><\/p>\n<p><span style=\"font-size: 12pt; font-family: 'comic sans ms', sans-serif;\">Chaque page regorge de <strong>personnages mignons, de d\u00e9corations lumineuses et de sc\u00e8nes hivernales joyeuses<\/strong> &#8211; qui n&rsquo;attendent que <i>ta<\/i> touche de couleur et de cr\u00e9ativit\u00e9.<\/span><\/p>\n<p><span style=\"font-family: 'comic sans ms', sans-serif; font-size: 12pt;\">Alors blottis-toi contre ta couverture pr\u00e9f\u00e9r\u00e9e, verse-toi une tasse de cacao bien chaude et <strong>laisse ton imagination briller plus fort que les lumi\u00e8res de l&rsquo;arbre de No\u00ebl.<\/strong><\/span><\/p>\n<p><span style=\"font-size: 12pt; font-family: 'comic sans ms', sans-serif;\">\ud83e\udde1<strong> Pourquoi on l&rsquo;aime :<\/strong><br \/>\n&#8211; <strong>Des motifs adorables et audacieux<\/strong> faits pour des moments de coloriage douillets.<br \/>\n&#8211; PDF avec <strong>40 illustrations uniques et festives<\/strong> &#8211; (pas de r\u00e9p\u00e9tition !)<br \/>\n&#8211; Comprend des <strong>\u00e9chantillons de couleurs<\/strong> et des petits <strong>espaces pour jouer avec les palettes et les motifs.<\/strong><br \/>\n&#8211; La taille de la page est de <strong>8,5 x 8,5 pouces<\/strong> &#8211; il est pr\u00e9f\u00e9rable de l&rsquo;imprimer sur du papier de 8,5 x 11 pouces.<br \/>\n&#8211; Con\u00e7u <strong>pour les adultes et les adolescents<\/strong> qui aiment les <strong>illustrations de vacances mignonnes, douillettes et relaxantes<\/strong>.<br \/>\n&#8211;  <strong>Ton \u00e9chappatoire calme \u00e0 la ru\u00e9e vers les vacances.<\/strong><br \/>\n&#8211; Parfait comme  <strong>un cadeau bien pens\u00e9 !<\/strong><\/span><\/p>\n<p><span style=\"font-size: 12pt; font-family: 'comic sans ms', sans-serif;\">Choisis ton pr\u00e9f\u00e9r\u00e9 :<strong> Num\u00e9rique ou Livre de poche !<\/strong><br \/>\n\ud83e\udde1 Obtiens ta <strong>copie num\u00e9rique juste ici<\/strong>, ou<br \/>\n\ud83e\udde1 <strong>S\u00e9lectionne la copie imprim\u00e9e<\/strong> pour la commander <strong>sur Amazon<\/strong>!<\/span><\/p>\n<p><span style=\"font-family: 'comic sans ms', sans-serif; font-size: 12pt;\">\u2728 <strong>Important<\/strong> \u2728<br \/>\n\ud83e\udde1 Ceci est <strong>un livre de coloriage num\u00e9rique et imprimable.<\/strong> Si tu souhaites <strong>une copie physique, s\u00e9lectionne \u00ab\u00a0Copie imprim\u00e9e\u00a0\u00bb et termine ton achat sur Amazon<\/strong>.<br data-start=\"499\" data-end=\"502\">\ud83d\udeab <strong>Aucune copie physique ne sera exp\u00e9di\u00e9e si tu ach\u00e8tes la version num\u00e9rique imprimable sur notre site Internet.<\/strong><br \/>\n\ud83c\udfe1 Tu peux la <strong>t\u00e9l\u00e9charger et l&rsquo;imprimer<\/strong> chez toi autant de fois que tu le souhaites &#8211; <strong>pour un usage personnel uniquement<\/strong>.<br \/>\n\ud83d\udc95 <strong>Pas d&rsquo;utilisation commerciale<\/strong> &#8211; ne pas vendre, partager ou redistribuer ces pages.<br \/>\n\ud83c\udfa8 <strong>Ne pas utiliser les dessins pour cr\u00e9er de nouveaux produits<\/strong> (comme des autocollants, des livres ou des produits d\u00e9riv\u00e9s).<br \/>\n\ud83d\udcf8 Tu es invit\u00e9 \u00e0 <strong>partager tes pages color\u00e9es<\/strong> en ligne &#8211; il suffit de <strong>cr\u00e9diter Colored Caramel<\/strong>.<br \/>\n\ud83d\udd8b\ufe0f Tous les dessins sont <strong>enti\u00e8rement prot\u00e9g\u00e9s par les droits d&rsquo;auteur de Colored Caramel<\/strong>. Merci de respecter notre travail et notre cr\u00e9ativit\u00e9.<\/span><\/p>\n<p><span style=\"font-family: 'comic sans ms', sans-serif;\"><strong>Pr\u00eat, pr\u00eat, jingle ! \ud83c\udf85\u2728 Attrape ton exemplaire et plonge dans la mignonnerie festive ! <\/strong><\/span><\/p>\n<p><span style=\"font-family: 'comic sans ms', sans-serif; font-size: 12pt;\">Si tu as des questions, envoie-nous un message \ud83e\udde1<\/span><\/p>\n","protected":false},"excerpt":{"rendered":"<p>Pr\u00eat pour le No\u00ebl le plus magique et le plus adorable qui soit?\ud83c\udf32 Bienvenue \u00e0 Festive Days, un livre de coloriage de No\u00ebl r\u00e9confortant rempli de charme douillet, de lumi\u00e8res scintillantes et de pure joie de vacances ! \u2728 Chaque page regorge de personnages mignons, de d\u00e9corations lumineuses et de sc\u00e8nes hivernales joyeuses &#8211; qui<\/p>\n<div class=\"klb-readmore button\"><a class=\"btn link\" href=\"https:\/\/www.coloredcaramel.com\/fr\/product\/festive-days-cozy-christmas-coloring-book-relaxation-confortable-pour-les-adultes-et-les-adolescents\/\">Read More <i class=\"klbth-icon-right-arrow\"><\/i><\/a><\/div>\n","protected":false},"featured_media":22914,"template":"","meta":{"_acf_changed":false,"_glsr_average":0,"_glsr_ranking":0,"_glsr_reviews":0},"product_brand":[],"product_cat":[1400,1433],"product_tag":[],"class_list":{"0":"post-22912","1":"product","2":"type-product","3":"status-publish","4":"has-post-thumbnail","6":"product_cat-livres-de-coloriage","7":"product_cat-noel","9":"first","10":"instock","11":"sold-individually","12":"shipping-taxable","13":"purchasable","14":"product-type-variable"},"bundled_by":["25264"],"bundle_stock_status":"instock","bundle_stock_quantity":null,"bundle_virtual":false,"bundle_layout":"","bundle_add_to_cart_form_location":"","bundle_editable_in_cart":false,"bundle_sold_individually_context":"","bundle_item_grouping":"","bundle_min_size":"","bundle_max_size":"","bundle_price":[],"bundled_items":[],"bundle_sell_ids":[],"acf":[],"_links":{"self":[{"href":"https:\/\/www.coloredcaramel.com\/fr\/wp-json\/wp\/v2\/product\/22912","targetHints":{"allow":["GET"]}}],"collection":[{"href":"https:\/\/www.coloredcaramel.com\/fr\/wp-json\/wp\/v2\/product"}],"about":[{"href":"https:\/\/www.coloredcaramel.com\/fr\/wp-json\/wp\/v2\/types\/product"}],"wp:featuredmedia":[{"embeddable":true,"href":"https:\/\/www.coloredcaramel.com\/fr\/wp-json\/wp\/v2\/media\/22914"}],"wp:attachment":[{"href":"https:\/\/www.coloredcaramel.com\/fr\/wp-json\/wp\/v2\/media?parent=22912"}],"wp:term":[{"taxonomy":"product_brand","embeddable":true,"href":"https:\/\/www.coloredcaramel.com\/fr\/wp-json\/wp\/v2\/product_brand?post=22912"},{"taxonomy":"product_cat","embeddable":true,"href":"https:\/\/www.coloredcaramel.com\/fr\/wp-json\/wp\/v2\/product_cat?post=22912"},{"taxonomy":"product_tag","embeddable":true,"href":"https:\/\/www.coloredcaramel.com\/fr\/wp-json\/wp\/v2\/product_tag?post=22912"}],"curies":[{"name":"wp","href":"https:\/\/api.w.org\/{rel}","templated":true}]}}