{"id":21439,"date":"2025-10-07T15:55:44","date_gmt":"2025-10-07T15:55:44","guid":{"rendered":"https:\/\/www.coloredcaramel.com\/restons-en-contact\/"},"modified":"2025-10-07T15:55:44","modified_gmt":"2025-10-07T15:55:44","slug":"restons-en-contact","status":"publish","type":"page","link":"https:\/\/www.coloredcaramel.com\/fr\/restons-en-contact\/","title":{"rendered":"Restons en contact"},"content":{"rendered":"<p>Bonjour  <span id=\"bwfan_contact_name\">John<\/span> <\/p>\n<p>Aide-nous \u00e0 am\u00e9liorer ton exp\u00e9rience avec nous gr\u00e2ce \u00e0 une meilleure communication. Ajuste tes pr\u00e9f\u00e9rences pour les courriels <span id=\"bwfan_contact_email\">john@example.com<\/span>.   <\/p>\n<p>.<\/p>\n","protected":false},"excerpt":{"rendered":"<p>Bonjour Aide-nous \u00e0 am\u00e9liorer ton exp\u00e9rience avec nous gr\u00e2ce \u00e0 une meilleure communication. Ajuste tes pr\u00e9f\u00e9rences pour les courriels . .<\/p>\n","protected":false},"author":2,"featured_media":0,"parent":0,"menu_order":0,"comment_status":"closed","ping_status":"closed","template":"","meta":{"_acf_changed":false,"_glsr_average":0,"_glsr_ranking":0,"_glsr_reviews":0,"footnotes":""},"class_list":["post-21439","page","type-page","status-publish","hentry"],"acf":[],"_links":{"self":[{"href":"https:\/\/www.coloredcaramel.com\/fr\/wp-json\/wp\/v2\/pages\/21439","targetHints":{"allow":["GET"]}}],"collection":[{"href":"https:\/\/www.coloredcaramel.com\/fr\/wp-json\/wp\/v2\/pages"}],"about":[{"href":"https:\/\/www.coloredcaramel.com\/fr\/wp-json\/wp\/v2\/types\/page"}],"author":[{"embeddable":true,"href":"https:\/\/www.coloredcaramel.com\/fr\/wp-json\/wp\/v2\/users\/2"}],"replies":[{"embeddable":true,"href":"https:\/\/www.coloredcaramel.com\/fr\/wp-json\/wp\/v2\/comments?post=21439"}],"version-history":[{"count":0,"href":"https:\/\/www.coloredcaramel.com\/fr\/wp-json\/wp\/v2\/pages\/21439\/revisions"}],"wp:attachment":[{"href":"https:\/\/www.coloredcaramel.com\/fr\/wp-json\/wp\/v2\/media?parent=21439"}],"curies":[{"name":"wp","href":"https:\/\/api.w.org\/{rel}","templated":true}]}}