{"id":18470,"date":"2021-04-15T07:11:05","date_gmt":"2021-04-15T07:11:05","guid":{"rendered":"https:\/\/www.coloredcaramel.com\/a-propos-de\/"},"modified":"2026-02-04T17:40:19","modified_gmt":"2026-02-04T17:40:19","slug":"a-propos-de","status":"publish","type":"page","link":"https:\/\/www.coloredcaramel.com\/fr\/a-propos-de\/","title":{"rendered":"\u00c0 propos de"},"content":{"rendered":"\t\t<div data-elementor-type=\"wp-page\" data-elementor-id=\"18470\" class=\"elementor elementor-18470 elementor-14\" data-elementor-post-type=\"page\">\n\t\t\t\t\t\t<section class=\"elementor-section elementor-top-section elementor-element elementor-element-2531e8a elementor-section-height-min-height elementor-section-boxed elementor-section-height-default elementor-section-items-middle\" data-id=\"2531e8a\" data-element_type=\"section\" data-settings=\"{&quot;background_background&quot;:&quot;classic&quot;}\">\n\t\t\t\t\t\t<div class=\"elementor-container elementor-column-gap-no\">\n\t\t\t\t\t<div class=\"elementor-column elementor-col-100 elementor-top-column elementor-element elementor-element-350e1ac\" data-id=\"350e1ac\" data-element_type=\"column\">\n\t\t\t<div class=\"elementor-widget-wrap elementor-element-populated\">\n\t\t\t\t\t\t<div class=\"elementor-element elementor-element-6bc902f elementor-widget elementor-widget-heading\" data-id=\"6bc902f\" data-element_type=\"widget\" data-widget_type=\"heading.default\">\n\t\t\t\t<div class=\"elementor-widget-container\">\n\t\t\t\t\t<h1 class=\"elementor-heading-title elementor-size-large\">\u00c0 propos de nous<\/h1>\t\t\t\t<\/div>\n\t\t\t\t<\/div>\n\t\t\t\t\t<\/div>\n\t\t<\/div>\n\t\t\t\t\t<\/div>\n\t\t<\/section>\n\t\t\t\t<section class=\"elementor-section elementor-top-section elementor-element elementor-element-25623b6 elementor-section-boxed elementor-section-height-default elementor-section-height-default\" data-id=\"25623b6\" data-element_type=\"section\" data-settings=\"{&quot;background_background&quot;:&quot;classic&quot;}\">\n\t\t\t\t\t\t<div class=\"elementor-container elementor-column-gap-no\">\n\t\t\t\t\t<div class=\"elementor-column elementor-col-100 elementor-top-column elementor-element elementor-element-d37733e\" data-id=\"d37733e\" data-element_type=\"column\">\n\t\t\t<div class=\"elementor-widget-wrap elementor-element-populated\">\n\t\t\t\t\t\t<div class=\"elementor-element elementor-element-b6473ae elementor-widget elementor-widget-heading\" data-id=\"b6473ae\" data-element_type=\"widget\" data-widget_type=\"heading.default\">\n\t\t\t\t<div class=\"elementor-widget-container\">\n\t\t\t\t\t<h2 class=\"elementor-heading-title elementor-size-default\">\u00c0 propos du caramel color\u00e9<\/h2>\t\t\t\t<\/div>\n\t\t\t\t<\/div>\n\t\t\t\t<section class=\"elementor-section elementor-inner-section elementor-element elementor-element-3632888 elementor-section-boxed elementor-section-height-default elementor-section-height-default\" data-id=\"3632888\" data-element_type=\"section\">\n\t\t\t\t\t\t<div class=\"elementor-container elementor-column-gap-no\">\n\t\t\t\t\t<div class=\"elementor-column elementor-col-50 elementor-inner-column elementor-element elementor-element-994a3bf\" data-id=\"994a3bf\" data-element_type=\"column\">\n\t\t\t<div class=\"elementor-widget-wrap elementor-element-populated\">\n\t\t\t\t\t\t<div class=\"elementor-element elementor-element-bd533b2 elementor-widget elementor-widget-heading\" data-id=\"bd533b2\" data-element_type=\"widget\" data-widget_type=\"heading.default\">\n\t\t\t\t<div class=\"elementor-widget-container\">\n\t\t\t\t\t<h3 class=\"elementor-heading-title elementor-size-small\"><b><span id=\"docs-internal-guid-2847a78f-7fff-5a26-6dbe-685ffa2fa462\"><span style=\"font-size: 11pt;font-family: Arial;background-color: transparent;vertical-align: baseline\">Colored Caramel est une maison d'\u00e9dition anim\u00e9e par une petite \u00e9quipe dynamique de cr\u00e9ateurs et d'artistes. Nous mettons toute notre \u00e9nergie \u00e0 cr\u00e9er des livres (de coloriage) uniques. &nbsp; <\/span><\/span><\/b><\/h3>\t\t\t\t<\/div>\n\t\t\t\t<\/div>\n\t\t\t\t<div class=\"elementor-element elementor-element-1f55b35 elementor-widget elementor-widget-heading\" data-id=\"1f55b35\" data-element_type=\"widget\" data-widget_type=\"heading.default\">\n\t\t\t\t<div class=\"elementor-widget-container\">\n\t\t\t\t\t<h6 class=\"elementor-heading-title elementor-size-default\"><span style=\"font-weight:normal\" id=\"docs-internal-guid-186c8137-7fff-1e92-d6a5-214efa2b954c\"><p dir=\"ltr\" style=\"line-height:1.38;margin-top:0pt;margin-bottom:0pt\"><span style=\"font-size: 11pt;font-family: Arial;background-color: transparent;vertical-align: baseline\">Nos livres couvrent diff\u00e9rents styles - du kawaii super doux au gothique pastel mignon et effrayant, en passant par les zombies, les animaux, les gnomes, les jeux de mots, No\u00ebl, Halloween, la Saint-Valentin, et bien d'autres choses encore !<\/span><\/p><br><p dir=\"ltr\" style=\"line-height:1.38;margin-top:0pt;margin-bottom:0pt\"><span style=\"font-size: 11pt;font-family: Arial;background-color: transparent;vertical-align: baseline\">Derri\u00e8re chaque livre, il y a beaucoup de recherches, de remue-m\u00e9ninges, de travail acharn\u00e9 et d'amour.&nbsp;<\/span><\/p><div><span style=\"font-size: 11pt;font-family: Arial;background-color: transparent;vertical-align: baseline\"><br><\/span><\/div><\/span><\/h6>\t\t\t\t<\/div>\n\t\t\t\t<\/div>\n\t\t\t\t<div class=\"elementor-element elementor-element-da1e56b elementor-widget elementor-widget-text-editor\" data-id=\"da1e56b\" data-element_type=\"widget\" data-widget_type=\"text-editor.default\">\n\t\t\t\t<div class=\"elementor-widget-container\">\n\t\t\t\t\t\t\t\t\t<p><b>Notre processus<br><\/b><span style=\"font-weight: 400;\">Tout d&rsquo;abord, nous d\u00e9cidons du th\u00e8me &#8211; nous essayons toujours de combiner notre inspiration avec les souhaits de nos fans. Ensuite, le processus amusant de la cr\u00e9ation commence. Nous rassemblons des id\u00e9es et des instructions pour chaque illustration du livre.<\/span><\/p><p><span style=\"font-weight: 400;\">Dans l&rsquo;\u00e9tape suivante, nous donnons vie aux id\u00e9es et dessinons les illustrations. Lorsque nous sommes satisfaits \u00e0 100 % des illustrations, il ne manque plus que la couverture. Pour en cr\u00e9er une, nous choisissons notre dessin pr\u00e9f\u00e9r\u00e9 et nous le colorons. Enfin, le livre est pr\u00eat \u00e0 sortir dans le monde, et nous esp\u00e9rons qu&rsquo;il rendra de nombreuses personnes heureuses.   <\/span><\/p>\t\t\t\t\t\t\t\t<\/div>\n\t\t\t\t<\/div>\n\t\t\t\t<div class=\"elementor-element elementor-element-341e0a6 elementor-widget elementor-widget-text-editor\" data-id=\"341e0a6\" data-element_type=\"widget\" data-widget_type=\"text-editor.default\">\n\t\t\t\t<div class=\"elementor-widget-container\">\n\t\t\t\t\t\t\t\t\t<p><b>Ce que le coloriage signifie pour nous<\/b><\/p><p><span style=\"font-weight: 400;\">Nous aimons l&rsquo;art, et nous croyons que l&rsquo;on peut le trouver et l&rsquo;exprimer de diff\u00e9rentes mani\u00e8res. Nous pensons que la cr\u00e9ativit\u00e9 ouvre la porte \u00e0 de nouvelles id\u00e9es et au calme et qu&rsquo;elle apporte bonheur et excitation. Nous voulons te montrer, \u00e0 toi notre charmante cliente, que tu es tr\u00e8s cr\u00e9ative et qu&rsquo;il y a une artiste en toi. Et, \u00e0 travers nos livres de coloriage, nous voulons nous connecter avec toi et r\u00e9aliser des cr\u00e9ations uniques en combinant nos illustrations avec ta fa\u00e7on unique de les colorier.   <\/span><\/p><p><span style=\"font-weight: 400;\">Merci de nous accompagner dans notre p\u00e9riple,<br><\/span><span style=\"font-weight: 400;\">L&rsquo;\u00e9quipe du Caramel color\u00e9<\/span><\/p>\t\t\t\t\t\t\t\t<\/div>\n\t\t\t\t<\/div>\n\t\t\t\t\t<\/div>\n\t\t<\/div>\n\t\t\t\t<div class=\"elementor-column elementor-col-50 elementor-inner-column elementor-element elementor-element-5be30be\" data-id=\"5be30be\" data-element_type=\"column\">\n\t\t\t<div class=\"elementor-widget-wrap elementor-element-populated\">\n\t\t\t\t\t\t<div class=\"elementor-element elementor-element-7bb429d elementor-widget elementor-widget-image\" data-id=\"7bb429d\" data-element_type=\"widget\" data-widget_type=\"image.default\">\n\t\t\t\t<div class=\"elementor-widget-container\">\n\t\t\t\t\t\t\t\t\t\t\t\t\t\t\t<img fetchpriority=\"high\" decoding=\"async\" width=\"400\" height=\"400\" src=\"https:\/\/www.coloredcaramel.com\/wp-content\/uploads\/2022\/05\/Untitled-design-13.png\" class=\"attachment-full size-full wp-image-18473\" alt=\"\" srcset=\"https:\/\/www.coloredcaramel.com\/wp-content\/uploads\/2022\/05\/Untitled-design-13.png 400w, https:\/\/www.coloredcaramel.com\/wp-content\/uploads\/2022\/05\/Untitled-design-13-300x300.png 300w, https:\/\/www.coloredcaramel.com\/wp-content\/uploads\/2022\/05\/Untitled-design-13-100x100.png 100w, https:\/\/www.coloredcaramel.com\/wp-content\/uploads\/2022\/05\/Untitled-design-13-150x150.png 150w\" sizes=\"(max-width: 400px) 100vw, 400px\" \/>\t\t\t\t\t\t\t\t\t\t\t\t\t\t\t<\/div>\n\t\t\t\t<\/div>\n\t\t\t\t\t<\/div>\n\t\t<\/div>\n\t\t\t\t\t<\/div>\n\t\t<\/section>\n\t\t\t\t\t<\/div>\n\t\t<\/div>\n\t\t\t\t\t<\/div>\n\t\t<\/section>\n\t\t\t\t<section class=\"elementor-section elementor-top-section elementor-element elementor-element-6bd2c2a elementor-section-boxed elementor-section-height-default elementor-section-height-default\" data-id=\"6bd2c2a\" data-element_type=\"section\" data-settings=\"{&quot;background_background&quot;:&quot;classic&quot;}\">\n\t\t\t\t\t\t<div class=\"elementor-container elementor-column-gap-no\">\n\t\t\t\t\t<div class=\"elementor-column elementor-col-100 elementor-top-column elementor-element elementor-element-8fd2328\" data-id=\"8fd2328\" data-element_type=\"column\">\n\t\t\t<div class=\"elementor-widget-wrap elementor-element-populated\">\n\t\t\t\t\t\t<div class=\"elementor-element elementor-element-c07693f elementor-widget elementor-widget-heading\" data-id=\"c07693f\" data-element_type=\"widget\" data-widget_type=\"heading.default\">\n\t\t\t\t<div class=\"elementor-widget-container\">\n\t\t\t\t\t<h2 class=\"elementor-heading-title elementor-size-default\">ce que tu trouveras sur notre site web<\/h2>\t\t\t\t<\/div>\n\t\t\t\t<\/div>\n\t\t\t\t<section class=\"elementor-section elementor-inner-section elementor-element elementor-element-2d30980 elementor-section-boxed elementor-section-height-default elementor-section-height-default\" data-id=\"2d30980\" data-element_type=\"section\">\n\t\t\t\t\t\t<div class=\"elementor-container elementor-column-gap-no\">\n\t\t\t\t\t<div class=\"elementor-column elementor-col-33 elementor-inner-column elementor-element elementor-element-7897f4f\" data-id=\"7897f4f\" data-element_type=\"column\" data-settings=\"{&quot;background_background&quot;:&quot;classic&quot;}\">\n\t\t\t<div class=\"elementor-widget-wrap elementor-element-populated\">\n\t\t\t\t\t\t<div class=\"elementor-element elementor-element-654da96 elementor-widget-divider--view-line elementor-widget elementor-widget-divider\" data-id=\"654da96\" data-element_type=\"widget\" data-widget_type=\"divider.default\">\n\t\t\t\t<div class=\"elementor-widget-container\">\n\t\t\t\t\t\t\t<div class=\"elementor-divider\">\n\t\t\t<span class=\"elementor-divider-separator\">\n\t\t\t\t\t\t<\/span>\n\t\t<\/div>\n\t\t\t\t\t\t<\/div>\n\t\t\t\t<\/div>\n\t\t\t\t<div class=\"elementor-element elementor-element-acd6c2b elementor-widget elementor-widget-heading\" data-id=\"acd6c2b\" data-element_type=\"widget\" data-widget_type=\"heading.default\">\n\t\t\t\t<div class=\"elementor-widget-container\">\n\t\t\t\t\t<h4 class=\"elementor-heading-title elementor-size-default\">Toute la collection de nos livres de coloriage que nous enrichissons sans cesse.<\/h4>\t\t\t\t<\/div>\n\t\t\t\t<\/div>\n\t\t\t\t\t<\/div>\n\t\t<\/div>\n\t\t\t\t<div class=\"elementor-column elementor-col-33 elementor-inner-column elementor-element elementor-element-85cb3b8\" data-id=\"85cb3b8\" data-element_type=\"column\" data-settings=\"{&quot;background_background&quot;:&quot;classic&quot;}\">\n\t\t\t<div class=\"elementor-widget-wrap elementor-element-populated\">\n\t\t\t\t\t\t<div class=\"elementor-element elementor-element-1243c3b elementor-widget-divider--view-line elementor-widget elementor-widget-divider\" data-id=\"1243c3b\" data-element_type=\"widget\" data-widget_type=\"divider.default\">\n\t\t\t\t<div class=\"elementor-widget-container\">\n\t\t\t\t\t\t\t<div class=\"elementor-divider\">\n\t\t\t<span class=\"elementor-divider-separator\">\n\t\t\t\t\t\t<\/span>\n\t\t<\/div>\n\t\t\t\t\t\t<\/div>\n\t\t\t\t<\/div>\n\t\t\t\t<div class=\"elementor-element elementor-element-4e1f23c elementor-widget elementor-widget-heading\" data-id=\"4e1f23c\" data-element_type=\"widget\" data-widget_type=\"heading.default\">\n\t\t\t\t<div class=\"elementor-widget-container\">\n\t\t\t\t\t<h4 class=\"elementor-heading-title elementor-size-default\">T\u00e9moignages et vid\u00e9os \u00e0 feuilleter de nos fans et collaborateurs.<\/h4>\t\t\t\t<\/div>\n\t\t\t\t<\/div>\n\t\t\t\t\t<\/div>\n\t\t<\/div>\n\t\t\t\t<div class=\"elementor-column elementor-col-33 elementor-inner-column elementor-element elementor-element-a52abee\" data-id=\"a52abee\" data-element_type=\"column\" data-settings=\"{&quot;background_background&quot;:&quot;classic&quot;}\">\n\t\t\t<div class=\"elementor-widget-wrap elementor-element-populated\">\n\t\t\t\t\t\t<div class=\"elementor-element elementor-element-6b04e21 elementor-widget-divider--view-line elementor-widget elementor-widget-divider\" data-id=\"6b04e21\" data-element_type=\"widget\" data-widget_type=\"divider.default\">\n\t\t\t\t<div class=\"elementor-widget-container\">\n\t\t\t\t\t\t\t<div class=\"elementor-divider\">\n\t\t\t<span class=\"elementor-divider-separator\">\n\t\t\t\t\t\t<\/span>\n\t\t<\/div>\n\t\t\t\t\t\t<\/div>\n\t\t\t\t<\/div>\n\t\t\t\t<div class=\"elementor-element elementor-element-c44f5cf elementor-widget elementor-widget-heading\" data-id=\"c44f5cf\" data-element_type=\"widget\" data-widget_type=\"heading.default\">\n\t\t\t\t<div class=\"elementor-widget-container\">\n\t\t\t\t\t<h4 class=\"elementor-heading-title elementor-size-default\">Liens vers toutes les places de march\u00e9 o\u00f9 tu peux te procurer ton livre de coloriage Colored Caramel pr\u00e9f\u00e9r\u00e9.<\/h4>\t\t\t\t<\/div>\n\t\t\t\t<\/div>\n\t\t\t\t\t<\/div>\n\t\t<\/div>\n\t\t\t\t\t<\/div>\n\t\t<\/section>\n\t\t\t\t\t<\/div>\n\t\t<\/div>\n\t\t\t\t\t<\/div>\n\t\t<\/section>\n\t\t\t\t<\/div>\n\t\t","protected":false},"excerpt":{"rendered":"<p>\u00c0 propos de nous \u00c0 propos du caramel color\u00e9 Colored Caramel est une maison d&rsquo;\u00e9dition anim\u00e9e par une petite \u00e9quipe dynamique de cr\u00e9ateurs et d&rsquo;artistes. Nous mettons toute notre \u00e9nergie \u00e0 cr\u00e9er des livres (de coloriage) uniques. &nbsp; Nos livres couvrent diff\u00e9rents styles &#8211; du kawaii super doux au gothique pastel mignon et effrayant, en<\/p>\n<div class=\"klb-readmore button\"><a class=\"btn link\" href=\"https:\/\/www.coloredcaramel.com\/fr\/a-propos-de\/\">Read More <i class=\"klbth-icon-right-arrow\"><\/i><\/a><\/div>\n","protected":false},"author":2,"featured_media":0,"parent":0,"menu_order":0,"comment_status":"closed","ping_status":"closed","template":"","meta":{"_acf_changed":false,"_glsr_average":0,"_glsr_ranking":0,"_glsr_reviews":0,"footnotes":""},"class_list":["post-18470","page","type-page","status-publish","hentry"],"acf":[],"_links":{"self":[{"href":"https:\/\/www.coloredcaramel.com\/fr\/wp-json\/wp\/v2\/pages\/18470","targetHints":{"allow":["GET"]}}],"collection":[{"href":"https:\/\/www.coloredcaramel.com\/fr\/wp-json\/wp\/v2\/pages"}],"about":[{"href":"https:\/\/www.coloredcaramel.com\/fr\/wp-json\/wp\/v2\/types\/page"}],"author":[{"embeddable":true,"href":"https:\/\/www.coloredcaramel.com\/fr\/wp-json\/wp\/v2\/users\/2"}],"replies":[{"embeddable":true,"href":"https:\/\/www.coloredcaramel.com\/fr\/wp-json\/wp\/v2\/comments?post=18470"}],"version-history":[{"count":3,"href":"https:\/\/www.coloredcaramel.com\/fr\/wp-json\/wp\/v2\/pages\/18470\/revisions"}],"predecessor-version":[{"id":18489,"href":"https:\/\/www.coloredcaramel.com\/fr\/wp-json\/wp\/v2\/pages\/18470\/revisions\/18489"}],"wp:attachment":[{"href":"https:\/\/www.coloredcaramel.com\/fr\/wp-json\/wp\/v2\/media?parent=18470"}],"curies":[{"name":"wp","href":"https:\/\/api.w.org\/{rel}","templated":true}]}}