{"id":18032,"date":"2022-04-03T07:48:26","date_gmt":"2022-04-03T07:48:26","guid":{"rendered":"https:\/\/www.coloredcaramel.com\/politique-de-confidentialite\/"},"modified":"2026-02-04T17:33:29","modified_gmt":"2026-02-04T17:33:29","slug":"politique-de-confidentialite","status":"publish","type":"page","link":"https:\/\/www.coloredcaramel.com\/fr\/politique-de-confidentialite\/","title":{"rendered":"Politique de confidentialit\u00e9"},"content":{"rendered":"\n<p>Colored Caramel (une sous-entreprise de Manfred Limited) Politique de confidentialit\u00e9<\/p>\n\n<p>Cette politique de confidentialit\u00e9 d\u00e9crit comment tes informations personnelles sont collect\u00e9es, utilis\u00e9es et partag\u00e9es lorsque tu visites ou effectues un achat sur https:\/\/www.coloredcaramel.com\/ (le \u00ab\u00a0Site\u00a0\u00bb).<\/p>\n\n<p>RENSEIGNEMENTS PERSONNELS QUE NOUS RECUEILLONS<\/p>\n\n<p>Lorsque tu visites le site, nous recueillons automatiquement certaines informations sur ton appareil, y compris des informations sur ton navigateur Web, ton adresse IP, ton fuseau horaire et certains des cookies qui sont install\u00e9s sur ton appareil. De plus, lorsque tu navigues sur le site, nous recueillons des informations sur les pages Web individuelles ou les produits que tu consultes, les sites Web ou les termes de recherche qui t&rsquo;ont dirig\u00e9 vers le site, et des informations sur la fa\u00e7on dont tu interagis avec le site. Nous d\u00e9signons ces informations collect\u00e9es automatiquement par le terme \u00ab\u00a0informations sur l&rsquo;appareil\u00a0\u00bb.<\/p>\n\n<p>Nous recueillons des informations sur les appareils \u00e0 l&rsquo;aide des technologies suivantes :<\/p>\n\n<pre class=\"wp-block-code\"><code>- \u201cCookies\u201d are data files that are placed on your device or computer and often include an anonymous unique identifier. For more information about cookies, and how to disable cookies, visit http:\/\/www.allaboutcookies.org.\n- \u201cLog files\u201d track actions occurring on the Site, and collect data including your IP address, browser type, Internet service provider, referring\/exit pages, and date\/time stamps.\n- \u201cWeb beacons,\u201d \u201ctags,\u201d and \u201cpixels\u201d are electronic files used to record information about how you browse the Site.\n<\/code><\/pre>\n\n<p>De plus, lorsque tu fais un achat ou que tu tentes de faire un achat sur le site, nous recueillons certaines informations aupr\u00e8s de toi, notamment ton nom, ton adresse de facturation, ton adresse de livraison, tes informations de paiement (y compris les num\u00e9ros de carte de cr\u00e9dit, ton adresse \u00e9lectronique et ton num\u00e9ro de t\u00e9l\u00e9phone. Nous d\u00e9signons ces informations par le terme \u00ab\u00a0informations sur la commande\u00a0\u00bb.<\/p>\n\n<p><\/p>\n\n<p>Lorsque nous parlons de \u00a0\u00bb renseignements personnels \u00a0\u00bb dans la pr\u00e9sente politique de confidentialit\u00e9, nous parlons \u00e0 la fois des renseignements sur l&rsquo;appareil et des renseignements sur la commande.<\/p>\n\n<p>COMMENT UTILISONS-NOUS TES INFORMATIONS PERSONNELLES ?<\/p>\n\n<p>Nous utilisons les informations sur les commandes que nous recueillons g\u00e9n\u00e9ralement pour honorer toute commande pass\u00e9e sur le site (y compris le traitement de tes informations de paiement, l&rsquo;organisation de l&rsquo;exp\u00e9dition et la fourniture de factures et\/ou de confirmations de commande). En outre, nous utilisons ces informations sur les commandes pour :<br\/>Communiquer avec toi ;<br\/>Examiner nos commandes pour d\u00e9tecter les risques potentiels ou les fraudes ; et<br\/>Lorsque cela correspond aux pr\u00e9f\u00e9rences que tu as partag\u00e9es avec nous, te fournir des informations ou de la publicit\u00e9 relatives \u00e0 nos produits ou \u00e0 nos services.<br\/><br\/>Nous utilisons les informations sur l&rsquo;appareil que nous recueillons pour nous aider \u00e0 d\u00e9pister les risques et les fraudes potentiels (en particulier, ton adresse IP), et plus g\u00e9n\u00e9ralement pour am\u00e9liorer et optimiser notre site (par exemple, en g\u00e9n\u00e9rant des analyses sur la fa\u00e7on dont nos clients naviguent et interagissent avec le site, et pour \u00e9valuer le succ\u00e8s de nos campagnes de marketing et de publicit\u00e9).<br\/><\/p>\n\n<p>Nous partageons tes renseignements personnels avec des tiers pour nous aider \u00e0 les utiliser, comme d\u00e9crit ci-dessus. Nous utilisons Google Analytics pour nous aider \u00e0 comprendre comment nos clients utilisent le Site &#8211; tu peux en savoir plus sur la fa\u00e7on dont Google utilise tes informations personnelles ici : https:\/\/www.google.com\/intl\/en\/policies\/privacy\/. Tu peux \u00e9galement te d\u00e9sinscrire de Google Analytics ici : https:\/\/tools.google.com\/dlpage\/gaoptout.<\/p>\n\n<p>Enfin, nous pouvons \u00e9galement partager tes renseignements personnels pour nous conformer aux lois et r\u00e8glements applicables, pour r\u00e9pondre \u00e0 une citation \u00e0 compara\u00eetre, \u00e0 un mandat de perquisition ou \u00e0 toute autre demande l\u00e9gale d&rsquo;information que nous recevons, ou pour prot\u00e9ger nos droits d&rsquo;une autre mani\u00e8re.<br\/><br\/>Comme d\u00e9crit ci-dessus, nous utilisons tes informations personnelles pour te fournir des publicit\u00e9s cibl\u00e9es ou des communications marketing que nous pensons susceptibles de t&rsquo;int\u00e9resser. Pour plus d&rsquo;informations sur le fonctionnement de la publicit\u00e9 cibl\u00e9e, tu peux consulter la page \u00e9ducative de la Network Advertising Initiative (\u00ab\u00a0NAI\u00a0\u00bb) \u00e0 l&rsquo;adresse http:\/\/www.networkadvertising.org\/understanding-online-advertising\/how-does-it-work.<\/p>\n\n<p>Tu peux refuser la publicit\u00e9 cibl\u00e9e en :<br\/><br\/>FACEBOOK &#8211; https:\/\/www.facebook.com\/settings\/?tab=ads<br\/>GOOGLE &#8211; https:\/\/www.google.com\/settings\/ads\/anonymous<br\/>BING &#8211; https:\/\/advertise.bingads.microsoft.com\/en-us\/resources\/policies\/personalized-ads<br\/><br\/>En outre, tu peux refuser certains de ces services en visitant le portail de retrait de la Digital Advertising Alliance \u00e0 l&rsquo;adresse suivante : http:\/\/optout.aboutads.info\/.<\/p>\n\n<p>DO NOT TRACK<br\/>Sache que nous ne modifions pas les pratiques de collecte et d&rsquo;utilisation des donn\u00e9es de notre site lorsque nous voyons un signal Do Not Track provenant de ton navigateur.<\/p>\n\n<p><\/p>\n\n<p>TES DROITS<br\/>Si tu es un r\u00e9sident europ\u00e9en, tu as le droit d&rsquo;acc\u00e9der aux informations personnelles que nous d\u00e9tenons \u00e0 ton sujet et de demander que tes informations personnelles soient corrig\u00e9es, mises \u00e0 jour ou supprim\u00e9es. Si tu souhaites exercer ce droit, contacte-nous aux coordonn\u00e9es ci-dessous.<br\/>De plus, si tu es un r\u00e9sident europ\u00e9en, nous notons que nous traitons tes informations afin d&rsquo;ex\u00e9cuter les contrats que nous pourrions avoir avec toi (par exemple si tu passes une commande par le biais du site), ou autrement pour poursuivre nos int\u00e9r\u00eats commerciaux l\u00e9gitimes \u00e9num\u00e9r\u00e9s ci-dessus. En outre, tu dois savoir que tes informations seront transf\u00e9r\u00e9es en dehors de l&rsquo;Europe, y compris au Canada et aux \u00c9tats-Unis.<\/p>\n\n<p>CONSERVATION DES DONN\u00c9ES<br\/>Lorsque tu passes une commande sur le site, nous conserverons tes informations de commande dans nos dossiers, sauf si et jusqu&rsquo;\u00e0 ce que tu nous demandes de supprimer ces informations.<\/p>\n\n<p><\/p>\n\n<p>MODIFICATIONS<br\/>Nous pouvons mettre \u00e0 jour cette politique de confidentialit\u00e9 de temps \u00e0 autre afin de refl\u00e9ter, par exemple, les changements apport\u00e9s \u00e0 nos pratiques ou pour d&rsquo;autres raisons op\u00e9rationnelles, juridiques ou r\u00e9glementaires.<br\/>NOUS CONTACTER<br\/>Pour plus d&rsquo;informations sur nos pratiques en mati\u00e8re de confidentialit\u00e9, si tu as des questions ou si tu souhaites d\u00e9poser une plainte, contacte-nous par e-mail \u00e0 l&rsquo;adresse support@coloredcaramel.com ou par courrier en utilisant les coordonn\u00e9es fournies ci-dessous :<br\/><\/p>\n\n<p>Room 1405, 14\/F.,<br\/>135 Bonham Strand Trade Centre,<br\/>135 Bonham Strand,<br\/>Sheung Wan,<br\/>Hong Kong<\/p>\n\n<p><br\/><\/p>\n\n<p><\/p>\n","protected":false},"excerpt":{"rendered":"<p>Colored Caramel (une sous-entreprise de Manfred Limited) Politique de confidentialit\u00e9 Cette politique de confidentialit\u00e9 d\u00e9crit comment tes informations personnelles sont collect\u00e9es, utilis\u00e9es et partag\u00e9es lorsque tu visites ou effectues un achat sur https:\/\/www.coloredcaramel.com\/ (le \u00ab\u00a0Site\u00a0\u00bb). RENSEIGNEMENTS PERSONNELS QUE NOUS RECUEILLONS Lorsque tu visites le site, nous recueillons automatiquement certaines informations sur ton appareil, y compris<\/p>\n<div class=\"klb-readmore button\"><a class=\"btn link\" href=\"https:\/\/www.coloredcaramel.com\/fr\/politique-de-confidentialite\/\">Read More <i class=\"klbth-icon-right-arrow\"><\/i><\/a><\/div>\n","protected":false},"author":1,"featured_media":0,"parent":0,"menu_order":0,"comment_status":"closed","ping_status":"open","template":"","meta":{"_acf_changed":false,"_glsr_average":0,"_glsr_ranking":0,"_glsr_reviews":0,"footnotes":""},"class_list":["post-18032","page","type-page","status-publish","hentry"],"acf":[],"_links":{"self":[{"href":"https:\/\/www.coloredcaramel.com\/fr\/wp-json\/wp\/v2\/pages\/18032","targetHints":{"allow":["GET"]}}],"collection":[{"href":"https:\/\/www.coloredcaramel.com\/fr\/wp-json\/wp\/v2\/pages"}],"about":[{"href":"https:\/\/www.coloredcaramel.com\/fr\/wp-json\/wp\/v2\/types\/page"}],"author":[{"embeddable":true,"href":"https:\/\/www.coloredcaramel.com\/fr\/wp-json\/wp\/v2\/users\/1"}],"replies":[{"embeddable":true,"href":"https:\/\/www.coloredcaramel.com\/fr\/wp-json\/wp\/v2\/comments?post=18032"}],"version-history":[{"count":3,"href":"https:\/\/www.coloredcaramel.com\/fr\/wp-json\/wp\/v2\/pages\/18032\/revisions"}],"predecessor-version":[{"id":18045,"href":"https:\/\/www.coloredcaramel.com\/fr\/wp-json\/wp\/v2\/pages\/18032\/revisions\/18045"}],"wp:attachment":[{"href":"https:\/\/www.coloredcaramel.com\/fr\/wp-json\/wp\/v2\/media?parent=18032"}],"curies":[{"name":"wp","href":"https:\/\/api.w.org\/{rel}","templated":true}]}}