{"id":17385,"date":"2022-05-31T16:44:14","date_gmt":"2022-05-31T16:44:14","guid":{"rendered":"https:\/\/www.coloredcaramel.com\/panier\/"},"modified":"2025-11-29T19:25:52","modified_gmt":"2025-11-29T19:25:52","slug":"panier","status":"publish","type":"page","link":"https:\/\/www.coloredcaramel.com\/fr\/panier\/","title":{"rendered":"Panier"},"content":{"rendered":"<div data-block-name=\"woocommerce\/cart\" class='oc5_shortcode_gift'><\/div>\n<div class=\"wp-block-woocommerce-cart alignwide is-loading\">\n<div data-block-name=\"woocommerce\/filled-cart-block\" class=\"wp-block-woocommerce-filled-cart-block\">\n<div data-block-name=\"woocommerce\/cart-items-block\" class=\"wp-block-woocommerce-cart-items-block\">\n<div data-block-name=\"woocommerce\/cart-line-items-block\" class=\"wp-block-woocommerce-cart-line-items-block\"><\/div>\n\n\n<\/div>\n\n\n\n\n<div data-block-name=\"woocommerce\/cart-totals-block\" class=\"wp-block-woocommerce-cart-totals-block\">\n<div data-block-name=\"woocommerce\/cart-order-summary-block\" class=\"wp-block-woocommerce-cart-order-summary-block\">\n<div data-block-name=\"woocommerce\/cart-order-summary-heading-block\" class=\"wp-block-woocommerce-cart-order-summary-heading-block\"><\/div><div data-block-name=\"woocommerce\/cart-order-summary-coupon-form-block\" class=\"wp-block-woocommerce-cart-order-summary-coupon-form-block\"><\/div><div data-block-name=\"woocommerce\/cart-order-summary-totals-block\" class=\"wp-block-woocommerce-cart-order-summary-totals-block\">\n<div data-block-name=\"woocommerce\/cart-order-summary-subtotal-block\" class=\"wp-block-woocommerce-cart-order-summary-subtotal-block\"><\/div>\n<div data-block-name=\"woocommerce\/cart-order-summary-discount-block\" class=\"wp-block-woocommerce-cart-order-summary-discount-block\"><\/div>\n<div data-block-name=\"woocommerce\/cart-order-summary-fee-block\" class=\"wp-block-woocommerce-cart-order-summary-fee-block\"><\/div>\n<div data-block-name=\"woocommerce\/cart-order-summary-shipping-block\" class=\"wp-block-woocommerce-cart-order-summary-shipping-block\"><\/div>\n<div data-block-name=\"woocommerce\/cart-order-summary-taxes-block\" class=\"wp-block-woocommerce-cart-order-summary-taxes-block\"><\/div><\/div>\n<\/div>\n\n\n\n<div data-block-name=\"woocommerce\/cart-express-payment-block\" class=\"wp-block-woocommerce-cart-express-payment-block\"><\/div>\n\n\n\n<div data-block-name=\"woocommerce\/proceed-to-checkout-block\" class=\"wp-block-woocommerce-proceed-to-checkout-block\"><\/div>\n\n\n\n<div data-block-name=\"woocommerce\/cart-accepted-payment-methods-block\" class=\"wp-block-woocommerce-cart-accepted-payment-methods-block\"><\/div>\n<\/div>\n<\/div>\n\n\n\n<div data-block-name=\"woocommerce\/empty-cart-block\" class=\"wp-block-woocommerce-empty-cart-block\">\n<h2 class=\"wp-block-heading has-text-align-center with-empty-cart-icon wc-block-cart__empty-cart__title\">Votre panier est actuellement vide\u00a0!<\/h2>\n\n\n\n<hr class=\"wp-block-separator has-alpha-channel-opacity is-style-dots\"\/>\n\n\n\n<h2 class=\"wp-block-heading has-text-align-center\">Nouveau dans la boutique<\/h2>\n\n\n<div data-block-name=\"woocommerce\/product-new\" data-columns=\"4\" data-rows=\"1\" class=\"wc-block-grid wp-block-product-new wp-block-woocommerce-product-new wc-block-product-new has-4-columns\"><ul class=\"wc-block-grid__products\"><li class=\"wc-block-grid__product\">\n\t\t\t\t<a href=\"https:\/\/www.coloredcaramel.com\/fr\/produit\/maladroit-et-mignon-livre-de-coloriage-drole-et-douillet-relaxation-desordonnee-pour-les-adultes-et-les-adolescents\/\" class=\"wc-block-grid__product-link\">\n\t\t\t\t\t\n\t\t\t\t\t<div class=\"wc-block-grid__product-image\"><img fetchpriority=\"high\" decoding=\"async\" width=\"300\" height=\"300\" src=\"https:\/\/www.coloredcaramel.com\/wp-content\/uploads\/2026\/03\/funny-cozy-coloring-book-300x300.jpg\" class=\"attachment-woocommerce_thumbnail size-woocommerce_thumbnail\" alt=\"Maladroit et mignon : Livre de coloriage dr\u00f4le et douillet - Relaxation d\u00e9sordonn\u00e9e pour les adultes et les adolescents.\" srcset=\"https:\/\/www.coloredcaramel.com\/wp-content\/uploads\/2026\/03\/funny-cozy-coloring-book-300x300.jpg 300w, https:\/\/www.coloredcaramel.com\/wp-content\/uploads\/2026\/03\/funny-cozy-coloring-book-150x150.jpg 150w, https:\/\/www.coloredcaramel.com\/wp-content\/uploads\/2026\/03\/funny-cozy-coloring-book-450x450.jpg 450w\" sizes=\"(max-width: 300px) 100vw, 300px\" \/><\/div>\n\t\t\t\t\t<div class=\"wc-block-grid__product-title\">Maladroit et mignon : Livre de coloriage dr\u00f4le et douillet &#8211; Relaxation d\u00e9sordonn\u00e9e pour les adultes et les adolescents.<\/div>\n\t\t\t\t<\/a>\n\t\t\t\t<div class=\"wc-block-grid__product-price price\"><span class=\"woocommerce-Price-amount amount\" aria-hidden=\"true\">7.99&nbsp;<span class=\"woocommerce-Price-currencySymbol\">&#036;<\/span><\/span> <span aria-hidden=\"true\">\u00a0\u2013\u00a0<\/span> <span class=\"woocommerce-Price-amount amount\" aria-hidden=\"true\">9.99&nbsp;<span class=\"woocommerce-Price-currencySymbol\">&#036;<\/span><\/span><span class=\"screen-reader-text\">Plage de prix\u00a0: 7.99&nbsp;&#036; \u00e0 9.99&nbsp;&#036;<\/span><\/div>\n\t\t\t\t\n\t\t\t\t<div class=\"wp-block-button wc-block-grid__product-add-to-cart\"><a href=\"https:\/\/www.coloredcaramel.com\/fr\/produit\/maladroit-et-mignon-livre-de-coloriage-drole-et-douillet-relaxation-desordonnee-pour-les-adultes-et-les-adolescents\/\" aria-label=\"S\u00e9lectionner les options pour &ldquo;Maladroit et mignon : Livre de coloriage dr\u00f4le et douillet - Relaxation d\u00e9sordonn\u00e9e pour les adultes et les adolescents.&rdquo;\" data-quantity=\"1\" data-product_id=\"30057\" data-product_sku=\"\" data-price=\"7.99\" rel=\"nofollow\" class=\"wp-block-button__link  add_to_cart_button\">Choix des options<\/a><\/div>\n\t\t\t<\/li><li class=\"wc-block-grid__product\">\n\t\t\t\t<a href=\"https:\/\/www.coloredcaramel.com\/fr\/produit\/pretty-cozy-livre-de-coloriage-hygge-relaxation-confortable-pour-les-adultes-et-les-adolescents\/\" class=\"wc-block-grid__product-link\">\n\t\t\t\t\t\n\t\t\t\t\t<div class=\"wc-block-grid__product-image\"><img decoding=\"async\" width=\"300\" height=\"300\" src=\"https:\/\/www.coloredcaramel.com\/wp-content\/uploads\/2026\/02\/cute-and-comfy-coloring-book-300x300.jpg\" class=\"attachment-woocommerce_thumbnail size-woocommerce_thumbnail\" alt=\"livre de coloriage hygge mignon\" srcset=\"https:\/\/www.coloredcaramel.com\/wp-content\/uploads\/2026\/02\/cute-and-comfy-coloring-book-300x300.jpg 300w, https:\/\/www.coloredcaramel.com\/wp-content\/uploads\/2026\/02\/cute-and-comfy-coloring-book-150x150.jpg 150w, https:\/\/www.coloredcaramel.com\/wp-content\/uploads\/2026\/02\/cute-and-comfy-coloring-book-450x450.jpg 450w\" sizes=\"(max-width: 300px) 100vw, 300px\" \/><\/div>\n\t\t\t\t\t<div class=\"wc-block-grid__product-title\">Pretty Cozy : Livre de coloriage Hygge &#8211; Relaxation confortable pour les adultes et les adolescents<\/div>\n\t\t\t\t<\/a>\n\t\t\t\t<div class=\"wc-block-grid__product-price price\"><span class=\"woocommerce-Price-amount amount\" aria-hidden=\"true\">7.99&nbsp;<span class=\"woocommerce-Price-currencySymbol\">&#036;<\/span><\/span> <span aria-hidden=\"true\">\u00a0\u2013\u00a0<\/span> <span class=\"woocommerce-Price-amount amount\" aria-hidden=\"true\">9.99&nbsp;<span class=\"woocommerce-Price-currencySymbol\">&#036;<\/span><\/span><span class=\"screen-reader-text\">Plage de prix\u00a0: 7.99&nbsp;&#036; \u00e0 9.99&nbsp;&#036;<\/span><\/div>\n\t\t\t\t\n\t\t\t\t<div class=\"wp-block-button wc-block-grid__product-add-to-cart\"><a href=\"https:\/\/www.coloredcaramel.com\/fr\/produit\/pretty-cozy-livre-de-coloriage-hygge-relaxation-confortable-pour-les-adultes-et-les-adolescents\/\" aria-label=\"S\u00e9lectionner les options pour &ldquo;Pretty Cozy : Livre de coloriage Hygge - Relaxation confortable pour les adultes et les adolescents&rdquo;\" data-quantity=\"1\" data-product_id=\"29395\" data-product_sku=\"\" data-price=\"7.99\" rel=\"nofollow\" class=\"wp-block-button__link  add_to_cart_button\">Choix des options<\/a><\/div>\n\t\t\t<\/li><li class=\"wc-block-grid__product\">\n\t\t\t\t<a href=\"https:\/\/www.coloredcaramel.com\/fr\/produit\/pages-a-colorier-kawaii-de-la-saint-valentin-illustrations-amusantes-et-mignonnes-dessinees-a-la-main\/\" class=\"wc-block-grid__product-link\">\n\t\t\t\t\t\n\t\t\t\t\t<div class=\"wc-block-grid__product-image\"><img decoding=\"async\" width=\"300\" height=\"300\" src=\"https:\/\/www.coloredcaramel.com\/wp-content\/uploads\/2026\/01\/Valentines-day-coloring-pages-2-300x300.jpg\" class=\"attachment-woocommerce_thumbnail size-woocommerce_thumbnail\" alt=\"Pages \u00e0 colorier kawaii pour la Saint-Valentin\" srcset=\"https:\/\/www.coloredcaramel.com\/wp-content\/uploads\/2026\/01\/Valentines-day-coloring-pages-2-300x300.jpg 300w, https:\/\/www.coloredcaramel.com\/wp-content\/uploads\/2026\/01\/Valentines-day-coloring-pages-2-150x150.jpg 150w, https:\/\/www.coloredcaramel.com\/wp-content\/uploads\/2026\/01\/Valentines-day-coloring-pages-2-450x450.jpg 450w\" sizes=\"(max-width: 300px) 100vw, 300px\" \/><\/div>\n\t\t\t\t\t<div class=\"wc-block-grid__product-title\">Pages \u00e0 colorier Kawaii de la Saint-Valentin &#8211; Illustrations amusantes et mignonnes dessin\u00e9es \u00e0 la main<\/div>\n\t\t\t\t<\/a>\n\t\t\t\t<div class=\"wc-block-grid__product-price price\"><span class=\"woocommerce-Price-amount amount\" aria-hidden=\"true\">5.99&nbsp;<span class=\"woocommerce-Price-currencySymbol\">&#036;<\/span><\/span> <span aria-hidden=\"true\">\u00a0\u2013\u00a0<\/span> <span class=\"woocommerce-Price-amount amount\" aria-hidden=\"true\">7.99&nbsp;<span class=\"woocommerce-Price-currencySymbol\">&#036;<\/span><\/span><span class=\"screen-reader-text\">Plage de prix\u00a0: 5.99&nbsp;&#036; \u00e0 7.99&nbsp;&#036;<\/span><\/div>\n\t\t\t\t\n\t\t\t\t<div class=\"wp-block-button wc-block-grid__product-add-to-cart\"><a href=\"https:\/\/www.coloredcaramel.com\/fr\/produit\/pages-a-colorier-kawaii-de-la-saint-valentin-illustrations-amusantes-et-mignonnes-dessinees-a-la-main\/\" aria-label=\"S\u00e9lectionner les options pour &ldquo;Pages \u00e0 colorier Kawaii de la Saint-Valentin - Illustrations amusantes et mignonnes dessin\u00e9es \u00e0 la main&rdquo;\" data-quantity=\"1\" data-product_id=\"27402\" data-product_sku=\"\" data-price=\"5.99\" rel=\"nofollow\" class=\"wp-block-button__link  add_to_cart_button\">Choix des options<\/a><\/div>\n\t\t\t<\/li><li class=\"wc-block-grid__product\">\n\t\t\t\t<a href=\"https:\/\/www.coloredcaramel.com\/fr\/produit\/pages-a-colorier-de-la-saint-valentin-cozy-love-avec-dadorables-illustrations-douces-dessinees-a-la-main\/\" class=\"wc-block-grid__product-link\">\n\t\t\t\t\t\n\t\t\t\t\t<div class=\"wc-block-grid__product-image\"><img loading=\"lazy\" decoding=\"async\" width=\"300\" height=\"300\" src=\"https:\/\/www.coloredcaramel.com\/wp-content\/uploads\/2026\/01\/Valentines-day-coloring-pages-1-300x300.jpg\" class=\"attachment-woocommerce_thumbnail size-woocommerce_thumbnail\" alt=\"Pages \u00e0 colorier pour la Saint-Valentin\" srcset=\"https:\/\/www.coloredcaramel.com\/wp-content\/uploads\/2026\/01\/Valentines-day-coloring-pages-1-300x300.jpg 300w, https:\/\/www.coloredcaramel.com\/wp-content\/uploads\/2026\/01\/Valentines-day-coloring-pages-1-150x150.jpg 150w, https:\/\/www.coloredcaramel.com\/wp-content\/uploads\/2026\/01\/Valentines-day-coloring-pages-1-450x450.jpg 450w\" sizes=\"(max-width: 300px) 100vw, 300px\" \/><\/div>\n\t\t\t\t\t<div class=\"wc-block-grid__product-title\">Pages \u00e0 colorier de la Saint-Valentin Cozy Love avec d&rsquo;adorables illustrations douces dessin\u00e9es \u00e0 la main<\/div>\n\t\t\t\t<\/a>\n\t\t\t\t<div class=\"wc-block-grid__product-price price\"><span class=\"woocommerce-Price-amount amount\">2.95&nbsp;<span class=\"woocommerce-Price-currencySymbol\">&#036;<\/span><\/span><\/div>\n\t\t\t\t\n\t\t\t\t<div class=\"wp-block-button wc-block-grid__product-add-to-cart\"><a href=\"https:\/\/www.coloredcaramel.com\/fr\/produit\/pages-a-colorier-de-la-saint-valentin-cozy-love-avec-dadorables-illustrations-douces-dessinees-a-la-main\/\" aria-label=\"S\u00e9lectionner les options pour &ldquo;Pages \u00e0 colorier de la Saint-Valentin Cozy Love avec d&#039;adorables illustrations douces dessin\u00e9es \u00e0 la main&rdquo;\" data-quantity=\"1\" data-product_id=\"27451\" data-product_sku=\"\" data-price=\"2.95\" rel=\"nofollow\" class=\"wp-block-button__link  add_to_cart_button\">Choix des options<\/a><\/div>\n\t\t\t<\/li><\/ul><\/div><\/div>\n<\/div>\n","protected":false},"excerpt":{"rendered":"","protected":false},"author":108,"featured_media":0,"parent":0,"menu_order":0,"comment_status":"closed","ping_status":"closed","template":"","meta":{"_acf_changed":false,"_glsr_average":0,"_glsr_ranking":0,"_glsr_reviews":0,"footnotes":""},"class_list":["post-17385","page","type-page","status-publish","hentry"],"acf":[],"_links":{"self":[{"href":"https:\/\/www.coloredcaramel.com\/fr\/wp-json\/wp\/v2\/pages\/17385","targetHints":{"allow":["GET"]}}],"collection":[{"href":"https:\/\/www.coloredcaramel.com\/fr\/wp-json\/wp\/v2\/pages"}],"about":[{"href":"https:\/\/www.coloredcaramel.com\/fr\/wp-json\/wp\/v2\/types\/page"}],"author":[{"embeddable":true,"href":"https:\/\/www.coloredcaramel.com\/fr\/wp-json\/wp\/v2\/users\/108"}],"replies":[{"embeddable":true,"href":"https:\/\/www.coloredcaramel.com\/fr\/wp-json\/wp\/v2\/comments?post=17385"}],"version-history":[{"count":0,"href":"https:\/\/www.coloredcaramel.com\/fr\/wp-json\/wp\/v2\/pages\/17385\/revisions"}],"wp:attachment":[{"href":"https:\/\/www.coloredcaramel.com\/fr\/wp-json\/wp\/v2\/media?parent=17385"}],"curies":[{"name":"wp","href":"https:\/\/api.w.org\/{rel}","templated":true}]}}