{"id":26970,"date":"2025-04-12T11:13:46","date_gmt":"2025-04-12T11:13:46","guid":{"rendered":"https:\/\/www.coloredcaramel.com\/product\/cocina-acogedora-libro-para-colorear-dulce-atrevido-y-facil\/"},"modified":"2026-02-17T07:10:02","modified_gmt":"2026-02-17T07:10:02","slug":"cocina-acogedora-libro-para-colorear-dulce-atrevido-y-facil","status":"publish","type":"product","link":"https:\/\/www.coloredcaramel.com\/es\/product\/cocina-acogedora-libro-para-colorear-dulce-atrevido-y-facil\/","title":{"rendered":"Cocina acogedora: Libro para colorear dulce, atrevido y f\u00e1cil"},"content":{"rendered":"<p><span style=\"font-family: 'comic sans ms', sans-serif;\">Libro para colorear superbonito con adorables utensilios de cocina, alimentos y cosas que encuentras en tu despensa. Est\u00e1 lleno de ilustraciones sencillas, divertidas y relajantes, f\u00e1ciles de colorear. <\/span><\/p>\n<p><span style=\"font-family: 'comic sans ms', sans-serif;\">\u2728Por qu\u00e9 nos encanta:<\/span><br \/>\n<span style=\"font-family: 'comic sans ms', sans-serif;\">&#8211; Un PDF completo con 50 dise\u00f1os \u00fanicos, \u00a1sin repeticiones!<\/span><br \/>\n<span style=\"font-family: 'comic sans ms', sans-serif;\">&#8211; Adorables ilustraciones dibujadas a mano con electrodom\u00e9sticos de cocina y alimentos.<\/span><br \/>\n<span style=\"font-family: 'comic sans ms', sans-serif;\">&#8211; P\u00e1ginas para colorear s\u00faper bonitas, atrevidas y f\u00e1ciles.<\/span><br \/>\n<span style=\"font-family: 'comic sans ms', sans-serif;\">&#8211; El tama\u00f1o de p\u00e1gina es 8,5 x 8,5 pulgadas &#8211; mejor imprimir en papel de 8,5 x 11 o A4 pulgadas.<\/span><br \/>\n<span style=\"font-family: 'comic sans ms', sans-serif;\">&#8211; Perfecto para adultos y adolescentes.<\/span><br \/>\n<span style=\"font-family: 'comic sans ms', sans-serif;\">&#8211; \u00a1Relajante!<\/span><br \/>\n<span style=\"font-family: 'comic sans ms', sans-serif;\">&#8211; Bonito regalo.<\/span><\/p>\n<p><span style=\"font-family: 'comic sans ms', sans-serif;\">**IMPORTANTE**<\/span><br \/>\n<span style=\"font-family: 'comic sans ms', sans-serif;\">&#8211; Se trata de un libro electr\u00f3nico descargable que puedes imprimir en casa; no se enviar\u00e1n copias f\u00edsicas.<\/span><br \/>\n<span style=\"font-family: 'comic sans ms', sans-serif;\">&#8211; No hay marcas de agua en los archivos descargables.<\/span><br \/>\n<span style=\"font-family: 'comic sans ms', sans-serif;\">&#8211; \u00a1S\u00d3LO PARA USO PERSONAL\/PRIVADO! No se permite el uso comercial. <\/span><br \/>\n<span style=\"font-family: 'comic sans ms', sans-serif;\">&#8211; El libro tiene derechos de autor y NO SE PERMITE LA PRODUCCI\u00d3N MASIVA NI LA REVENTA.<\/span><\/p>\n<p><span style=\"font-family: 'comic sans ms', sans-serif;\">\u00a1Encarga este bonito LIBRO PARA COLorear para divertirte y liberar estr\u00e9s!<\/span><\/p>\n<p><span style=\"font-family: 'comic sans ms', sans-serif;\">Si tienes alguna pregunta, env\u00edanos un mensaje \ud83d\ude42<\/span><\/p>\n","protected":false},"excerpt":{"rendered":"<p>Libro para colorear superbonito con adorables utensilios de cocina, alimentos y cosas que encuentras en tu despensa. Est\u00e1 lleno de ilustraciones sencillas, divertidas y relajantes, f\u00e1ciles de colorear. \u2728Por qu\u00e9 nos encanta: &#8211; Un PDF completo con 50 dise\u00f1os \u00fanicos, \u00a1sin repeticiones! &#8211; Adorables ilustraciones dibujadas a mano con electrodom\u00e9sticos de cocina y alimentos. &#8211;<\/p>\n<div class=\"klb-readmore button\"><a class=\"btn link\" href=\"https:\/\/www.coloredcaramel.com\/es\/product\/cocina-acogedora-libro-para-colorear-dulce-atrevido-y-facil\/\">Read More <i class=\"klbth-icon-right-arrow\"><\/i><\/a><\/div>\n","protected":false},"featured_media":26992,"template":"","meta":{"_acf_changed":false,"_glsr_average":0,"_glsr_ranking":0,"_glsr_reviews":0},"product_brand":[],"product_cat":[1553,1388],"product_tag":[],"class_list":{"0":"post-26970","1":"product","2":"type-product","3":"status-publish","4":"has-post-thumbnail","6":"product_cat-alimentacion","7":"product_cat-libros-para-colorear","9":"first","10":"instock","11":"featured","12":"sold-individually","13":"shipping-taxable","14":"purchasable","15":"product-type-variable"},"bundled_by":[],"bundle_stock_status":"instock","bundle_stock_quantity":null,"bundle_virtual":false,"bundle_layout":"","bundle_add_to_cart_form_location":"","bundle_editable_in_cart":false,"bundle_sold_individually_context":"","bundle_item_grouping":"","bundle_min_size":"","bundle_max_size":"","bundle_price":[],"bundled_items":[],"bundle_sell_ids":[],"acf":[],"_links":{"self":[{"href":"https:\/\/www.coloredcaramel.com\/es\/wp-json\/wp\/v2\/product\/26970","targetHints":{"allow":["GET"]}}],"collection":[{"href":"https:\/\/www.coloredcaramel.com\/es\/wp-json\/wp\/v2\/product"}],"about":[{"href":"https:\/\/www.coloredcaramel.com\/es\/wp-json\/wp\/v2\/types\/product"}],"wp:featuredmedia":[{"embeddable":true,"href":"https:\/\/www.coloredcaramel.com\/es\/wp-json\/wp\/v2\/media\/26992"}],"wp:attachment":[{"href":"https:\/\/www.coloredcaramel.com\/es\/wp-json\/wp\/v2\/media?parent=26970"}],"wp:term":[{"taxonomy":"product_brand","embeddable":true,"href":"https:\/\/www.coloredcaramel.com\/es\/wp-json\/wp\/v2\/product_brand?post=26970"},{"taxonomy":"product_cat","embeddable":true,"href":"https:\/\/www.coloredcaramel.com\/es\/wp-json\/wp\/v2\/product_cat?post=26970"},{"taxonomy":"product_tag","embeddable":true,"href":"https:\/\/www.coloredcaramel.com\/es\/wp-json\/wp\/v2\/product_tag?post=26970"}],"curies":[{"name":"wp","href":"https:\/\/api.w.org\/{rel}","templated":true}]}}