{"id":26611,"date":"2025-04-12T11:14:06","date_gmt":"2025-04-12T11:14:06","guid":{"rendered":"https:\/\/www.coloredcaramel.com\/product\/espeluznante-libro-para-colorear-de-navidad\/"},"modified":"2026-02-17T07:09:56","modified_gmt":"2026-02-17T07:09:56","slug":"espeluznante-libro-para-colorear-de-navidad","status":"publish","type":"product","link":"https:\/\/www.coloredcaramel.com\/es\/producto\/espeluznante-libro-para-colorear-de-navidad\/","title":{"rendered":"Espeluznante libro para colorear de Navidad"},"content":{"rendered":"<p data-pm-slice=\"1 1 []\"><span style=\"font-family: comic sans ms, sans-serif;\">\u00bfSue\u00f1as con una Navidad espeluznante llena de encanto acogedor?<\/span><\/p>\n<p><span style=\"font-family: comic sans ms, sans-serif;\">Este libro para colorear aporta un poco de diversi\u00f3n terror\u00edfica a tus fiestas navide\u00f1as. Lleno de adorables fantasmas, murci\u00e9lagos, calaveras y \u00e1rboles festivos, es la mezcla perfecta de arte navide\u00f1o espeluznante y alegre. <\/span><\/p>\n<p><span style=\"font-family: comic sans ms, sans-serif;\"><strong>Por qu\u00e9 te encantar\u00e1<\/strong><\/span><\/p>\n<ul>\n<li><span style=\"font-family: comic sans ms, sans-serif;\">Un libro para colorear delicioso y superdivertido repleto de 40 dise\u00f1os relajantes, \u00a1sin repeticiones!<\/span><\/li>\n<li><span style=\"font-family: comic sans ms, sans-serif;\">Dise\u00f1ado para adultos y adolescentes que disfrutan de la diversi\u00f3n creativa y de colorear sin estr\u00e9s.<\/span><\/li>\n<li><span style=\"font-family: comic sans ms, sans-serif;\">Dise\u00f1os atrevidos y f\u00e1ciles y l\u00edneas gruesas para la mejor experiencia de coloreado.<\/span><\/li>\n<li><span style=\"font-family: comic sans ms, sans-serif;\">Ideal para l\u00e1pices de colores, rotuladores u otros medios h\u00famedos.<\/span><\/li>\n<li><span style=\"font-family: comic sans ms, sans-serif;\">P\u00e1ginas imprimibles en PDF de 8,5 x 8,5 pulgadas &#8211; mejor imprimir en papel de 8,5 x 11 pulgadas.<\/span><\/li>\n<li><span style=\"font-family: comic sans ms, sans-serif;\">Una forma acogedora de relajarse y difundir la alegr\u00eda navide\u00f1a.<\/span><\/li>\n<li><span style=\"font-family: comic sans ms, sans-serif;\">Es un regalo significativo para tus seres queridos y amigos durante las vacaciones de invierno.<\/span><\/li>\n<\/ul>\n<p><span style=\"font-family: comic sans ms, sans-serif;\"><strong>Notas importantes<\/strong><\/span><\/p>\n<ul>\n<li><span style=\"font-family: comic sans ms, sans-serif;\">Descarga instant\u00e1nea en PDF: no se enviar\u00e1n copias f\u00edsicas.<\/span><\/li>\n<li><span style=\"font-family: comic sans ms, sans-serif;\">No hay marcas de agua en los archivos descargables.<\/span><\/li>\n<li><span style=\"font-family: comic sans ms, sans-serif;\">S\u00f3lo para uso personal y privado. No est\u00e1 permitido el uso comercial, la producci\u00f3n en masa ni la reventa. <\/span><\/li>\n<li><span style=\"font-family: comic sans ms, sans-serif;\">Todas las ilustraciones son originales y est\u00e1n protegidas por derechos de autor.<\/span><\/li>\n<\/ul>\n<p><span style=\"font-family: comic sans ms, sans-serif;\">Ll\u00e9vate a casa una acogedora magia navide\u00f1a y disfruta de este simp\u00e1tico libro para colorear que convierte cada p\u00e1gina en una aventura festiva.<\/span><\/p>\n<p><span style=\"font-family: comic sans ms, sans-serif;\">\u00a1Consigue tu copia hoy y haz que esta temporada sea espeluznante!<\/span><\/p>\n<p><span style=\"font-family: comic sans ms, sans-serif;\">Si tienes alguna pregunta, env\u00edanos un mensaje \ud83d\ude42<\/span><\/p>\n","protected":false},"excerpt":{"rendered":"<p>\u00bfSue\u00f1as con una Navidad espeluznante llena de encanto acogedor? Este libro para colorear aporta un poco de diversi\u00f3n terror\u00edfica a tus fiestas navide\u00f1as. Lleno de adorables fantasmas, murci\u00e9lagos, calaveras y \u00e1rboles festivos, es la mezcla perfecta de arte navide\u00f1o espeluznante y alegre. Por qu\u00e9 te encantar\u00e1 Un libro para colorear delicioso y superdivertido repleto de<\/p>\n<div class=\"klb-readmore button\"><a class=\"btn link\" href=\"https:\/\/www.coloredcaramel.com\/es\/producto\/espeluznante-libro-para-colorear-de-navidad\/\">Read More <i class=\"klbth-icon-right-arrow\"><\/i><\/a><\/div>\n","protected":false},"featured_media":26615,"template":"","meta":{"_acf_changed":false,"_glsr_average":0,"_glsr_ranking":0,"_glsr_reviews":0},"product_brand":[],"product_cat":[1390,1388],"product_tag":[],"class_list":{"0":"post-26611","1":"product","2":"type-product","3":"status-publish","4":"has-post-thumbnail","6":"product_cat-navidad","7":"product_cat-libros-para-colorear","9":"first","10":"instock","11":"sold-individually","12":"shipping-taxable","13":"purchasable","14":"product-type-variable"},"bundled_by":[],"bundle_stock_status":"instock","bundle_stock_quantity":null,"bundle_virtual":false,"bundle_layout":"","bundle_add_to_cart_form_location":"","bundle_editable_in_cart":false,"bundle_sold_individually_context":"","bundle_item_grouping":"","bundle_min_size":"","bundle_max_size":"","bundle_price":[],"bundled_items":[],"bundle_sell_ids":[],"acf":[],"_links":{"self":[{"href":"https:\/\/www.coloredcaramel.com\/es\/wp-json\/wp\/v2\/product\/26611","targetHints":{"allow":["GET"]}}],"collection":[{"href":"https:\/\/www.coloredcaramel.com\/es\/wp-json\/wp\/v2\/product"}],"about":[{"href":"https:\/\/www.coloredcaramel.com\/es\/wp-json\/wp\/v2\/types\/product"}],"wp:featuredmedia":[{"embeddable":true,"href":"https:\/\/www.coloredcaramel.com\/es\/wp-json\/wp\/v2\/media\/26615"}],"wp:attachment":[{"href":"https:\/\/www.coloredcaramel.com\/es\/wp-json\/wp\/v2\/media?parent=26611"}],"wp:term":[{"taxonomy":"product_brand","embeddable":true,"href":"https:\/\/www.coloredcaramel.com\/es\/wp-json\/wp\/v2\/product_brand?post=26611"},{"taxonomy":"product_cat","embeddable":true,"href":"https:\/\/www.coloredcaramel.com\/es\/wp-json\/wp\/v2\/product_cat?post=26611"},{"taxonomy":"product_tag","embeddable":true,"href":"https:\/\/www.coloredcaramel.com\/es\/wp-json\/wp\/v2\/product_tag?post=26611"}],"curies":[{"name":"wp","href":"https:\/\/api.w.org\/{rel}","templated":true}]}}