{"id":25779,"date":"2025-04-19T13:32:21","date_gmt":"2025-04-19T13:32:21","guid":{"rendered":"https:\/\/www.coloredcaramel.com\/product\/paquete-espeluznante\/"},"modified":"2025-04-19T13:32:21","modified_gmt":"2025-04-19T13:32:21","slug":"paquete-espeluznante","status":"publish","type":"product","link":"https:\/\/www.coloredcaramel.com\/es\/producto\/paquete-espeluznante\/","title":{"rendered":"Paquete espeluznante"},"content":{"rendered":"<p><span style=\"font-family: 'comic sans ms', sans-serif;\">\ud83c\udf83 Spooky &amp; Sweet Halloween Coloring Bundle \ud83c\udf83<\/span><\/p>\n<p><span style=\"font-family: 'comic sans ms', sans-serif;\">\u00a1Prep\u00e1rate para la aventura para colorear m\u00e1s acogedora y espeluznante!<\/span><br \/>\n<span style=\"font-family: 'comic sans ms', sans-serif;\">Hemos reunido tres de nuestros libros digitales para colorear m\u00e1s vendidos en una oferta irresistible: \u00a1todos a un precio con descuento especial!<\/span><\/p>\n<p><span style=\"font-family: 'comic sans ms', sans-serif;\">\ud83d\udc7b Rinc\u00f3n espeluznante: 40 bonitas y acogedoras ilustraciones de Halloween perfectas para relajarse.<\/span><br \/>\n<span style=\"font-family: 'comic sans ms', sans-serif;\">\ud83e\udd87 Vibraciones de Halloween: 50 dise\u00f1os espeluznantes atrevidos y f\u00e1ciles de colorear para dar vida a todos tus sue\u00f1os de Halloween.<\/span><br \/>\n<span style=\"font-family: 'comic sans ms', sans-serif;\">\ud83c\udf84 Una Navidad fantasmag\u00f3rica: Una mezcla m\u00e1gica de encanto festivo y fantasmal, \u00a1porque la temporada espeluznante merece durar hasta las fiestas!<\/span><\/p>\n<p><span style=\"font-family: 'comic sans ms', sans-serif;\">Cada libro est\u00e1 repleto de p\u00e1ginas sin repeticiones, atrevidas y f\u00e1ciles de colorear, perfectas para adultos y adolescentes que adoran un poco de capricho con sus vibraciones brujeriles.<\/span><\/p>\n<p><span style=\"font-family: 'comic sans ms', sans-serif;\">Hazte con este paquete ahora y sum\u00e9rgete en horas de diversi\u00f3n espeluznante, acogedora y creativa&#8230; \u00a1con un fant\u00e1stico descuento!<\/span><\/p>\n","protected":false},"excerpt":{"rendered":"<p>\ud83c\udf83 Spooky &amp; Sweet Halloween Coloring Bundle \ud83c\udf83 \u00a1Prep\u00e1rate para la aventura para colorear m\u00e1s acogedora y espeluznante! Hemos reunido tres de nuestros libros digitales para colorear m\u00e1s vendidos en una oferta irresistible: \u00a1todos a un precio con descuento especial! \ud83d\udc7b Rinc\u00f3n espeluznante: 40 bonitas y acogedoras ilustraciones de Halloween perfectas para relajarse. \ud83e\udd87 Vibraciones<\/p>\n<div class=\"klb-readmore button\"><a class=\"btn link\" href=\"https:\/\/www.coloredcaramel.com\/es\/producto\/paquete-espeluznante\/\">Read More <i class=\"klbth-icon-right-arrow\"><\/i><\/a><\/div>\n","protected":false},"featured_media":16071,"template":"","meta":{"_acf_changed":false,"_glsr_average":0,"_glsr_ranking":0,"_glsr_reviews":0},"product_brand":[],"product_cat":[1388,1482,1436],"product_tag":[],"class_list":{"0":"post-25779","1":"product","2":"type-product","3":"status-publish","4":"has-post-thumbnail","6":"product_cat-libros-para-colorear","7":"product_cat-halloween","8":"product_cat-paquetes","10":"first","11":"instock","12":"sale","13":"virtual","14":"sold-individually","15":"purchasable","16":"product-type-bundle"},"bundled_by":[],"bundle_stock_status":"instock","bundle_stock_quantity":"","bundle_virtual":false,"bundle_layout":"default","bundle_add_to_cart_form_location":"after_summary","bundle_editable_in_cart":true,"bundle_sold_individually_context":"product","bundle_item_grouping":"parent","bundle_min_size":"","bundle_max_size":"","bundle_price":{"price":{"min":{"incl_tax":"23.75","excl_tax":"23.75"},"max":{"incl_tax":"23.75","excl_tax":"23.75"}},"regular_price":{"min":{"incl_tax":"47.94","excl_tax":"47.94"},"max":{"incl_tax":"47.94","excl_tax":"47.94"}}},"bundled_items":[{"bundled_item_id":135,"product_id":24931,"menu_order":3,"quantity_min":1,"quantity_max":1,"quantity_default":1,"priced_individually":false,"shipped_individually":true,"override_title":false,"title":null,"override_description":false,"description":null,"optional":false,"hide_thumbnail":false,"discount":"","override_variations":true,"allowed_variations":[24945],"override_default_variation_attributes":true,"default_variation_attributes":[{"id":0,"name":"Format","option":"Digital"}],"single_product_visibility":"visible","cart_visibility":"visible","order_visibility":"visible","single_product_price_visibility":"visible","cart_price_visibility":"visible","order_price_visibility":"visible","stock_status":"in_stock"},{"bundled_item_id":136,"product_id":24169,"menu_order":4,"quantity_min":1,"quantity_max":1,"quantity_default":1,"priced_individually":false,"shipped_individually":true,"override_title":false,"title":null,"override_description":false,"description":null,"optional":false,"hide_thumbnail":false,"discount":"","override_variations":true,"allowed_variations":[24179],"override_default_variation_attributes":true,"default_variation_attributes":[{"id":0,"name":"Format","option":"Digital"}],"single_product_visibility":"visible","cart_visibility":"visible","order_visibility":"visible","single_product_price_visibility":"visible","cart_price_visibility":"visible","order_price_visibility":"visible","stock_status":"in_stock"},{"bundled_item_id":137,"product_id":23680,"menu_order":5,"quantity_min":1,"quantity_max":1,"quantity_default":1,"priced_individually":false,"shipped_individually":false,"override_title":false,"title":null,"override_description":false,"description":null,"optional":false,"hide_thumbnail":false,"discount":"","override_variations":true,"allowed_variations":[23702],"override_default_variation_attributes":true,"default_variation_attributes":[{"id":0,"name":"Format","option":"Digital"}],"single_product_visibility":"visible","cart_visibility":"visible","order_visibility":"visible","single_product_price_visibility":"visible","cart_price_visibility":"visible","order_price_visibility":"visible","stock_status":"in_stock"}],"bundle_sell_ids":[],"acf":[],"_links":{"self":[{"href":"https:\/\/www.coloredcaramel.com\/es\/wp-json\/wp\/v2\/product\/25779","targetHints":{"allow":["GET"]}}],"collection":[{"href":"https:\/\/www.coloredcaramel.com\/es\/wp-json\/wp\/v2\/product"}],"about":[{"href":"https:\/\/www.coloredcaramel.com\/es\/wp-json\/wp\/v2\/types\/product"}],"wp:featuredmedia":[{"embeddable":true,"href":"https:\/\/www.coloredcaramel.com\/es\/wp-json\/wp\/v2\/media\/16071"}],"wp:attachment":[{"href":"https:\/\/www.coloredcaramel.com\/es\/wp-json\/wp\/v2\/media?parent=25779"}],"wp:term":[{"taxonomy":"product_brand","embeddable":true,"href":"https:\/\/www.coloredcaramel.com\/es\/wp-json\/wp\/v2\/product_brand?post=25779"},{"taxonomy":"product_cat","embeddable":true,"href":"https:\/\/www.coloredcaramel.com\/es\/wp-json\/wp\/v2\/product_cat?post=25779"},{"taxonomy":"product_tag","embeddable":true,"href":"https:\/\/www.coloredcaramel.com\/es\/wp-json\/wp\/v2\/product_tag?post=25779"}],"curies":[{"name":"wp","href":"https:\/\/api.w.org\/{rel}","templated":true}]}}