{"id":25348,"date":"2025-05-24T14:45:55","date_gmt":"2025-05-24T14:45:55","guid":{"rendered":"https:\/\/www.coloredcaramel.com\/product\/el-paquete-definitivo-de-practicas-para-colorear\/"},"modified":"2025-05-24T14:45:55","modified_gmt":"2025-05-24T14:45:55","slug":"el-paquete-definitivo-de-practicas-para-colorear","status":"publish","type":"product","link":"https:\/\/www.coloredcaramel.com\/es\/product\/el-paquete-definitivo-de-practicas-para-colorear\/","title":{"rendered":"El paquete definitivo de pr\u00e1cticas para colorear"},"content":{"rendered":"<p><span style=\"font-family: 'comic sans ms', sans-serif;\">\ud83c\udf08 El paquete definitivo de pr\u00e1cticas para colorear kawaii \ud83c\udfa8<\/span><br \/>\n<span style=\"font-family: 'comic sans ms', sans-serif;\">Colecci\u00f3n para colorear imprimible 4 en 1 para la creatividad, el desarrollo de habilidades y la alegr\u00eda pura<\/span><br \/>\n<span style=\"font-family: 'comic sans ms', sans-serif;\">Descarga digital instant\u00e1nea | Perfecto para adultos y adolescentes<\/span><\/p>\n<p><span style=\"font-family: 'comic sans ms', sans-serif;\">\u00bfListo para elevar tu viaje de colorear? Tanto si acabas de empezar como si quieres ampliar tus habilidades con dise\u00f1os divertidos y acogedores, este paquete todo en uno es tu compa\u00f1ero creativo de ensue\u00f1o. \ud83d\udc96<\/span><\/p>\n<p><span style=\"font-family: 'comic sans ms', sans-serif;\">Este exclusivo paquete de 4 libros incluye nuestros t\u00edtulos para colorear m\u00e1s queridos, cuidadosamente dise\u00f1ados para ayudarte a relajarte, aprender y jugar con los colores a tu manera m\u00e1gica:<\/span><\/p>\n<p><span style=\"font-family: 'comic sans ms', sans-serif;\">\ud83d\udcd8 1. Mi Libro de Recortes y Muestras para Pruebas <\/span><br \/>\n<span style=\"font-family: 'comic sans ms', sans-serif;\">Con los adorables elementos de muestra, puedes probar los colores que quieres usar, ver c\u00f3mo se mezclan para conseguir degradados impecables y explorar distintos patrones.<\/span><\/p>\n<p><span style=\"font-family: 'comic sans ms', sans-serif;\">\u2728 Si quieres, puedes cortar las p\u00e1ginas en trozos m\u00e1s peque\u00f1os y tenerlos listos para la p\u00e1gina concreta que vayas a colorear.<\/span><\/p>\n<p><span style=\"font-family: 'comic sans ms', sans-serif;\">\ud83e\udde1 2. Libro de pr\u00e1cticas de so\u00f1ar despierto Kawaii <\/span><br \/>\n<span style=\"font-family: 'comic sans ms', sans-serif;\">\u00a1Este compa\u00f1ero del Kawaii Daydream original te permite aprender mientras coloreas! Cada p\u00e1gina presenta una zona de pr\u00e1ctica l\u00fadica antes de la ilustraci\u00f3n completa, para que puedas probar combinaciones de colores, experimentar con efectos y aumentar tu confianza antes de ir a lo grande. <\/span><\/p>\n<p><span style=\"font-family: 'comic sans ms', sans-serif;\">\u2728 \u00a1Colorea con libertad, aprende con alegr\u00eda!<\/span><\/p>\n<p><span style=\"font-family: 'comic sans ms', sans-serif;\">\ud83c\udfa8 3. Bonitos muestrarios de colores <\/span><br \/>\n<span style=\"font-family: 'comic sans ms', sans-serif;\">\u00a1Di adi\u00f3s al caos de colores! Estas 30 p\u00e1ginas imprimibles (\u00a1con m\u00e1s de 450 muestras!) te ayudar\u00e1n a organizar tus paletas de la forma m\u00e1s bonita posible. Con formas divertidas como magdalenas, estrellas, setas y mariposas, es una herramienta imprescindible para todo colorista creativo.  <\/span><\/p>\n<p><span style=\"font-family: 'comic sans ms', sans-serif;\">\u2728 \u00a1Tu adorable recurso para planificar paletas perfectas!<\/span><\/p>\n<p><span style=\"font-family: 'comic sans ms', sans-serif;\">\u270f\ufe0f 4. Mi tiempo para colorear &#8211; Cuaderno de ejercicios pr\u00e1cticos <\/span><br \/>\n<span style=\"font-family: 'comic sans ms', sans-serif;\">Aprende 12 t\u00e9cnicas esenciales para colorear, como degradados de ensue\u00f1o, cielos estrellados, texturas acu\u00e1ticas, estampados acogedores y mucho m\u00e1s. Cada t\u00e9cnica incluye una pr\u00e1ctica guiada y una ilustraci\u00f3n final a toda p\u00e1gina para mostrar tus habilidades. <\/span><\/p>\n<p><span style=\"font-family: 'comic sans ms', sans-serif;\">\u2728 De principiante curioso a colorista confiado: \u00a1paso a paso!<\/span><\/p>\n<p><span style=\"font-family: 'comic sans ms', sans-serif;\">\ud83d\udcbe Lo que obtendr\u00e1s:<\/span><br \/>\n<span style=\"font-family: 'comic sans ms', sans-serif;\">4 libros PDF de descarga instant\u00e1nea<\/span><\/p>\n<p><span style=\"font-family: 'comic sans ms', sans-serif;\">Tama\u00f1o 8,5 x 8,5 pulgadas (perfecto para imprimir en papel A4\/Carta)<\/span><\/p>\n<p><span style=\"font-family: 'comic sans ms', sans-serif;\">Listo para imprimir y compatible con Procreate\/aplicaciones digitales<\/span><\/p>\n<p><span style=\"font-family: 'comic sans ms', sans-serif;\">Uso personal ilimitado: \u00a1imprime tantas veces como quieras!<\/span><\/p>\n<p><span style=\"font-family: 'comic sans ms', sans-serif;\">Una experiencia relajante y alegre con cada p\u00e1gina<\/span><\/p>\n","protected":false},"excerpt":{"rendered":"<p>\ud83c\udf08 El paquete definitivo de pr\u00e1cticas para colorear kawaii \ud83c\udfa8 Colecci\u00f3n para colorear imprimible 4 en 1 para la creatividad, el desarrollo de habilidades y la alegr\u00eda pura Descarga digital instant\u00e1nea | Perfecto para adultos y adolescentes \u00bfListo para elevar tu viaje de colorear? Tanto si acabas de empezar como si quieres ampliar tus habilidades<\/p>\n<div class=\"klb-readmore button\"><a class=\"btn link\" href=\"https:\/\/www.coloredcaramel.com\/es\/product\/el-paquete-definitivo-de-practicas-para-colorear\/\">Read More <i class=\"klbth-icon-right-arrow\"><\/i><\/a><\/div>\n","protected":false},"featured_media":15485,"template":"","meta":{"_acf_changed":false,"_glsr_average":0,"_glsr_ranking":0,"_glsr_reviews":0},"product_brand":[],"product_cat":[1307,1309,829,1299],"product_tag":[],"class_list":{"0":"post-25348","1":"product","2":"type-product","3":"status-publish","4":"has-post-thumbnail","6":"product_cat-activity","7":"product_cat-practice","8":"product_cat-coloring-books","9":"product_cat-bundles","11":"first","12":"instock","13":"sale","14":"virtual","15":"sold-individually","16":"purchasable","17":"product-type-bundle"},"bundled_by":[],"bundle_stock_status":"instock","bundle_stock_quantity":"","bundle_virtual":false,"bundle_layout":"default","bundle_add_to_cart_form_location":"after_summary","bundle_editable_in_cart":true,"bundle_sold_individually_context":"product","bundle_item_grouping":"parent","bundle_min_size":"","bundle_max_size":"","bundle_price":{"price":{"min":{"incl_tax":"22.37","excl_tax":"22.37"},"max":{"incl_tax":"22.37","excl_tax":"22.37"}},"regular_price":{"min":{"incl_tax":"31.96","excl_tax":"31.96"},"max":{"incl_tax":"31.96","excl_tax":"31.96"}}},"bundled_items":[{"bundled_item_id":113,"product_id":24727,"menu_order":3,"quantity_min":1,"quantity_max":1,"quantity_default":1,"priced_individually":false,"shipped_individually":true,"override_title":false,"title":null,"override_description":false,"description":null,"optional":false,"hide_thumbnail":false,"discount":"","override_variations":true,"allowed_variations":[24743],"override_default_variation_attributes":true,"default_variation_attributes":[{"id":0,"name":"Format","option":"Digital"}],"single_product_visibility":"visible","cart_visibility":"visible","order_visibility":"visible","single_product_price_visibility":"visible","cart_price_visibility":"visible","order_price_visibility":"visible","stock_status":"in_stock"}],"bundle_sell_ids":[],"acf":[],"_links":{"self":[{"href":"https:\/\/www.coloredcaramel.com\/es\/wp-json\/wp\/v2\/product\/25348","targetHints":{"allow":["GET"]}}],"collection":[{"href":"https:\/\/www.coloredcaramel.com\/es\/wp-json\/wp\/v2\/product"}],"about":[{"href":"https:\/\/www.coloredcaramel.com\/es\/wp-json\/wp\/v2\/types\/product"}],"wp:featuredmedia":[{"embeddable":true,"href":"https:\/\/www.coloredcaramel.com\/es\/wp-json\/wp\/v2\/media\/15485"}],"wp:attachment":[{"href":"https:\/\/www.coloredcaramel.com\/es\/wp-json\/wp\/v2\/media?parent=25348"}],"wp:term":[{"taxonomy":"product_brand","embeddable":true,"href":"https:\/\/www.coloredcaramel.com\/es\/wp-json\/wp\/v2\/product_brand?post=25348"},{"taxonomy":"product_cat","embeddable":true,"href":"https:\/\/www.coloredcaramel.com\/es\/wp-json\/wp\/v2\/product_cat?post=25348"},{"taxonomy":"product_tag","embeddable":true,"href":"https:\/\/www.coloredcaramel.com\/es\/wp-json\/wp\/v2\/product_tag?post=25348"}],"curies":[{"name":"wp","href":"https:\/\/api.w.org\/{rel}","templated":true}]}}