{"id":24786,"date":"2025-06-14T10:48:14","date_gmt":"2025-06-14T10:48:14","guid":{"rendered":"https:\/\/www.coloredcaramel.com\/product\/creepy-cute-libro-para-colorear-kawaii-pastel-goth-atrevido-y-facil\/"},"modified":"2026-04-06T08:26:17","modified_gmt":"2026-04-06T08:26:17","slug":"creepy-cute-libro-para-colorear-kawaii-pastel-goth-atrevido-y-facil","status":"publish","type":"product","link":"https:\/\/www.coloredcaramel.com\/es\/producto\/creepy-cute-libro-para-colorear-kawaii-pastel-goth-atrevido-y-facil\/","title":{"rendered":"Creepy Cute: Libro para colorear Kawaii Pastel Goth, atrevido y f\u00e1cil"},"content":{"rendered":"<p><span style=\"font-family: 'comic sans ms', sans-serif;\">\u00a1Explora y colorea el tierno y espeluznante mundo kawaii!<\/span><\/p>\n<p><span style=\"font-family: 'comic sans ms', sans-serif;\">Por qu\u00e9 nos encanta:<\/span><br \/>\n<span style=\"font-family: 'comic sans ms', sans-serif;\">&#8211; Libro para colorear superdivertido con ilustraciones atrevidas y sencillas.<\/span><br \/>\n<span style=\"font-family: 'comic sans ms', sans-serif;\">&#8211; Un PDF completo con 55 dise\u00f1os \u00fanicos, \u00a1sin repetir!<\/span><br \/>\n<span style=\"font-family: 'comic sans ms', sans-serif;\">&#8211; El tama\u00f1o de p\u00e1gina es 8,5 x 8,5 pulgadas &#8211; mejor imprimir en papel de 8,5 x 11 pulgadas o A4.<\/span><br \/>\n<span style=\"font-family: 'comic sans ms', sans-serif;\">&#8211; Perfecto para adultos y adolescentes.<\/span><br \/>\n<span style=\"font-family: 'comic sans ms', sans-serif;\">&#8211; \u00a1Relajante!<\/span><br \/>\n<span style=\"font-family: 'comic sans ms', sans-serif;\">&#8211; Bonito regalo.<\/span><\/p>\n<p><span style=\"font-family: 'comic sans ms', sans-serif;\">**IMPORTANTE**<\/span><br \/>\n<span style=\"font-family: 'comic sans ms', sans-serif;\">&#8211; Se trata de un libro electr\u00f3nico descargable que puedes imprimir en casa; no se enviar\u00e1n copias f\u00edsicas.<\/span><br \/>\n<span style=\"font-family: 'comic sans ms', sans-serif;\">&#8211; No hay marcas de agua en los archivos descargables.<\/span><br \/>\n<span style=\"font-family: 'comic sans ms', sans-serif;\">&#8211; \u00a1S\u00d3LO PARA USO PERSONAL\/PRIVADO! No se permite el uso comercial. <\/span><br \/>\n<span style=\"font-family: 'comic sans ms', sans-serif;\">&#8211; El libro tiene derechos de autor y NO SE PERMITE LA PRODUCCI\u00d3N MASIVA NI LA REVENTA.<\/span><\/p>\n<p><span style=\"font-family: 'comic sans ms', sans-serif;\">\u00a1Encarga este bonito LIBRO PARA COLorear para divertirte y liberar estr\u00e9s!<\/span><\/p>\n<p><span style=\"font-family: 'comic sans ms', sans-serif;\">Si tienes alguna pregunta, env\u00edanos un mensaje \ud83d\ude42<\/span><\/p>\n","protected":false},"excerpt":{"rendered":"<p>\u00a1Explora y colorea el tierno y espeluznante mundo kawaii! Por qu\u00e9 nos encanta: &#8211; Libro para colorear superdivertido con ilustraciones atrevidas y sencillas. &#8211; Un PDF completo con 55 dise\u00f1os \u00fanicos, \u00a1sin repetir! &#8211; El tama\u00f1o de p\u00e1gina es 8,5 x 8,5 pulgadas &#8211; mejor imprimir en papel de 8,5 x 11 pulgadas o A4.<\/p>\n<div class=\"klb-readmore button\"><a class=\"btn link\" href=\"https:\/\/www.coloredcaramel.com\/es\/producto\/creepy-cute-libro-para-colorear-kawaii-pastel-goth-atrevido-y-facil\/\">Read More <i class=\"klbth-icon-right-arrow\"><\/i><\/a><\/div>\n","protected":false},"featured_media":24789,"template":"","meta":{"_acf_changed":false,"_glsr_average":0,"_glsr_ranking":0,"_glsr_reviews":0},"product_brand":[],"product_cat":[1388,1495,1482,1402],"product_tag":[],"class_list":{"0":"post-24786","1":"product","2":"type-product","3":"status-publish","4":"has-post-thumbnail","6":"product_cat-libros-para-colorear","7":"product_cat-gotico-pastel","8":"product_cat-halloween","9":"product_cat-kawaii","11":"first","12":"instock","13":"sold-individually","14":"shipping-taxable","15":"purchasable","16":"product-type-variable"},"bundled_by":[],"bundle_stock_status":"instock","bundle_stock_quantity":null,"bundle_virtual":false,"bundle_layout":"","bundle_add_to_cart_form_location":"","bundle_editable_in_cart":false,"bundle_sold_individually_context":"","bundle_item_grouping":"","bundle_min_size":"","bundle_max_size":"","bundle_price":[],"bundled_items":[],"bundle_sell_ids":[],"acf":[],"_links":{"self":[{"href":"https:\/\/www.coloredcaramel.com\/es\/wp-json\/wp\/v2\/product\/24786","targetHints":{"allow":["GET"]}}],"collection":[{"href":"https:\/\/www.coloredcaramel.com\/es\/wp-json\/wp\/v2\/product"}],"about":[{"href":"https:\/\/www.coloredcaramel.com\/es\/wp-json\/wp\/v2\/types\/product"}],"wp:featuredmedia":[{"embeddable":true,"href":"https:\/\/www.coloredcaramel.com\/es\/wp-json\/wp\/v2\/media\/24789"}],"wp:attachment":[{"href":"https:\/\/www.coloredcaramel.com\/es\/wp-json\/wp\/v2\/media?parent=24786"}],"wp:term":[{"taxonomy":"product_brand","embeddable":true,"href":"https:\/\/www.coloredcaramel.com\/es\/wp-json\/wp\/v2\/product_brand?post=24786"},{"taxonomy":"product_cat","embeddable":true,"href":"https:\/\/www.coloredcaramel.com\/es\/wp-json\/wp\/v2\/product_cat?post=24786"},{"taxonomy":"product_tag","embeddable":true,"href":"https:\/\/www.coloredcaramel.com\/es\/wp-json\/wp\/v2\/product_tag?post=24786"}],"curies":[{"name":"wp","href":"https:\/\/api.w.org\/{rel}","templated":true}]}}