{"id":23795,"date":"2025-08-23T18:26:27","date_gmt":"2025-08-23T18:26:27","guid":{"rendered":"https:\/\/www.coloredcaramel.com\/product\/so-bootiful-libro-para-colorear-kawaii-pastel-goth-halloween\/"},"modified":"2026-04-06T08:25:30","modified_gmt":"2026-04-06T08:25:30","slug":"so-bootiful-libro-para-colorear-kawaii-pastel-goth-halloween","status":"publish","type":"product","link":"https:\/\/www.coloredcaramel.com\/es\/product\/so-bootiful-libro-para-colorear-kawaii-pastel-goth-halloween\/","title":{"rendered":"So Bootiful: Libro para colorear Kawaii Pastel Goth Halloween"},"content":{"rendered":"<p><span style=\"font-family: 'comic sans ms', sans-serif;\">So Bootiful es un Libro para Colorear Kawaii Pastel G\u00f3tico de Halloween que combina simp\u00e1ticos personajes inspirados en el anime con elementos g\u00f3ticos y de terror. Dentro de este PDF de descarga instant\u00e1nea, encontrar\u00e1s 25 p\u00e1ginas \u00fanicas llenas de murci\u00e9lagos juguetones, calderos de calabaza, dulces espeluznantes, gatos g\u00f3ticos, esqueletos, criaturas m\u00e1gicas e iconos de terror inspirados en colores pastel. Es la mezcla perfecta de mono y espeluznante para los aficionados a colorear de todas las edades.  <\/span><\/p>\n<p><span style=\"font-family: 'comic sans ms', sans-serif;\"><strong>Qu\u00e9 hay dentro<\/strong>:<\/span><br \/>\n<span style=\"font-family: 'comic sans ms', sans-serif;\">&#8211; 25 ilustraciones originales con gatos g\u00f3ticos en colores pastel, murci\u00e9lagos, calabazas, dulces espeluznantes, esqueletos, pociones y mucho m\u00e1s.<\/span><br \/>\n<span style=\"font-family: 'comic sans ms', sans-serif;\">&#8211; Formato PDF de alta resoluci\u00f3n para una impresi\u00f3n dom\u00e9stica n\u00edtida.<\/span><br \/>\n<span style=\"font-family: 'comic sans ms', sans-serif;\">&#8211; Tama\u00f1o de p\u00e1gina: 8,5 x 11 pulgadas, el tama\u00f1o est\u00e1ndar de los libros para colorear.<\/span><br \/>\n<span style=\"font-family: 'comic sans ms', sans-serif;\">&#8211; Dise\u00f1os juguetones y espeluznantes adecuados para ni\u00f1os, adolescentes y adultos.<\/span><\/p>\n<p><span style=\"font-family: 'comic sans ms', sans-serif;\"><strong>Por qu\u00e9 te encantar\u00e1<\/strong>:<\/span><br \/>\n<span style=\"font-family: 'comic sans ms', sans-serif;\">&#8211; Un giro g\u00f3tico pastel kawaii \u00fanico en los libros para colorear de Halloween tradicionales.<\/span><br \/>\n<span style=\"font-family: 'comic sans ms', sans-serif;\">&#8211; Actividad relajante y antiestr\u00e9s para todas las edades.<\/span><br \/>\n<span style=\"font-family: 'comic sans ms', sans-serif;\">&#8211; Perfecto para los fans de los estilos art\u00edsticos kawaii, g\u00f3tico, pastel, anime y Halloween.<\/span><br \/>\n<span style=\"font-family: 'comic sans ms', sans-serif;\">&#8211; Es un regalo original y divertido para amigos y familiares.<\/span><br \/>\n<span style=\"font-family: 'comic sans ms', sans-serif;\">&#8211; Descarga instant\u00e1nea para que puedas empezar a colorear enseguida.<\/span><\/p>\n<p><span style=\"font-family: 'comic sans ms', sans-serif;\"><strong>Detalles del producto<\/strong>:<\/span><br \/>\n<span style=\"font-family: 'comic sans ms', sans-serif;\">&#8211; S\u00f3lo descarga digital (no se env\u00eda copia f\u00edsica).<\/span><br \/>\n<span style=\"font-family: 'comic sans ms', sans-serif;\">&#8211; Sin marcas de agua en los archivos finales.<\/span><br \/>\n<span style=\"font-family: 'comic sans ms', sans-serif;\">&#8211; S\u00f3lo para uso personal (no para reventa ni uso comercial).<\/span><\/p>\n<p><span style=\"font-family: 'comic sans ms', sans-serif;\">Tanto si te atraen los simp\u00e1ticos murci\u00e9lagos, las espeluznantes calabazas o los gatos g\u00f3ticos, este libro para colorear est\u00e1 lleno de dise\u00f1os tan bonitos que dan vida a vibraciones espeluznantes y dulces.<\/span><\/p>\n<p><span style=\"font-family: 'comic sans ms', sans-serif;\">\u00a1Descarga hoy mismo el Libro para colorear de Halloween Kawaii Pastel Goth y a\u00f1ade un toque pastel a tu diversi\u00f3n de Halloween!<\/span><\/p>\n","protected":false},"excerpt":{"rendered":"<p>Dulce, espeluznante y un poco escalofriante: \u00a1esto es Halloween, al estilo g\u00f3tico pastel!<\/p>\n","protected":false},"featured_media":23811,"template":"","meta":{"_acf_changed":false,"_glsr_average":0,"_glsr_ranking":0,"_glsr_reviews":0},"product_brand":[],"product_cat":[1495,1482,1402,1388],"product_tag":[],"class_list":{"0":"post-23795","1":"product","2":"type-product","3":"status-publish","4":"has-post-thumbnail","6":"product_cat-gotico-pastel","7":"product_cat-halloween","8":"product_cat-kawaii","9":"product_cat-libros-para-colorear","11":"first","12":"instock","13":"sold-individually","14":"shipping-taxable","15":"purchasable","16":"product-type-variable"},"bundled_by":[],"bundle_stock_status":"instock","bundle_stock_quantity":null,"bundle_virtual":false,"bundle_layout":"","bundle_add_to_cart_form_location":"","bundle_editable_in_cart":false,"bundle_sold_individually_context":"","bundle_item_grouping":"","bundle_min_size":"","bundle_max_size":"","bundle_price":[],"bundled_items":[],"bundle_sell_ids":[],"acf":[],"_links":{"self":[{"href":"https:\/\/www.coloredcaramel.com\/es\/wp-json\/wp\/v2\/product\/23795","targetHints":{"allow":["GET"]}}],"collection":[{"href":"https:\/\/www.coloredcaramel.com\/es\/wp-json\/wp\/v2\/product"}],"about":[{"href":"https:\/\/www.coloredcaramel.com\/es\/wp-json\/wp\/v2\/types\/product"}],"wp:featuredmedia":[{"embeddable":true,"href":"https:\/\/www.coloredcaramel.com\/es\/wp-json\/wp\/v2\/media\/23811"}],"wp:attachment":[{"href":"https:\/\/www.coloredcaramel.com\/es\/wp-json\/wp\/v2\/media?parent=23795"}],"wp:term":[{"taxonomy":"product_brand","embeddable":true,"href":"https:\/\/www.coloredcaramel.com\/es\/wp-json\/wp\/v2\/product_brand?post=23795"},{"taxonomy":"product_cat","embeddable":true,"href":"https:\/\/www.coloredcaramel.com\/es\/wp-json\/wp\/v2\/product_cat?post=23795"},{"taxonomy":"product_tag","embeddable":true,"href":"https:\/\/www.coloredcaramel.com\/es\/wp-json\/wp\/v2\/product_tag?post=23795"}],"curies":[{"name":"wp","href":"https:\/\/api.w.org\/{rel}","templated":true}]}}