{"id":23518,"date":"2025-10-09T13:10:12","date_gmt":"2025-10-09T13:10:12","guid":{"rendered":"https:\/\/www.coloredcaramel.com\/product\/dias-de-lupulo-libro-para-colorear-de-pascua-bonito-atrevido-y-facil\/"},"modified":"2026-04-06T08:25:06","modified_gmt":"2026-04-06T08:25:06","slug":"dias-de-lupulo-libro-para-colorear-de-pascua-bonito-atrevido-y-facil","status":"publish","type":"product","link":"https:\/\/www.coloredcaramel.com\/es\/product\/dias-de-lupulo-libro-para-colorear-de-pascua-bonito-atrevido-y-facil\/","title":{"rendered":"D\u00edas de L\u00fapulo: Libro para Colorear de Pascua, Bonito, Atrevido y F\u00e1cil"},"content":{"rendered":"<p><span style=\"font-family: 'comic sans ms', sans-serif;\"><strong data-start=\"178\" data-end=\"198\">\u00a1Salta a la primavera!<\/strong><\/span><br data-start=\"198\" data-end=\"201\"><span style=\"font-family: 'comic sans ms', sans-serif;\"><em data-start=\"203\" data-end=\"255\">D\u00edas alegres: Cute, Bold &amp; Easy Easter Coloring<\/em> Book est\u00e1 repleto de alegres conejitos, pollitos mirones, adorables corderitos, tulipanes, huevos y zanahorias, ilustrados con contornos llamativos y f\u00e1ciles de colorear.<\/span><br \/>\n<span style=\"font-family: 'comic sans ms', sans-serif;\">Una actividad dulce, sin pantallas y perfecta para llenar la cesta de Pascua.<\/span><\/p>\n<p><span style=\"font-family: 'comic sans ms', sans-serif;\">Por qu\u00e9 te encantar\u00e1:<\/span><br \/>\n<span style=\"font-family: 'comic sans ms', sans-serif;\">&#8211; Ilustraciones atrevidas y f\u00e1ciles de colorear, perfectas para momentos de relax.<\/span><br \/>\n<span style=\"font-family: 'comic sans ms', sans-serif;\">&#8211; Un PDF completo con 40 dise\u00f1os \u00fanicos, \u00a1sin repetir!<\/span><br \/>\n<span style=\"font-family: 'comic sans ms', sans-serif;\">&#8211; El tama\u00f1o de p\u00e1gina es 8,5 x 8,5 pulgadas &#8211; mejor imprimir en papel de 8,5 x 11 pulgadas.<\/span><br \/>\n<span style=\"font-family: 'comic sans ms', sans-serif;\">&#8211; Perfecto para adultos y adolescentes a los que les encanta colorear.<\/span><br \/>\n<span style=\"font-family: 'comic sans ms', sans-serif;\">&#8211; Abraza la primavera con momentos de calma y creatividad.<\/span><br \/>\n<span style=\"font-family: 'comic sans ms', sans-serif;\">&#8211; Bonito regalo.<\/span><\/p>\n<p><span style=\"font-family: 'comic sans ms', sans-serif;\">**IMPORTANTE**<\/span><br \/>\n<span style=\"font-family: 'comic sans ms', sans-serif;\">&#8211; Se trata de un libro electr\u00f3nico descargable que puedes imprimir en casa; no se enviar\u00e1n copias f\u00edsicas.<\/span><br \/>\n<span style=\"font-family: 'comic sans ms', sans-serif;\">&#8211; \u00a1S\u00d3LO PARA USO PERSONAL\/PRIVADO! No se permite el uso comercial. <\/span><br \/>\n<span style=\"font-family: 'comic sans ms', sans-serif;\">&#8211; El libro tiene derechos de autor y NO SE PERMITE LA PRODUCCI\u00d3N MASIVA NI LA REVENTA.<\/span><\/p>\n<p><span style=\"font-family: 'comic sans ms', sans-serif;\">\u00a1Consigue tu ejemplar hoy mismo y da vida a estas simp\u00e1ticas p\u00e1ginas de Pascua!<\/span><\/p>\n<p><span style=\"font-family: 'comic sans ms', sans-serif;\">Si tienes alguna pregunta, env\u00edanos un mensaje \ud83d\ude42<\/span><\/p>\n","protected":false},"excerpt":{"rendered":"<p>\u00a1Salta a la primavera!D\u00edas alegres: Cute, Bold &amp; Easy Easter Coloring Book est\u00e1 repleto de alegres conejitos, pollitos mirones, adorables corderitos, tulipanes, huevos y zanahorias, ilustrados con contornos llamativos y f\u00e1ciles de colorear. Una actividad dulce, sin pantallas y perfecta para llenar la cesta de Pascua. Por qu\u00e9 te encantar\u00e1: &#8211; Ilustraciones atrevidas y f\u00e1ciles<\/p>\n<div class=\"klb-readmore button\"><a class=\"btn link\" href=\"https:\/\/www.coloredcaramel.com\/es\/product\/dias-de-lupulo-libro-para-colorear-de-pascua-bonito-atrevido-y-facil\/\">Read More <i class=\"klbth-icon-right-arrow\"><\/i><\/a><\/div>\n","protected":false},"featured_media":23520,"template":"","meta":{"_acf_changed":false,"_glsr_average":0,"_glsr_ranking":0,"_glsr_reviews":0},"product_brand":[],"product_cat":[1462,1388],"product_tag":[],"class_list":{"0":"post-23518","1":"product","2":"type-product","3":"status-publish","4":"has-post-thumbnail","6":"product_cat-pascua","7":"product_cat-libros-para-colorear","9":"first","10":"instock","11":"sold-individually","12":"shipping-taxable","13":"purchasable","14":"product-type-variable"},"bundled_by":[],"bundle_stock_status":"instock","bundle_stock_quantity":null,"bundle_virtual":false,"bundle_layout":"","bundle_add_to_cart_form_location":"","bundle_editable_in_cart":false,"bundle_sold_individually_context":"","bundle_item_grouping":"","bundle_min_size":"","bundle_max_size":"","bundle_price":[],"bundled_items":[],"bundle_sell_ids":[],"acf":[],"_links":{"self":[{"href":"https:\/\/www.coloredcaramel.com\/es\/wp-json\/wp\/v2\/product\/23518","targetHints":{"allow":["GET"]}}],"collection":[{"href":"https:\/\/www.coloredcaramel.com\/es\/wp-json\/wp\/v2\/product"}],"about":[{"href":"https:\/\/www.coloredcaramel.com\/es\/wp-json\/wp\/v2\/types\/product"}],"wp:featuredmedia":[{"embeddable":true,"href":"https:\/\/www.coloredcaramel.com\/es\/wp-json\/wp\/v2\/media\/23520"}],"wp:attachment":[{"href":"https:\/\/www.coloredcaramel.com\/es\/wp-json\/wp\/v2\/media?parent=23518"}],"wp:term":[{"taxonomy":"product_brand","embeddable":true,"href":"https:\/\/www.coloredcaramel.com\/es\/wp-json\/wp\/v2\/product_brand?post=23518"},{"taxonomy":"product_cat","embeddable":true,"href":"https:\/\/www.coloredcaramel.com\/es\/wp-json\/wp\/v2\/product_cat?post=23518"},{"taxonomy":"product_tag","embeddable":true,"href":"https:\/\/www.coloredcaramel.com\/es\/wp-json\/wp\/v2\/product_tag?post=23518"}],"curies":[{"name":"wp","href":"https:\/\/api.w.org\/{rel}","templated":true}]}}