{"id":23290,"date":"2025-11-20T05:57:51","date_gmt":"2025-11-20T05:57:51","guid":{"rendered":"https:\/\/www.coloredcaramel.com\/product\/libro-para-colorear-sweet-days-cute-cozy-relajacion-comoda-para-adultos-y-adolescentes\/"},"modified":"2026-04-06T08:24:43","modified_gmt":"2026-04-06T08:24:43","slug":"libro-para-colorear-sweet-days-cute-cozy-relajacion-comoda-para-adultos-y-adolescentes","status":"publish","type":"product","link":"https:\/\/www.coloredcaramel.com\/es\/product\/libro-para-colorear-sweet-days-cute-cozy-relajacion-comoda-para-adultos-y-adolescentes\/","title":{"rendered":"Libro para colorear Sweet Days Cute &amp; Cozy: Relajaci\u00f3n c\u00f3moda para adultos y adolescentes"},"content":{"rendered":"<p><span style=\"font-weight: 400; font-family: 'comic sans ms', sans-serif; font-size: 12pt;\">Libro para colorear Sweet Days Cute &amp; Cozy: Relajaci\u00f3n c\u00f3moda para adultos y adolescentes<\/span><\/p>\n<h3><span style=\"font-family: 'comic sans ms', sans-serif; font-size: 12pt;\"><b>Prep\u00e1rate para lo m\u00e1s <\/b><b>\u00a1coraz\u00f3n! p\u00e1ginas para colorear<\/b><b>\u00a1! \u2728<\/b><\/span><\/h3>\n<p><span style=\"font-family: 'comic sans ms', sans-serif; font-size: 12pt;\"><span style=\"font-weight: 400;\">Bienvenido a <\/span><i><span style=\"font-weight: 400;\">Dulces d\u00edas<\/span><\/i><span style=\"font-weight: 400;\">un libro para colorear lleno de simp\u00e1ticos amiguitos y acogedoras escenas cotidianas. Coge tus rotuladores, acurr\u00facate en alg\u00fan lugar suave y deja que brille tu imaginaci\u00f3n. \u2728<\/span><\/span><\/p>\n<p><span style=\"font-weight: 400; font-family: 'comic sans ms', sans-serif; font-size: 12pt;\">\u00a1Cada p\u00e1gina est\u00e1 esperando tu toque m\u00e1gico! \ud83d\udc97<\/span><\/p>\n<p><span style=\"font-family: 'comic sans ms', sans-serif; font-size: 12pt;\"><span style=\"font-weight: 400;\">\ud83e\udde1 <\/span><b>Por qu\u00e9 nos encanta:<\/b><\/span><\/p>\n<ul>\n<li><span style=\"font-weight: 400; font-family: 'comic sans ms', sans-serif; font-size: 12pt;\">  Dise\u00f1os adorables y atrevidos para disfrutar de momentos acogedores coloreando.<\/span><\/li>\n<li><span style=\"font-weight: 400; font-family: 'comic sans ms', sans-serif; font-size: 12pt;\">  PDF con 40 ilustraciones \u00fanicas y festivas &#8211; (\u00a1sin repeticiones!).<\/span><\/li>\n<li><span style=\"font-weight: 400; font-family: 'comic sans ms', sans-serif; font-size: 12pt;\">  \u00a1incluye muestrarios de colores y peque\u00f1os espacios para jugar con paletas y estampados!<\/span><\/li>\n<li><span style=\"font-weight: 400; font-family: 'comic sans ms', sans-serif; font-size: 12pt;\">  El tama\u00f1o de p\u00e1gina es 8,5 x 8,5 pulgadas &#8211; mejor imprimir en papel de 8,5 x 11 pulgadas.<\/span><\/li>\n<li><span style=\"font-weight: 400; font-family: 'comic sans ms', sans-serif; font-size: 12pt;\">  Hecho para adultos y adolescentes a los que les gustan las ilustraciones bonitas, acogedoras y relajantes.<\/span><\/li>\n<li><span style=\"font-weight: 400; font-family: 'comic sans ms', sans-serif; font-size: 12pt;\">  Tu escape tranquilo del estr\u00e9s diario<\/span><\/li>\n<li><span style=\"font-weight: 400; font-family: 'comic sans ms', sans-serif; font-size: 12pt;\">Perfecto como regalo considerado.<\/span><\/li>\n<\/ul>\n<h3><span style=\"font-family: 'comic sans ms', sans-serif; font-size: 12pt;\"><span style=\"font-weight: 400;\">Elige tu favorito: <\/span><b>\u00a1Digital o R\u00fastica!<br \/>\n<\/b><span style=\"font-weight: 400;\">\ud83e\udde1 Consigue tu <\/span><b>copia digital<\/b><span style=\"font-weight: 400;\"> aqu\u00ed, o<br \/>\n<\/span><span style=\"font-weight: 400;\">\ud83d\udc9a Selecciona <\/span><b>edici\u00f3n de bolsillo<\/b><span style=\"font-weight: 400;\"> \u00a1para pedirlo en Amazon!<\/span><\/span><\/h3>\n<h3><span style=\"font-family: 'comic sans ms', sans-serif; font-size: 12pt;\"><span style=\"font-weight: 400;\">\u2728 <\/span><b>Importante<\/b><span style=\"font-weight: 400;\"> \u2728<\/span><span style=\"font-weight: 400;\"><br \/>\n<\/span><span style=\"font-weight: 400;\">\ud83e\udde1 Este es un libro para colorear digital e imprimible.<\/span><span style=\"font-weight: 400;\"><br \/>\n<\/span><span style=\"font-weight: 400;\">\ud83d\udeab No se enviar\u00e1n copias f\u00edsicas.<\/span><span style=\"font-weight: 400;\"><br \/>\n<\/span><span style=\"font-weight: 400;\">\ud83c\udfe1 Puedes descargarlo e imprimirlo en casa tantas veces como quieras, s\u00f3lo para uso personal.<\/span><span style=\"font-weight: 400;\"><br \/>\n<\/span><span style=\"font-weight: 400;\">\ud83d\udc95 Prohibido el uso comercial: no vendas, compartas ni redistribuyas estas p\u00e1ginas.<\/span><span style=\"font-weight: 400;\"><br \/>\n<\/span><span style=\"font-weight: 400;\">\ud83c\udfa8 No utilices los dise\u00f1os para crear nuevos productos (como pegatinas, libros o merch).<\/span><span style=\"font-weight: 400;\"><br \/>\n<\/span><span style=\"font-weight: 400;\">\ud83d\udcf8 Puedes compartir tus p\u00e1ginas coloreadas en Internet, s\u00f3lo tienes que dar cr\u00e9dito a Caramelo coloreado.<\/span><span style=\"font-weight: 400;\"><br \/>\n<\/span><span style=\"font-weight: 400;\">\ud83d\udd8b\ufe0f Todos los dise\u00f1os tienen copyright de Colored Caramel. Por favor, respeta nuestro trabajo y creatividad. <\/span><span style=\"font-weight: 400;\"><br \/>\n<\/span><span style=\"font-weight: 400;\"><br \/>\n<\/span><span style=\"font-weight: 400;\">Preparados, listos, \u00a1color! \u2728 \u00a1Coge tu ejemplar y sum\u00e9rgete en un mundo de pura monada!   <\/span><\/span><\/h3>\n<p><span style=\"font-weight: 400; font-family: 'comic sans ms', sans-serif; font-size: 12pt;\">Si tienes alguna duda env\u00edanos un mensaje \ud83e\udde1<\/span><\/p>\n<p>&nbsp;<\/p>\n","protected":false},"excerpt":{"rendered":"<p>Libro para colorear Sweet Days Cute &amp; Cozy: Relajaci\u00f3n c\u00f3moda para adultos y adolescentes Prep\u00e1rate para lo m\u00e1s \u00a1coraz\u00f3n! p\u00e1ginas para colorear\u00a1! \u2728 Bienvenido a Dulces d\u00edasun libro para colorear lleno de simp\u00e1ticos amiguitos y acogedoras escenas cotidianas. Coge tus rotuladores, acurr\u00facate en alg\u00fan lugar suave y deja que brille tu imaginaci\u00f3n. \u2728 \u00a1Cada p\u00e1gina<\/p>\n<div class=\"klb-readmore button\"><a class=\"btn link\" href=\"https:\/\/www.coloredcaramel.com\/es\/product\/libro-para-colorear-sweet-days-cute-cozy-relajacion-comoda-para-adultos-y-adolescentes\/\">Read More <i class=\"klbth-icon-right-arrow\"><\/i><\/a><\/div>\n","protected":false},"featured_media":23298,"template":"","meta":{"_acf_changed":false,"_glsr_average":0,"_glsr_ranking":0,"_glsr_reviews":0},"product_brand":[],"product_cat":[1402,1388,1448],"product_tag":[],"class_list":{"0":"post-23290","1":"product","2":"type-product","3":"status-publish","4":"has-post-thumbnail","6":"product_cat-kawaii","7":"product_cat-libros-para-colorear","8":"product_cat-relajacion","10":"first","11":"instock","12":"sold-individually","13":"shipping-taxable","14":"purchasable","15":"product-type-variable"},"bundled_by":[],"bundle_stock_status":"instock","bundle_stock_quantity":null,"bundle_virtual":false,"bundle_layout":"","bundle_add_to_cart_form_location":"","bundle_editable_in_cart":false,"bundle_sold_individually_context":"","bundle_item_grouping":"","bundle_min_size":"","bundle_max_size":"","bundle_price":[],"bundled_items":[],"bundle_sell_ids":[],"acf":[],"_links":{"self":[{"href":"https:\/\/www.coloredcaramel.com\/es\/wp-json\/wp\/v2\/product\/23290","targetHints":{"allow":["GET"]}}],"collection":[{"href":"https:\/\/www.coloredcaramel.com\/es\/wp-json\/wp\/v2\/product"}],"about":[{"href":"https:\/\/www.coloredcaramel.com\/es\/wp-json\/wp\/v2\/types\/product"}],"wp:featuredmedia":[{"embeddable":true,"href":"https:\/\/www.coloredcaramel.com\/es\/wp-json\/wp\/v2\/media\/23298"}],"wp:attachment":[{"href":"https:\/\/www.coloredcaramel.com\/es\/wp-json\/wp\/v2\/media?parent=23290"}],"wp:term":[{"taxonomy":"product_brand","embeddable":true,"href":"https:\/\/www.coloredcaramel.com\/es\/wp-json\/wp\/v2\/product_brand?post=23290"},{"taxonomy":"product_cat","embeddable":true,"href":"https:\/\/www.coloredcaramel.com\/es\/wp-json\/wp\/v2\/product_cat?post=23290"},{"taxonomy":"product_tag","embeddable":true,"href":"https:\/\/www.coloredcaramel.com\/es\/wp-json\/wp\/v2\/product_tag?post=23290"}],"curies":[{"name":"wp","href":"https:\/\/api.w.org\/{rel}","templated":true}]}}