{"id":20337,"date":"2023-03-13T07:16:00","date_gmt":"2023-03-13T07:16:00","guid":{"rendered":"https:\/\/www.coloredcaramel.com\/politica-de-devoluciones-y-reembolsos\/"},"modified":"2026-02-04T18:25:31","modified_gmt":"2026-02-04T18:25:31","slug":"politica-de-devoluciones-y-reembolsos","status":"publish","type":"page","link":"https:\/\/www.coloredcaramel.com\/es\/politica-de-devoluciones-y-reembolsos\/","title":{"rendered":"Pol\u00edtica de devoluciones y reembolsos"},"content":{"rendered":"\t\t<div data-elementor-type=\"wp-page\" data-elementor-id=\"20337\" class=\"elementor elementor-20337 elementor-8479\" data-elementor-post-type=\"page\">\n\t\t\t\t\t\t<section class=\"elementor-section elementor-top-section elementor-element elementor-element-b101c29 elementor-section-boxed elementor-section-height-default elementor-section-height-default\" data-id=\"b101c29\" data-element_type=\"section\">\n\t\t\t\t\t\t<div class=\"elementor-container elementor-column-gap-default\">\n\t\t\t\t\t<div class=\"elementor-column elementor-col-100 elementor-top-column elementor-element elementor-element-f4af0e6\" data-id=\"f4af0e6\" data-element_type=\"column\">\n\t\t\t<div class=\"elementor-widget-wrap elementor-element-populated\">\n\t\t\t\t\t\t<div class=\"elementor-element elementor-element-3aa9e6a elementor-widget elementor-widget-text-editor\" data-id=\"3aa9e6a\" data-element_type=\"widget\" data-widget_type=\"text-editor.default\">\n\t\t\t\t<div class=\"elementor-widget-container\">\n\t\t\t\t\t\t\t\t\t<h1 data-start=\"175\" data-end=\"208\">\ud83e\uddfe Pol\u00edtica de devoluciones y reembolsos<\/h1>\n<p data-start=\"209\" data-end=\"239\"><strong data-start=\"209\" data-end=\"239\">\u00daltima actualizaci\u00f3n: 7 de junio de 2025<\/strong><\/p>\n<p data-start=\"241\" data-end=\"464\">En <strong data-start=\"244\" data-end=\"263\">Colored Caramel<\/strong>, nos comprometemos a proporcionarte una experiencia de coloreado deliciosa a trav\u00e9s de nuestros productos digitales y f\u00edsicos. Consulta a continuaci\u00f3n nuestra pol\u00edtica de devoluciones y reembolsos, en funci\u00f3n del tipo de producto que hayas adquirido. <\/p>\n<h3 data-start=\"466\" data-end=\"519\">\ud83d\udda5\ufe0f Productos digitales (comprados en nuestro sitio web)<\/h3>\n<p data-start=\"520\" data-end=\"634\">Todos los libros digitales para colorear y archivos descargables vendidos a trav\u00e9s del sitio web de Colored Caramel <strong data-start=\"615\" data-end=\"633\">no son reembolsables<\/strong>.<\/p>\n<p data-start=\"636\" data-end=\"813\">Debido a la naturaleza de la entrega digital instant\u00e1nea, <strong data-start=\"686\" data-end=\"728\">no aceptamos devoluciones ni reembolsos de<\/strong> productos digitales. Una vez entregados los archivos, se consideran definitivos. <\/p>\n<p data-start=\"815\" data-end=\"984\">\u2757 <strong data-start=\"817\" data-end=\"831\">Importante:<\/strong><br data-start=\"831\" data-end=\"834\">Lee atentamente la descripci\u00f3n del producto antes de realizar la compra. Si tienes alguna pregunta, no dudes en ponerte en contacto con nosotros antes de hacer el pedido. <\/p>\n<h3 data-start=\"986\" data-end=\"1035\">\ud83d\udce6 Productos f\u00edsicos (comprados a trav\u00e9s de Amazon)<\/h3>\n<p data-start=\"1036\" data-end=\"1183\">Nuestros libros para colorear f\u00edsicos (como las ediciones en r\u00fastica) se venden a trav\u00e9s de <strong data-start=\"1161\" data-end=\"1182\">Amazon<\/strong>, y cualquier devoluci\u00f3n o reembolso est\u00e1 sujeto a <strong data-start=\"1161\" data-end=\"1182\">las pol\u00edticas de Amazon<\/strong>.<\/p>\n<p data-start=\"1185\" data-end=\"1209\">Amazon generalmente lo permite:<\/p>\n<ul data-start=\"1210\" data-end=\"1347\">\n<li data-start=\"1210\" data-end=\"1252\">\n<p data-start=\"1212\" data-end=\"1252\">Devoluciones en los <strong data-start=\"1227\" data-end=\"1238\">30 d\u00edas<\/strong> siguientes a la entrega<\/p>\n<\/li>\n<li data-start=\"1253\" data-end=\"1298\">\n<p data-start=\"1255\" data-end=\"1298\">Reembolsos procesados a trav\u00e9s de tu cuenta de Amazon<\/p>\n<\/li>\n<li data-start=\"1299\" data-end=\"1347\">\n<p data-start=\"1301\" data-end=\"1347\">Etiquetas de devoluci\u00f3n prepagadas (cuando sean elegibles)<\/p>\n<\/li>\n<\/ul>\n<p data-start=\"1349\" data-end=\"1448\">Para devolver un producto f\u00edsico, ve a tu historial de pedidos de Amazon y sigue sus instrucciones.<\/p>\n<h3 data-start=\"1450\" data-end=\"1469\">\ud83d\udcac \u00bfNecesitas ayuda?<\/h3>\n<p data-start=\"1470\" data-end=\"1531\">Si tienes preguntas o dudas, estaremos encantados de ayudarte.<\/p>\n<p data-start=\"1533\" data-end=\"1616\">\ud83d\udce7 <strong data-start=\"1536\" data-end=\"1552\">Env\u00edanos un correo electr\u00f3nico a:<\/strong> <a class=\"cursor-pointer\" rel=\"noopener\" data-start=\"1553\" data-end=\"1616\">support@coloredcaramel.com<\/a><\/p>\t\t\t\t\t\t\t\t<\/div>\n\t\t\t\t<\/div>\n\t\t\t\t\t<\/div>\n\t\t<\/div>\n\t\t\t\t\t<\/div>\n\t\t<\/section>\n\t\t\t\t<\/div>\n\t\t","protected":false},"excerpt":{"rendered":"<p>\ud83e\uddfe Pol\u00edtica de devoluciones y reembolsos \u00daltima actualizaci\u00f3n: 7 de junio de 2025 En Colored Caramel, nos comprometemos a proporcionarte una experiencia de coloreado deliciosa a trav\u00e9s de nuestros productos digitales y f\u00edsicos. Consulta a continuaci\u00f3n nuestra pol\u00edtica de devoluciones y reembolsos, en funci\u00f3n del tipo de producto que hayas adquirido. \ud83d\udda5\ufe0f Productos digitales (comprados<\/p>\n<div class=\"klb-readmore button\"><a class=\"btn link\" href=\"https:\/\/www.coloredcaramel.com\/es\/politica-de-devoluciones-y-reembolsos\/\">Read More <i class=\"klbth-icon-right-arrow\"><\/i><\/a><\/div>\n","protected":false},"author":2,"featured_media":0,"parent":0,"menu_order":0,"comment_status":"closed","ping_status":"closed","template":"","meta":{"_acf_changed":false,"_glsr_average":0,"_glsr_ranking":0,"_glsr_reviews":0,"footnotes":""},"class_list":["post-20337","page","type-page","status-publish","hentry"],"acf":[],"_links":{"self":[{"href":"https:\/\/www.coloredcaramel.com\/es\/wp-json\/wp\/v2\/pages\/20337","targetHints":{"allow":["GET"]}}],"collection":[{"href":"https:\/\/www.coloredcaramel.com\/es\/wp-json\/wp\/v2\/pages"}],"about":[{"href":"https:\/\/www.coloredcaramel.com\/es\/wp-json\/wp\/v2\/types\/page"}],"author":[{"embeddable":true,"href":"https:\/\/www.coloredcaramel.com\/es\/wp-json\/wp\/v2\/users\/2"}],"replies":[{"embeddable":true,"href":"https:\/\/www.coloredcaramel.com\/es\/wp-json\/wp\/v2\/comments?post=20337"}],"version-history":[{"count":1,"href":"https:\/\/www.coloredcaramel.com\/es\/wp-json\/wp\/v2\/pages\/20337\/revisions"}],"predecessor-version":[{"id":20406,"href":"https:\/\/www.coloredcaramel.com\/es\/wp-json\/wp\/v2\/pages\/20337\/revisions\/20406"}],"wp:attachment":[{"href":"https:\/\/www.coloredcaramel.com\/es\/wp-json\/wp\/v2\/media?parent=20337"}],"curies":[{"name":"wp","href":"https:\/\/api.w.org\/{rel}","templated":true}]}}