{"id":18479,"date":"2021-04-15T07:11:05","date_gmt":"2021-04-15T07:11:05","guid":{"rendered":"https:\/\/www.coloredcaramel.com\/acerca-de\/"},"modified":"2026-02-04T17:40:16","modified_gmt":"2026-02-04T17:40:16","slug":"acerca-de","status":"publish","type":"page","link":"https:\/\/www.coloredcaramel.com\/es\/acerca-de\/","title":{"rendered":"Acerca de"},"content":{"rendered":"\t\t<div data-elementor-type=\"wp-page\" data-elementor-id=\"18479\" class=\"elementor elementor-18479 elementor-14\" data-elementor-post-type=\"page\">\n\t\t\t\t\t\t<section class=\"elementor-section elementor-top-section elementor-element elementor-element-2531e8a elementor-section-height-min-height elementor-section-boxed elementor-section-height-default elementor-section-items-middle\" data-id=\"2531e8a\" data-element_type=\"section\" data-settings=\"{&quot;background_background&quot;:&quot;classic&quot;}\">\n\t\t\t\t\t\t<div class=\"elementor-container elementor-column-gap-no\">\n\t\t\t\t\t<div class=\"elementor-column elementor-col-100 elementor-top-column elementor-element elementor-element-350e1ac\" data-id=\"350e1ac\" data-element_type=\"column\">\n\t\t\t<div class=\"elementor-widget-wrap elementor-element-populated\">\n\t\t\t\t\t\t<div class=\"elementor-element elementor-element-6bc902f elementor-widget elementor-widget-heading\" data-id=\"6bc902f\" data-element_type=\"widget\" data-widget_type=\"heading.default\">\n\t\t\t\t<div class=\"elementor-widget-container\">\n\t\t\t\t\t<h1 class=\"elementor-heading-title elementor-size-large\">Sobre nosotros<\/h1>\t\t\t\t<\/div>\n\t\t\t\t<\/div>\n\t\t\t\t\t<\/div>\n\t\t<\/div>\n\t\t\t\t\t<\/div>\n\t\t<\/section>\n\t\t\t\t<section class=\"elementor-section elementor-top-section elementor-element elementor-element-25623b6 elementor-section-boxed elementor-section-height-default elementor-section-height-default\" data-id=\"25623b6\" data-element_type=\"section\" data-settings=\"{&quot;background_background&quot;:&quot;classic&quot;}\">\n\t\t\t\t\t\t<div class=\"elementor-container elementor-column-gap-no\">\n\t\t\t\t\t<div class=\"elementor-column elementor-col-100 elementor-top-column elementor-element elementor-element-d37733e\" data-id=\"d37733e\" data-element_type=\"column\">\n\t\t\t<div class=\"elementor-widget-wrap elementor-element-populated\">\n\t\t\t\t\t\t<div class=\"elementor-element elementor-element-b6473ae elementor-widget elementor-widget-heading\" data-id=\"b6473ae\" data-element_type=\"widget\" data-widget_type=\"heading.default\">\n\t\t\t\t<div class=\"elementor-widget-container\">\n\t\t\t\t\t<h2 class=\"elementor-heading-title elementor-size-default\">Acerca del caramelo de color<\/h2>\t\t\t\t<\/div>\n\t\t\t\t<\/div>\n\t\t\t\t<section class=\"elementor-section elementor-inner-section elementor-element elementor-element-3632888 elementor-section-boxed elementor-section-height-default elementor-section-height-default\" data-id=\"3632888\" data-element_type=\"section\">\n\t\t\t\t\t\t<div class=\"elementor-container elementor-column-gap-no\">\n\t\t\t\t\t<div class=\"elementor-column elementor-col-50 elementor-inner-column elementor-element elementor-element-994a3bf\" data-id=\"994a3bf\" data-element_type=\"column\">\n\t\t\t<div class=\"elementor-widget-wrap elementor-element-populated\">\n\t\t\t\t\t\t<div class=\"elementor-element elementor-element-bd533b2 elementor-widget elementor-widget-heading\" data-id=\"bd533b2\" data-element_type=\"widget\" data-widget_type=\"heading.default\">\n\t\t\t\t<div class=\"elementor-widget-container\">\n\t\t\t\t\t<h3 class=\"elementor-heading-title elementor-size-small\"><b><span id=\"docs-internal-guid-2847a78f-7fff-5a26-6dbe-685ffa2fa462\"><span style=\"font-size: 11pt;font-family: Arial;background-color: transparent;vertical-align: baseline\">Colored Caramel es una editorial impulsada por un peque\u00f1o pero vibrante equipo de creadores y artistas. Ponemos toda nuestra energ\u00eda en crear libros (para colorear) \u00fanicos. &nbsp; <\/span><\/span><\/b><\/h3>\t\t\t\t<\/div>\n\t\t\t\t<\/div>\n\t\t\t\t<div class=\"elementor-element elementor-element-1f55b35 elementor-widget elementor-widget-heading\" data-id=\"1f55b35\" data-element_type=\"widget\" data-widget_type=\"heading.default\">\n\t\t\t\t<div class=\"elementor-widget-container\">\n\t\t\t\t\t<h6 class=\"elementor-heading-title elementor-size-default\"><span style=\"font-weight:normal\" id=\"docs-internal-guid-186c8137-7fff-1e92-d6a5-214efa2b954c\"><p dir=\"ltr\" style=\"line-height:1.38;margin-top:0pt;margin-bottom:0pt\"><span style=\"font-size: 11pt;font-family: Arial;background-color: transparent;vertical-align: baseline\">Nuestros libros abarcan diferentes estilos: desde kawaii s\u00faper dulce, g\u00f3tico pastel bonito y espeluznante, zombis, animales, gnomos, juegos de palabras, Navidad, Halloween, San Valent\u00edn, \u00a1y mucho m\u00e1s!<\/span><\/p><br><p dir=\"ltr\" style=\"line-height:1.38;margin-top:0pt;margin-bottom:0pt\"><span style=\"font-size: 11pt;font-family: Arial;background-color: transparent;vertical-align: baseline\">Detr\u00e1s de cada libro hay mucha investigaci\u00f3n, lluvia de ideas, trabajo duro y amor.&nbsp;<\/span><\/p><div><span style=\"font-size: 11pt;font-family: Arial;background-color: transparent;vertical-align: baseline\"><br><\/span><\/div><\/span><\/h6>\t\t\t\t<\/div>\n\t\t\t\t<\/div>\n\t\t\t\t<div class=\"elementor-element elementor-element-da1e56b elementor-widget elementor-widget-text-editor\" data-id=\"da1e56b\" data-element_type=\"widget\" data-widget_type=\"text-editor.default\">\n\t\t\t\t<div class=\"elementor-widget-container\">\n\t\t\t\t\t\t\t\t\t<p><b>Nuestro proceso<br><\/b><span style=\"font-weight: 400;\">En primer lugar, decidimos el tema: siempre intentamos combinar nuestra inspiraci\u00f3n con los deseos de nuestros fans. Despu\u00e9s comienza el divertido proceso de creaci\u00f3n. Reunimos ideas e instrucciones para cada ilustraci\u00f3n del libro.<\/span><\/p><p><span style=\"font-weight: 400;\">En el siguiente paso, damos vida a las ideas y dibujamos las ilustraciones. Cuando estamos 100% contentos con las ilustraciones, s\u00f3lo falta la portada. Para crear una, elegimos nuestro dise\u00f1o favorito y lo coloreamos. Finalmente, el libro est\u00e1 listo para salir al mundo, y esperamos que haga feliz a mucha gente.   <\/span><\/p>\t\t\t\t\t\t\t\t<\/div>\n\t\t\t\t<\/div>\n\t\t\t\t<div class=\"elementor-element elementor-element-341e0a6 elementor-widget elementor-widget-text-editor\" data-id=\"341e0a6\" data-element_type=\"widget\" data-widget_type=\"text-editor.default\">\n\t\t\t\t<div class=\"elementor-widget-container\">\n\t\t\t\t\t\t\t\t\t<p><b>Qu\u00e9 significa para nosotros colorear<\/b><\/p><p><span style=\"font-weight: 400;\">Nos encanta el arte, y creemos que se puede encontrar y expresar de distintas maneras. Creemos que la creatividad abre la puerta a nuevas ideas y a la calma y aporta felicidad y emoci\u00f3n. Queremos demostrarte a ti, nuestra encantadora clienta, que eres muy creativa y que hay un artista dentro de ti. Y, a trav\u00e9s de nuestros libros para colorear, queremos conectar contigo y crear algunas creaciones \u00fanicas combinando nuestras ilustraciones con tu forma \u00fanica de colorearlas.   <\/span><\/p><p><span style=\"font-weight: 400;\">Gracias por acompa\u00f1arnos en nuestro viaje,<br><\/span><span style=\"font-weight: 400;\">El equipo de Colored Caramel<\/span><\/p>\t\t\t\t\t\t\t\t<\/div>\n\t\t\t\t<\/div>\n\t\t\t\t\t<\/div>\n\t\t<\/div>\n\t\t\t\t<div class=\"elementor-column elementor-col-50 elementor-inner-column elementor-element elementor-element-5be30be\" data-id=\"5be30be\" data-element_type=\"column\">\n\t\t\t<div class=\"elementor-widget-wrap elementor-element-populated\">\n\t\t\t\t\t\t<div class=\"elementor-element elementor-element-7bb429d elementor-widget elementor-widget-image\" data-id=\"7bb429d\" data-element_type=\"widget\" data-widget_type=\"image.default\">\n\t\t\t\t<div class=\"elementor-widget-container\">\n\t\t\t\t\t\t\t\t\t\t\t\t\t\t\t<img fetchpriority=\"high\" decoding=\"async\" width=\"400\" height=\"400\" src=\"https:\/\/www.coloredcaramel.com\/wp-content\/uploads\/2022\/05\/Untitled-design-13.png\" class=\"attachment-full size-full wp-image-18482\" alt=\"\" srcset=\"https:\/\/www.coloredcaramel.com\/wp-content\/uploads\/2022\/05\/Untitled-design-13.png 400w, https:\/\/www.coloredcaramel.com\/wp-content\/uploads\/2022\/05\/Untitled-design-13-300x300.png 300w, https:\/\/www.coloredcaramel.com\/wp-content\/uploads\/2022\/05\/Untitled-design-13-100x100.png 100w, https:\/\/www.coloredcaramel.com\/wp-content\/uploads\/2022\/05\/Untitled-design-13-150x150.png 150w\" sizes=\"(max-width: 400px) 100vw, 400px\" \/>\t\t\t\t\t\t\t\t\t\t\t\t\t\t\t<\/div>\n\t\t\t\t<\/div>\n\t\t\t\t\t<\/div>\n\t\t<\/div>\n\t\t\t\t\t<\/div>\n\t\t<\/section>\n\t\t\t\t\t<\/div>\n\t\t<\/div>\n\t\t\t\t\t<\/div>\n\t\t<\/section>\n\t\t\t\t<section class=\"elementor-section elementor-top-section elementor-element elementor-element-6bd2c2a elementor-section-boxed elementor-section-height-default elementor-section-height-default\" data-id=\"6bd2c2a\" data-element_type=\"section\" data-settings=\"{&quot;background_background&quot;:&quot;classic&quot;}\">\n\t\t\t\t\t\t<div class=\"elementor-container elementor-column-gap-no\">\n\t\t\t\t\t<div class=\"elementor-column elementor-col-100 elementor-top-column elementor-element elementor-element-8fd2328\" data-id=\"8fd2328\" data-element_type=\"column\">\n\t\t\t<div class=\"elementor-widget-wrap elementor-element-populated\">\n\t\t\t\t\t\t<div class=\"elementor-element elementor-element-c07693f elementor-widget elementor-widget-heading\" data-id=\"c07693f\" data-element_type=\"widget\" data-widget_type=\"heading.default\">\n\t\t\t\t<div class=\"elementor-widget-container\">\n\t\t\t\t\t<h2 class=\"elementor-heading-title elementor-size-default\">qu\u00e9 encontrar\u00e1s en nuestro sitio web<\/h2>\t\t\t\t<\/div>\n\t\t\t\t<\/div>\n\t\t\t\t<section class=\"elementor-section elementor-inner-section elementor-element elementor-element-2d30980 elementor-section-boxed elementor-section-height-default elementor-section-height-default\" data-id=\"2d30980\" data-element_type=\"section\">\n\t\t\t\t\t\t<div class=\"elementor-container elementor-column-gap-no\">\n\t\t\t\t\t<div class=\"elementor-column elementor-col-33 elementor-inner-column elementor-element elementor-element-7897f4f\" data-id=\"7897f4f\" data-element_type=\"column\" data-settings=\"{&quot;background_background&quot;:&quot;classic&quot;}\">\n\t\t\t<div class=\"elementor-widget-wrap elementor-element-populated\">\n\t\t\t\t\t\t<div class=\"elementor-element elementor-element-654da96 elementor-widget-divider--view-line elementor-widget elementor-widget-divider\" data-id=\"654da96\" data-element_type=\"widget\" data-widget_type=\"divider.default\">\n\t\t\t\t<div class=\"elementor-widget-container\">\n\t\t\t\t\t\t\t<div class=\"elementor-divider\">\n\t\t\t<span class=\"elementor-divider-separator\">\n\t\t\t\t\t\t<\/span>\n\t\t<\/div>\n\t\t\t\t\t\t<\/div>\n\t\t\t\t<\/div>\n\t\t\t\t<div class=\"elementor-element elementor-element-acd6c2b elementor-widget elementor-widget-heading\" data-id=\"acd6c2b\" data-element_type=\"widget\" data-widget_type=\"heading.default\">\n\t\t\t\t<div class=\"elementor-widget-container\">\n\t\t\t\t\t<h4 class=\"elementor-heading-title elementor-size-default\">Toda la colecci\u00f3n de nuestros libros para colorear que ampliamos constantemente.<\/h4>\t\t\t\t<\/div>\n\t\t\t\t<\/div>\n\t\t\t\t\t<\/div>\n\t\t<\/div>\n\t\t\t\t<div class=\"elementor-column elementor-col-33 elementor-inner-column elementor-element elementor-element-85cb3b8\" data-id=\"85cb3b8\" data-element_type=\"column\" data-settings=\"{&quot;background_background&quot;:&quot;classic&quot;}\">\n\t\t\t<div class=\"elementor-widget-wrap elementor-element-populated\">\n\t\t\t\t\t\t<div class=\"elementor-element elementor-element-1243c3b elementor-widget-divider--view-line elementor-widget elementor-widget-divider\" data-id=\"1243c3b\" data-element_type=\"widget\" data-widget_type=\"divider.default\">\n\t\t\t\t<div class=\"elementor-widget-container\">\n\t\t\t\t\t\t\t<div class=\"elementor-divider\">\n\t\t\t<span class=\"elementor-divider-separator\">\n\t\t\t\t\t\t<\/span>\n\t\t<\/div>\n\t\t\t\t\t\t<\/div>\n\t\t\t\t<\/div>\n\t\t\t\t<div class=\"elementor-element elementor-element-4e1f23c elementor-widget elementor-widget-heading\" data-id=\"4e1f23c\" data-element_type=\"widget\" data-widget_type=\"heading.default\">\n\t\t\t\t<div class=\"elementor-widget-container\">\n\t\t\t\t\t<h4 class=\"elementor-heading-title elementor-size-default\">Testimonios y v\u00eddeos de nuestros fans y colaboradores.<\/h4>\t\t\t\t<\/div>\n\t\t\t\t<\/div>\n\t\t\t\t\t<\/div>\n\t\t<\/div>\n\t\t\t\t<div class=\"elementor-column elementor-col-33 elementor-inner-column elementor-element elementor-element-a52abee\" data-id=\"a52abee\" data-element_type=\"column\" data-settings=\"{&quot;background_background&quot;:&quot;classic&quot;}\">\n\t\t\t<div class=\"elementor-widget-wrap elementor-element-populated\">\n\t\t\t\t\t\t<div class=\"elementor-element elementor-element-6b04e21 elementor-widget-divider--view-line elementor-widget elementor-widget-divider\" data-id=\"6b04e21\" data-element_type=\"widget\" data-widget_type=\"divider.default\">\n\t\t\t\t<div class=\"elementor-widget-container\">\n\t\t\t\t\t\t\t<div class=\"elementor-divider\">\n\t\t\t<span class=\"elementor-divider-separator\">\n\t\t\t\t\t\t<\/span>\n\t\t<\/div>\n\t\t\t\t\t\t<\/div>\n\t\t\t\t<\/div>\n\t\t\t\t<div class=\"elementor-element elementor-element-c44f5cf elementor-widget elementor-widget-heading\" data-id=\"c44f5cf\" data-element_type=\"widget\" data-widget_type=\"heading.default\">\n\t\t\t\t<div class=\"elementor-widget-container\">\n\t\t\t\t\t<h4 class=\"elementor-heading-title elementor-size-default\">Enlaces a todos los mercados donde puedes conseguir tu libro para colorear favorito de Caramelo coloreado.<\/h4>\t\t\t\t<\/div>\n\t\t\t\t<\/div>\n\t\t\t\t\t<\/div>\n\t\t<\/div>\n\t\t\t\t\t<\/div>\n\t\t<\/section>\n\t\t\t\t\t<\/div>\n\t\t<\/div>\n\t\t\t\t\t<\/div>\n\t\t<\/section>\n\t\t\t\t<\/div>\n\t\t","protected":false},"excerpt":{"rendered":"<p>Sobre nosotros Acerca del caramelo de color Colored Caramel es una editorial impulsada por un peque\u00f1o pero vibrante equipo de creadores y artistas. Ponemos toda nuestra energ\u00eda en crear libros (para colorear) \u00fanicos. &nbsp; Nuestros libros abarcan diferentes estilos: desde kawaii s\u00faper dulce, g\u00f3tico pastel bonito y espeluznante, zombis, animales, gnomos, juegos de palabras, Navidad,<\/p>\n<div class=\"klb-readmore button\"><a class=\"btn link\" href=\"https:\/\/www.coloredcaramel.com\/es\/acerca-de\/\">Read More <i class=\"klbth-icon-right-arrow\"><\/i><\/a><\/div>\n","protected":false},"author":2,"featured_media":0,"parent":0,"menu_order":0,"comment_status":"closed","ping_status":"closed","template":"","meta":{"_acf_changed":false,"_glsr_average":0,"_glsr_ranking":0,"_glsr_reviews":0,"footnotes":""},"class_list":["post-18479","page","type-page","status-publish","hentry"],"acf":[],"_links":{"self":[{"href":"https:\/\/www.coloredcaramel.com\/es\/wp-json\/wp\/v2\/pages\/18479","targetHints":{"allow":["GET"]}}],"collection":[{"href":"https:\/\/www.coloredcaramel.com\/es\/wp-json\/wp\/v2\/pages"}],"about":[{"href":"https:\/\/www.coloredcaramel.com\/es\/wp-json\/wp\/v2\/types\/page"}],"author":[{"embeddable":true,"href":"https:\/\/www.coloredcaramel.com\/es\/wp-json\/wp\/v2\/users\/2"}],"replies":[{"embeddable":true,"href":"https:\/\/www.coloredcaramel.com\/es\/wp-json\/wp\/v2\/comments?post=18479"}],"version-history":[{"count":3,"href":"https:\/\/www.coloredcaramel.com\/es\/wp-json\/wp\/v2\/pages\/18479\/revisions"}],"predecessor-version":[{"id":18487,"href":"https:\/\/www.coloredcaramel.com\/es\/wp-json\/wp\/v2\/pages\/18479\/revisions\/18487"}],"wp:attachment":[{"href":"https:\/\/www.coloredcaramel.com\/es\/wp-json\/wp\/v2\/media?parent=18479"}],"curies":[{"name":"wp","href":"https:\/\/api.w.org\/{rel}","templated":true}]}}