{"id":17995,"date":"2022-04-03T07:48:26","date_gmt":"2022-04-03T07:48:26","guid":{"rendered":"https:\/\/www.coloredcaramel.com\/politica-de-privacidad\/"},"modified":"2026-02-04T17:32:34","modified_gmt":"2026-02-04T17:32:34","slug":"politica-de-privacidad","status":"publish","type":"page","link":"https:\/\/www.coloredcaramel.com\/es\/politica-de-privacidad\/","title":{"rendered":"Pol\u00edtica de privacidad"},"content":{"rendered":"\n<p>Pol\u00edtica de privacidad de Colored Caramel (una subempresa de Manfred Limited)<\/p>\n\n<p>Esta Pol\u00edtica de Privacidad describe c\u00f3mo se recopila, utiliza y comparte tu informaci\u00f3n personal cuando visitas o realizas una compra en https:\/\/www.coloredcaramel.com\/ (el \u00abSitio\u00bb).<\/p>\n\n<p>INFORMACI\u00d3N PERSONAL QUE RECOPILAMOS<\/p>\n\n<p>Cuando visitas el Sitio, recopilamos autom\u00e1ticamente cierta informaci\u00f3n sobre tu dispositivo, incluida informaci\u00f3n sobre tu navegador web, direcci\u00f3n IP, zona horaria y algunas de las cookies que est\u00e1n instaladas en tu dispositivo. Adem\u00e1s, mientras navegas por el Sitio, recopilamos informaci\u00f3n sobre las p\u00e1ginas web o productos individuales que ves, qu\u00e9 sitios web o t\u00e9rminos de b\u00fasqueda te remitieron al Sitio e informaci\u00f3n sobre c\u00f3mo interact\u00faas con el Sitio. Nos referimos a esta informaci\u00f3n recopilada autom\u00e1ticamente como \u00abInformaci\u00f3n del dispositivo\u00bb.<\/p>\n\n<p>Recopilamos Informaci\u00f3n del Dispositivo utilizando las siguientes tecnolog\u00edas:<\/p>\n\n<pre class=\"wp-block-code\"><code>- \u201cCookies\u201d are data files that are placed on your device or computer and often include an anonymous unique identifier. For more information about cookies, and how to disable cookies, visit http:\/\/www.allaboutcookies.org.\n- \u201cLog files\u201d track actions occurring on the Site, and collect data including your IP address, browser type, Internet service provider, referring\/exit pages, and date\/time stamps.\n- \u201cWeb beacons,\u201d \u201ctags,\u201d and \u201cpixels\u201d are electronic files used to record information about how you browse the Site.\n<\/code><\/pre>\n\n<p>Adem\u00e1s, cuando realizas una compra o intentas realizarla a trav\u00e9s del Sitio, recopilamos cierta informaci\u00f3n sobre ti, como tu nombre, direcci\u00f3n de facturaci\u00f3n, direcci\u00f3n de env\u00edo, informaci\u00f3n de pago (incluidos los n\u00fameros de las tarjetas de cr\u00e9dito, direcci\u00f3n de correo electr\u00f3nico y n\u00famero de tel\u00e9fono). Nos referimos a esta informaci\u00f3n como \u00abInformaci\u00f3n del Pedido\u00bb.<\/p>\n\n<p><\/p>\n\n<p>Cuando hablamos de \u00abDatos Personales\u00bb en esta Pol\u00edtica de Privacidad, nos referimos tanto a los Datos del Dispositivo como a los Datos del Pedido.<\/p>\n\n<p>\u00bfC\u00d3MO UTILIZAMOS TUS DATOS PERSONALES?<\/p>\n\n<p>Utilizamos la Informaci\u00f3n del Pedido que recopilamos generalmente para cumplir cualquier pedido realizado a trav\u00e9s del Sitio (incluido el procesamiento de tu informaci\u00f3n de pago, la organizaci\u00f3n del env\u00edo y el env\u00edo de facturas y\/o confirmaciones de pedido). Adem\u00e1s, utilizamos esta Informaci\u00f3n de Pedido para:<br\/>Comunicarnos contigo;<br\/>Examinar nuestros pedidos para detectar posibles riesgos o fraudes; y<br\/>Cuando se ajuste a las preferencias que has compartido con nosotros, proporcionarte informaci\u00f3n o publicidad relacionada con nuestros productos o servicios.<br\/><br\/>Utilizamos la Informaci\u00f3n del Dispositivo que recopilamos para ayudarnos a detectar posibles riesgos y fraudes (en particular, tu direcci\u00f3n IP) y, de forma m\u00e1s general, para mejorar y optimizar nuestro Sitio (por ejemplo, generando an\u00e1lisis sobre c\u00f3mo nuestros clientes navegan e interact\u00faan con el Sitio, y para evaluar el \u00e9xito de nuestras campa\u00f1as de marketing y publicidad).<br\/><\/p>\n\n<p>Compartimos tus Datos Personales con terceros para que nos ayuden a utilizar tus Datos Personales, como se ha descrito anteriormente. Utilizamos Google Analytics para ayudarnos a comprender c\u00f3mo utilizan el Sitio nuestros clientes; puedes obtener m\u00e1s informaci\u00f3n sobre c\u00f3mo utiliza Google tus Datos Personales aqu\u00ed: https:\/\/www.google.com\/intl\/en\/policies\/privacy\/. Tambi\u00e9n puedes inhabilitar Google Analytics aqu\u00ed: https:\/\/tools.google.com\/dlpage\/gaoptout.<\/p>\n\n<p>Por \u00faltimo, tambi\u00e9n podemos compartir tus Datos Personales para cumplir con las leyes y normativas aplicables, para responder a una citaci\u00f3n, orden de registro u otra solicitud legal de informaci\u00f3n que recibamos, o para proteger de otro modo nuestros derechos.<br\/><br\/>Como se ha descrito anteriormente, utilizamos tus Datos Personales para proporcionarte publicidad dirigida o comunicaciones de marketing que creemos que pueden ser de tu inter\u00e9s. Para m\u00e1s informaci\u00f3n sobre c\u00f3mo funciona la publicidad dirigida, puedes visitar la p\u00e1gina educativa de la Network Advertising Initiative (\u00abNAI\u00bb) en http:\/\/www.networkadvertising.org\/understanding-online-advertising\/how-does-it-work.<\/p>\n\n<p>Puedes excluirte de la publicidad dirigida en:<br\/><br\/>FACEBOOK &#8211; https:\/\/www.facebook.com\/settings\/?tab=ads<br\/>GOOGLE &#8211; https:\/\/www.google.com\/settings\/ads\/anonymous<br\/>BING &#8211; https:\/\/advertise.bingads.microsoft.com\/en-us\/resources\/policies\/personalized-ads<br\/><br\/>Adem\u00e1s, puedes excluirte de algunos de estos servicios visitando el portal de exclusi\u00f3n de la Digital Advertising Alliance en: http:\/\/optout.aboutads.info\/.<\/p>\n\n<p>DO NOT TRACK<br\/>Ten en cuenta que no alteramos las pr\u00e1cticas de recopilaci\u00f3n y uso de datos de nuestro Sitio cuando vemos una se\u00f1al Do Not Track de tu navegador.<\/p>\n\n<p><\/p>\n\n<p>TUS DERECHOS<br\/>Si eres residente europeo, tienes derecho a acceder a la informaci\u00f3n personal que tenemos sobre ti y a solicitar que tu informaci\u00f3n personal sea corregida, actualizada o eliminada. Si deseas ejercer este derecho, ponte en contacto con nosotros a trav\u00e9s de la informaci\u00f3n de contacto que figura a continuaci\u00f3n.<br\/>Adem\u00e1s, si eres residente europeo, te informamos de que procesamos tu informaci\u00f3n para cumplir los contratos que podamos tener contigo (por ejemplo, si realizas un pedido a trav\u00e9s del Sitio), o bien para perseguir nuestros intereses comerciales leg\u00edtimos enumerados anteriormente. Adem\u00e1s, ten en cuenta que tu informaci\u00f3n se transferir\u00e1 fuera de Europa, incluso a Canad\u00e1 y Estados Unidos.<\/p>\n\n<p>RETENCI\u00d3N DE DATOS<br\/>Cuando realices un pedido a trav\u00e9s del Sitio, conservaremos la Informaci\u00f3n de tu Pedido para nuestros registros, a menos que nos pidas que eliminemos esta informaci\u00f3n y hasta que lo hagas.<\/p>\n\n<p><\/p>\n\n<p>CAMBIOS<br\/>Es posible que actualicemos esta pol\u00edtica de privacidad de vez en cuando para reflejar, por ejemplo, cambios en nuestras pr\u00e1cticas o por otros motivos operativos, legales o normativos.<br\/>CONT\u00c1CTANOS<br\/>Para obtener m\u00e1s informaci\u00f3n sobre nuestras pr\u00e1cticas de privacidad, si tienes alguna pregunta o si deseas presentar una queja, ponte en contacto con nosotros por correo electr\u00f3nico en support@coloredcaramel.com o por correo postal utilizando los datos que se indican a continuaci\u00f3n:<br\/><\/p>\n\n<p>Sala 1405, 14\/F.,<br\/>135 Bonham Strand Trade Centre,<br\/>135 Bonham Strand,<br\/>Sheung Wan,<br\/>Hong Kong<\/p>\n\n<p><br\/><\/p>\n\n<p><\/p>\n","protected":false},"excerpt":{"rendered":"<p>Pol\u00edtica de privacidad de Colored Caramel (una subempresa de Manfred Limited) Esta Pol\u00edtica de Privacidad describe c\u00f3mo se recopila, utiliza y comparte tu informaci\u00f3n personal cuando visitas o realizas una compra en https:\/\/www.coloredcaramel.com\/ (el \u00abSitio\u00bb). INFORMACI\u00d3N PERSONAL QUE RECOPILAMOS Cuando visitas el Sitio, recopilamos autom\u00e1ticamente cierta informaci\u00f3n sobre tu dispositivo, incluida informaci\u00f3n sobre tu navegador<\/p>\n<div class=\"klb-readmore button\"><a class=\"btn link\" href=\"https:\/\/www.coloredcaramel.com\/es\/politica-de-privacidad\/\">Read More <i class=\"klbth-icon-right-arrow\"><\/i><\/a><\/div>\n","protected":false},"author":1,"featured_media":0,"parent":0,"menu_order":0,"comment_status":"closed","ping_status":"open","template":"","meta":{"_acf_changed":false,"_glsr_average":0,"_glsr_ranking":0,"_glsr_reviews":0,"footnotes":""},"class_list":["post-17995","page","type-page","status-publish","hentry"],"acf":[],"_links":{"self":[{"href":"https:\/\/www.coloredcaramel.com\/es\/wp-json\/wp\/v2\/pages\/17995","targetHints":{"allow":["GET"]}}],"collection":[{"href":"https:\/\/www.coloredcaramel.com\/es\/wp-json\/wp\/v2\/pages"}],"about":[{"href":"https:\/\/www.coloredcaramel.com\/es\/wp-json\/wp\/v2\/types\/page"}],"author":[{"embeddable":true,"href":"https:\/\/www.coloredcaramel.com\/es\/wp-json\/wp\/v2\/users\/1"}],"replies":[{"embeddable":true,"href":"https:\/\/www.coloredcaramel.com\/es\/wp-json\/wp\/v2\/comments?post=17995"}],"version-history":[{"count":1,"href":"https:\/\/www.coloredcaramel.com\/es\/wp-json\/wp\/v2\/pages\/17995\/revisions"}],"predecessor-version":[{"id":17997,"href":"https:\/\/www.coloredcaramel.com\/es\/wp-json\/wp\/v2\/pages\/17995\/revisions\/17997"}],"wp:attachment":[{"href":"https:\/\/www.coloredcaramel.com\/es\/wp-json\/wp\/v2\/media?parent=17995"}],"curies":[{"name":"wp","href":"https:\/\/api.w.org\/{rel}","templated":true}]}}