{"id":17433,"date":"2022-05-31T16:44:14","date_gmt":"2022-05-31T16:44:14","guid":{"rendered":"https:\/\/www.coloredcaramel.com\/carrito\/"},"modified":"2025-11-29T19:26:11","modified_gmt":"2025-11-29T19:26:11","slug":"carrito","status":"publish","type":"page","link":"https:\/\/www.coloredcaramel.com\/es\/carrito\/","title":{"rendered":"Carrito"},"content":{"rendered":"<div data-block-name=\"woocommerce\/cart\" class='oc5_shortcode_gift'><\/div>\n<div class=\"wp-block-woocommerce-cart alignwide is-loading\">\n<div data-block-name=\"woocommerce\/filled-cart-block\" class=\"wp-block-woocommerce-filled-cart-block\">\n<div data-block-name=\"woocommerce\/cart-items-block\" class=\"wp-block-woocommerce-cart-items-block\">\n<div data-block-name=\"woocommerce\/cart-line-items-block\" class=\"wp-block-woocommerce-cart-line-items-block\"><\/div>\n\n\n<\/div>\n\n\n\n\n<div data-block-name=\"woocommerce\/cart-totals-block\" class=\"wp-block-woocommerce-cart-totals-block\">\n<div data-block-name=\"woocommerce\/cart-order-summary-block\" class=\"wp-block-woocommerce-cart-order-summary-block\">\n<div data-block-name=\"woocommerce\/cart-order-summary-heading-block\" class=\"wp-block-woocommerce-cart-order-summary-heading-block\"><\/div><div data-block-name=\"woocommerce\/cart-order-summary-coupon-form-block\" class=\"wp-block-woocommerce-cart-order-summary-coupon-form-block\"><\/div><div data-block-name=\"woocommerce\/cart-order-summary-totals-block\" class=\"wp-block-woocommerce-cart-order-summary-totals-block\">\n<div data-block-name=\"woocommerce\/cart-order-summary-subtotal-block\" class=\"wp-block-woocommerce-cart-order-summary-subtotal-block\"><\/div>\n<div data-block-name=\"woocommerce\/cart-order-summary-discount-block\" class=\"wp-block-woocommerce-cart-order-summary-discount-block\"><\/div>\n<div data-block-name=\"woocommerce\/cart-order-summary-fee-block\" class=\"wp-block-woocommerce-cart-order-summary-fee-block\"><\/div>\n<div data-block-name=\"woocommerce\/cart-order-summary-shipping-block\" class=\"wp-block-woocommerce-cart-order-summary-shipping-block\"><\/div>\n<div data-block-name=\"woocommerce\/cart-order-summary-taxes-block\" class=\"wp-block-woocommerce-cart-order-summary-taxes-block\"><\/div><\/div>\n<\/div>\n\n\n\n<div data-block-name=\"woocommerce\/cart-express-payment-block\" class=\"wp-block-woocommerce-cart-express-payment-block\"><\/div>\n\n\n\n<div data-block-name=\"woocommerce\/proceed-to-checkout-block\" class=\"wp-block-woocommerce-proceed-to-checkout-block\"><\/div>\n\n\n\n<div data-block-name=\"woocommerce\/cart-accepted-payment-methods-block\" class=\"wp-block-woocommerce-cart-accepted-payment-methods-block\"><\/div>\n<\/div>\n<\/div>\n\n\n\n<div data-block-name=\"woocommerce\/empty-cart-block\" class=\"wp-block-woocommerce-empty-cart-block\">\n<h2 class=\"wp-block-heading has-text-align-center with-empty-cart-icon wc-block-cart__empty-cart__title\">\u00a1Tu carrito est\u00e1 actualmente vac\u00edo!<\/h2>\n\n\n\n<hr class=\"wp-block-separator has-alpha-channel-opacity is-style-dots\"\/>\n\n\n\n<h2 class=\"wp-block-heading has-text-align-center\">Nuevo en la tienda<\/h2>\n\n\n<div data-block-name=\"woocommerce\/product-new\" data-columns=\"4\" data-rows=\"1\" class=\"wc-block-grid wp-block-product-new wp-block-woocommerce-product-new wc-block-product-new has-4-columns\"><ul class=\"wc-block-grid__products\"><li class=\"wc-block-grid__product\">\n\t\t\t\t<a href=\"https:\/\/www.coloredcaramel.com\/es\/producto\/muy-acogedor-libro-para-colorear-hygge-relajacion-comoda-para-adultos-y-adolescentes\/\" class=\"wc-block-grid__product-link\">\n\t\t\t\t\t\n\t\t\t\t\t<div class=\"wc-block-grid__product-image\"><img fetchpriority=\"high\" decoding=\"async\" width=\"300\" height=\"300\" src=\"https:\/\/www.coloredcaramel.com\/wp-content\/uploads\/2026\/02\/cute-and-comfy-coloring-book-300x300.jpg\" class=\"attachment-woocommerce_thumbnail size-woocommerce_thumbnail\" alt=\"lindo libro para colorear hygge\" srcset=\"https:\/\/www.coloredcaramel.com\/wp-content\/uploads\/2026\/02\/cute-and-comfy-coloring-book-300x300.jpg 300w, https:\/\/www.coloredcaramel.com\/wp-content\/uploads\/2026\/02\/cute-and-comfy-coloring-book-150x150.jpg 150w, https:\/\/www.coloredcaramel.com\/wp-content\/uploads\/2026\/02\/cute-and-comfy-coloring-book-450x450.jpg 450w\" sizes=\"(max-width: 300px) 100vw, 300px\" \/><\/div>\n\t\t\t\t\t<div class=\"wc-block-grid__product-title\">Muy Acogedor: Libro para colorear Hygge &#8211; Relajaci\u00f3n c\u00f3moda para adultos y adolescentes<\/div>\n\t\t\t\t<\/a>\n\t\t\t\t<div class=\"wc-block-grid__product-price price\"><span class=\"woocommerce-Price-amount amount\" aria-hidden=\"true\">7.99&nbsp;<span class=\"woocommerce-Price-currencySymbol\">&#036;<\/span><\/span> <span aria-hidden=\"true\">&#8211;<\/span> <span class=\"woocommerce-Price-amount amount\" aria-hidden=\"true\">9.99&nbsp;<span class=\"woocommerce-Price-currencySymbol\">&#036;<\/span><\/span><span class=\"screen-reader-text\">Rango de precios: desde 7.99&nbsp;&#036; hasta 9.99&nbsp;&#036;<\/span><\/div>\n\t\t\t\t\n\t\t\t\t<div class=\"wp-block-button wc-block-grid__product-add-to-cart\"><a href=\"https:\/\/www.coloredcaramel.com\/es\/producto\/muy-acogedor-libro-para-colorear-hygge-relajacion-comoda-para-adultos-y-adolescentes\/\" aria-label=\"Elige las opciones para &ldquo;Muy Acogedor: Libro para colorear Hygge - Relajaci\u00f3n c\u00f3moda para adultos y adolescentes&rdquo;\" data-quantity=\"1\" data-product_id=\"29451\" data-product_sku=\"\" data-price=\"7.99\" rel=\"nofollow\" class=\"wp-block-button__link  add_to_cart_button\">Seleccionar opciones<\/a><\/div>\n\t\t\t<\/li><li class=\"wc-block-grid__product\">\n\t\t\t\t<a href=\"https:\/\/www.coloredcaramel.com\/es\/producto\/paginas-kawaii-para-colorear-de-san-valentin-ilustraciones-divertidas-y-bonitas-dibujadas-a-mano\/\" class=\"wc-block-grid__product-link\">\n\t\t\t\t\t\n\t\t\t\t\t<div class=\"wc-block-grid__product-image\"><img decoding=\"async\" width=\"300\" height=\"300\" src=\"https:\/\/www.coloredcaramel.com\/wp-content\/uploads\/2026\/01\/Valentines-day-coloring-pages-2-300x300.jpg\" class=\"attachment-woocommerce_thumbnail size-woocommerce_thumbnail\" alt=\"p\u00e1ginas kawaii para colorear de san valent\u00edn\" srcset=\"https:\/\/www.coloredcaramel.com\/wp-content\/uploads\/2026\/01\/Valentines-day-coloring-pages-2-300x300.jpg 300w, https:\/\/www.coloredcaramel.com\/wp-content\/uploads\/2026\/01\/Valentines-day-coloring-pages-2-150x150.jpg 150w, https:\/\/www.coloredcaramel.com\/wp-content\/uploads\/2026\/01\/Valentines-day-coloring-pages-2-450x450.jpg 450w\" sizes=\"(max-width: 300px) 100vw, 300px\" \/><\/div>\n\t\t\t\t\t<div class=\"wc-block-grid__product-title\">P\u00e1ginas kawaii para colorear de San Valent\u00edn &#8211; Ilustraciones divertidas y bonitas dibujadas a mano<\/div>\n\t\t\t\t<\/a>\n\t\t\t\t<div class=\"wc-block-grid__product-price price\"><span class=\"woocommerce-Price-amount amount\" aria-hidden=\"true\">5.99&nbsp;<span class=\"woocommerce-Price-currencySymbol\">&#036;<\/span><\/span> <span aria-hidden=\"true\">&#8211;<\/span> <span class=\"woocommerce-Price-amount amount\" aria-hidden=\"true\">7.99&nbsp;<span class=\"woocommerce-Price-currencySymbol\">&#036;<\/span><\/span><span class=\"screen-reader-text\">Rango de precios: desde 5.99&nbsp;&#036; hasta 7.99&nbsp;&#036;<\/span><\/div>\n\t\t\t\t\n\t\t\t\t<div class=\"wp-block-button wc-block-grid__product-add-to-cart\"><a href=\"https:\/\/www.coloredcaramel.com\/es\/producto\/paginas-kawaii-para-colorear-de-san-valentin-ilustraciones-divertidas-y-bonitas-dibujadas-a-mano\/\" aria-label=\"Elige las opciones para &ldquo;P\u00e1ginas kawaii para colorear de San Valent\u00edn - Ilustraciones divertidas y bonitas dibujadas a mano&rdquo;\" data-quantity=\"1\" data-product_id=\"27422\" data-product_sku=\"\" data-price=\"5.99\" rel=\"nofollow\" class=\"wp-block-button__link  add_to_cart_button\">Seleccionar opciones<\/a><\/div>\n\t\t\t<\/li><li class=\"wc-block-grid__product\">\n\t\t\t\t<a href=\"https:\/\/www.coloredcaramel.com\/es\/producto\/paginas-para-colorear-del-dia-de-san-valentin-amor-acogedor-con-adorables-ilustraciones-comodas-dibujadas-a-mano\/\" class=\"wc-block-grid__product-link\">\n\t\t\t\t\t\n\t\t\t\t\t<div class=\"wc-block-grid__product-image\"><img decoding=\"async\" width=\"300\" height=\"300\" src=\"https:\/\/www.coloredcaramel.com\/wp-content\/uploads\/2026\/01\/Valentines-day-coloring-pages-1-300x300.jpg\" class=\"attachment-woocommerce_thumbnail size-woocommerce_thumbnail\" alt=\"P\u00e1ginas para colorear de San Valent\u00edn\" srcset=\"https:\/\/www.coloredcaramel.com\/wp-content\/uploads\/2026\/01\/Valentines-day-coloring-pages-1-300x300.jpg 300w, https:\/\/www.coloredcaramel.com\/wp-content\/uploads\/2026\/01\/Valentines-day-coloring-pages-1-150x150.jpg 150w, https:\/\/www.coloredcaramel.com\/wp-content\/uploads\/2026\/01\/Valentines-day-coloring-pages-1-450x450.jpg 450w\" sizes=\"(max-width: 300px) 100vw, 300px\" \/><\/div>\n\t\t\t\t\t<div class=\"wc-block-grid__product-title\">P\u00e1ginas para colorear del D\u00eda de San Valent\u00edn Amor acogedor con adorables ilustraciones c\u00f3modas dibujadas a mano<\/div>\n\t\t\t\t<\/a>\n\t\t\t\t<div class=\"wc-block-grid__product-price price\"><span class=\"woocommerce-Price-amount amount\">2.95&nbsp;<span class=\"woocommerce-Price-currencySymbol\">&#036;<\/span><\/span><\/div>\n\t\t\t\t\n\t\t\t\t<div class=\"wp-block-button wc-block-grid__product-add-to-cart\"><a href=\"https:\/\/www.coloredcaramel.com\/es\/producto\/paginas-para-colorear-del-dia-de-san-valentin-amor-acogedor-con-adorables-ilustraciones-comodas-dibujadas-a-mano\/\" aria-label=\"Elige las opciones para &ldquo;P\u00e1ginas para colorear del D\u00eda de San Valent\u00edn Amor acogedor con adorables ilustraciones c\u00f3modas dibujadas a mano&rdquo;\" data-quantity=\"1\" data-product_id=\"27467\" data-product_sku=\"\" data-price=\"2.95\" rel=\"nofollow\" class=\"wp-block-button__link  add_to_cart_button\">Seleccionar opciones<\/a><\/div>\n\t\t\t<\/li><li class=\"wc-block-grid__product\">\n\t\t\t\t<a href=\"https:\/\/www.coloredcaramel.com\/es\/producto\/libro-para-colorear-diy-comfy-home-cute-cozy-relajacion-hogarena-para-adultos-y-adolescentes\/\" class=\"wc-block-grid__product-link\">\n\t\t\t\t\t\n\t\t\t\t\t<div class=\"wc-block-grid__product-image\"><img loading=\"lazy\" decoding=\"async\" width=\"300\" height=\"300\" src=\"https:\/\/www.coloredcaramel.com\/wp-content\/uploads\/2025\/12\/EtsyMockup1_2DIY-scaled-300x300.jpg\" class=\"attachment-woocommerce_thumbnail size-woocommerce_thumbnail\" alt=\"Libro para colorear DIY Comfy Home Cute &amp; Cozy: Relajaci\u00f3n hogare\u00f1a para adultos y adolescentes\" srcset=\"https:\/\/www.coloredcaramel.com\/wp-content\/uploads\/2025\/12\/EtsyMockup1_2DIY-scaled-300x300.jpg 300w, https:\/\/www.coloredcaramel.com\/wp-content\/uploads\/2025\/12\/EtsyMockup1_2DIY-scaled-100x100.jpg 100w, https:\/\/www.coloredcaramel.com\/wp-content\/uploads\/2025\/12\/EtsyMockup1_2DIY-150x150.jpg 150w, https:\/\/www.coloredcaramel.com\/wp-content\/uploads\/2025\/12\/EtsyMockup1_2DIY-450x450.jpg 450w\" sizes=\"(max-width: 300px) 100vw, 300px\" \/><\/div>\n\t\t\t\t\t<div class=\"wc-block-grid__product-title\">Libro para colorear DIY Comfy Home Cute &amp; Cozy: Relajaci\u00f3n hogare\u00f1a para adultos y adolescentes<\/div>\n\t\t\t\t<\/a>\n\t\t\t\t<div class=\"wc-block-grid__product-price price\"><span class=\"woocommerce-Price-amount amount\" aria-hidden=\"true\">7.99&nbsp;<span class=\"woocommerce-Price-currencySymbol\">&#036;<\/span><\/span> <span aria-hidden=\"true\">&#8211;<\/span> <span class=\"woocommerce-Price-amount amount\" aria-hidden=\"true\">9.99&nbsp;<span class=\"woocommerce-Price-currencySymbol\">&#036;<\/span><\/span><span class=\"screen-reader-text\">Rango de precios: desde 7.99&nbsp;&#036; hasta 9.99&nbsp;&#036;<\/span><\/div>\n\t\t\t\t\n\t\t\t\t<div class=\"wp-block-button wc-block-grid__product-add-to-cart\"><a href=\"https:\/\/www.coloredcaramel.com\/es\/producto\/libro-para-colorear-diy-comfy-home-cute-cozy-relajacion-hogarena-para-adultos-y-adolescentes\/\" aria-label=\"Elige las opciones para &ldquo;Libro para colorear DIY Comfy Home Cute &amp; Cozy: Relajaci\u00f3n hogare\u00f1a para adultos y adolescentes&rdquo;\" data-quantity=\"1\" data-product_id=\"27589\" data-product_sku=\"\" data-price=\"7.99\" rel=\"nofollow\" class=\"wp-block-button__link  add_to_cart_button\">Seleccionar opciones<\/a><\/div>\n\t\t\t<\/li><\/ul><\/div><\/div>\n<\/div>\n","protected":false},"excerpt":{"rendered":"","protected":false},"author":108,"featured_media":0,"parent":0,"menu_order":0,"comment_status":"closed","ping_status":"closed","template":"","meta":{"_acf_changed":false,"_glsr_average":0,"_glsr_ranking":0,"_glsr_reviews":0,"footnotes":""},"class_list":["post-17433","page","type-page","status-publish","hentry"],"acf":[],"_links":{"self":[{"href":"https:\/\/www.coloredcaramel.com\/es\/wp-json\/wp\/v2\/pages\/17433","targetHints":{"allow":["GET"]}}],"collection":[{"href":"https:\/\/www.coloredcaramel.com\/es\/wp-json\/wp\/v2\/pages"}],"about":[{"href":"https:\/\/www.coloredcaramel.com\/es\/wp-json\/wp\/v2\/types\/page"}],"author":[{"embeddable":true,"href":"https:\/\/www.coloredcaramel.com\/es\/wp-json\/wp\/v2\/users\/108"}],"replies":[{"embeddable":true,"href":"https:\/\/www.coloredcaramel.com\/es\/wp-json\/wp\/v2\/comments?post=17433"}],"version-history":[{"count":0,"href":"https:\/\/www.coloredcaramel.com\/es\/wp-json\/wp\/v2\/pages\/17433\/revisions"}],"wp:attachment":[{"href":"https:\/\/www.coloredcaramel.com\/es\/wp-json\/wp\/v2\/media?parent=17433"}],"curies":[{"name":"wp","href":"https:\/\/api.w.org\/{rel}","templated":true}]}}