{"id":27135,"date":"2025-04-12T11:13:13","date_gmt":"2025-04-12T11:13:13","guid":{"rendered":"https:\/\/www.coloredcaramel.com\/product\/color-swatch-niedliches-freches-einfaches-testbild-malbuch\/"},"modified":"2026-04-06T08:13:01","modified_gmt":"2026-04-06T08:13:01","slug":"color-swatch-niedliches-freches-einfaches-testbild-malbuch","status":"publish","type":"product","link":"https:\/\/www.coloredcaramel.com\/de\/produkt\/color-swatch-niedliches-freches-einfaches-testbild-malbuch\/","title":{"rendered":"Color Swatch: Niedliches, freches &amp; einfaches Testbild-Malbuch"},"content":{"rendered":"<p><span style=\"font-family: 'comic sans ms', sans-serif;\">F\u00e4llt es dir schwer, die richtigen Farben f\u00fcr dein n\u00e4chstes Malabenteuer auszuw\u00e4hlen?<\/span><br \/>\n<span style=\"font-family: 'comic sans ms', sans-serif;\">Wir auf jeden Fall. Deshalb haben wir dieses niedliche und einzigartige Set mit Farbmustern zusammengestellt!<\/span><\/p>\n<p><span style=\"font-family: 'comic sans ms', sans-serif;\">Jetzt kannst du deine Farben und F\u00e4rbewerkzeuge von verschiedenen Marken ausprobieren, die Nummer der Farbe aufschreiben und deine Palette ist bereit f\u00fcr dein n\u00e4chstes kreatives Projekt!<\/span><\/p>\n<p><span style=\"font-family: 'comic sans ms', sans-serif;\">Da wir die Dinge gerne anders machen und keine langweiligen Quadrate m\u00f6gen, sind unsere Farbkarten super s\u00fc\u00df und machen Spa\u00df! Die leeren Felder zum Ausprobieren deiner Farben haben verschiedene Formen &#8211; von S\u00fc\u00dfigkeiten, Herzen, Cupcakes, Sternen, Katzengesichtern, Blumen und Kaffeetassen bis hin zu Schmetterlingen, Eiscreme und Pilzen! <\/span><\/p>\n<p><span style=\"font-family: 'comic sans ms', sans-serif;\">Warum wir es lieben:<\/span><br \/>\n<span style=\"font-family: 'comic sans ms', sans-serif;\">&#8211; hilft bei der Farbauswahl beim Ausmalen<\/span><br \/>\n<span style=\"font-family: 'comic sans ms', sans-serif;\">&#8211; PDF zum sofortigen Download im Format 8,5 x 8,5 Zoll<\/span><br \/>\n<span style=\"font-family: 'comic sans ms', sans-serif;\">&#8211; 30 super s\u00fc\u00dfe Seiten mit 15 einzigartigen Designs &#8211; insgesamt 450 Muster!<\/span><br \/>\n<span style=\"font-family: 'comic sans ms', sans-serif;\">&#8211; fette Linien f\u00fcr einfaches Ausmalen<\/span><br \/>\n<span style=\"font-family: 'comic sans ms', sans-serif;\">&#8211; Das perfekte Geschenk f\u00fcr jeden Coloristen<\/span><\/p>\n<p><span style=\"font-family: 'comic sans ms', sans-serif;\">**WICHTIG**<\/span><br \/>\n<span style=\"font-family: 'comic sans ms', sans-serif;\">&#8211; Dies ist ein herunterladbares PDFT, das du zu Hause ausdrucken kannst &#8211; es werden keine physischen Kopien verschickt.<\/span><br \/>\n<span style=\"font-family: 'comic sans ms', sans-serif;\">&#8211; Auf den herunterladbaren Dateien befinden sich keine Wasserzeichen.<\/span><br \/>\n<span style=\"font-family: 'comic sans ms', sans-serif;\">&#8211; NUR PERS\u00d6NLICHE\/ PRIVATE Nutzung! Eine kommerzielle Nutzung ist nicht erlaubt. <\/span><br \/>\n<span style=\"font-family: 'comic sans ms', sans-serif;\">&#8211; Das Buch ist urheberrechtlich gesch\u00fctzt und es ist KEINE MASSENPRODUKTION oder ein Weiterverkauf erlaubt.<\/span><\/p>\n<p><span style=\"font-family: 'comic sans ms', sans-serif;\">Bestelle diese gro\u00dfartigen Farbkarten jetzt und beginne mit der Erstellung deiner Palette!<\/span><\/p>\n<p><span style=\"font-family: 'comic sans ms', sans-serif;\">Wenn du irgendwelche Fragen hast, schick uns eine Nachricht \ud83d\ude42<\/span><\/p>\n","protected":false},"excerpt":{"rendered":"<p>F\u00e4llt es dir schwer, die richtigen Farben f\u00fcr dein n\u00e4chstes Malabenteuer auszuw\u00e4hlen? Wir auf jeden Fall. Deshalb haben wir dieses niedliche und einzigartige Set mit Farbmustern zusammengestellt! Jetzt kannst du deine Farben und F\u00e4rbewerkzeuge von verschiedenen Marken ausprobieren, die Nummer der Farbe aufschreiben und deine Palette ist bereit f\u00fcr dein n\u00e4chstes kreatives Projekt! Da wir<\/p>\n<div class=\"klb-readmore button\"><a class=\"btn link\" href=\"https:\/\/www.coloredcaramel.com\/de\/produkt\/color-swatch-niedliches-freches-einfaches-testbild-malbuch\/\">Read More <i class=\"klbth-icon-right-arrow\"><\/i><\/a><\/div>\n","protected":false},"featured_media":27145,"template":"","meta":{"_acf_changed":false,"_glsr_average":0,"_glsr_ranking":0,"_glsr_reviews":0},"product_brand":[],"product_cat":[1535,1378,1536],"product_tag":[],"class_list":{"0":"post-27135","1":"product","2":"type-product","3":"status-publish","4":"has-post-thumbnail","6":"product_cat-aktivitat","7":"product_cat-malbucher","8":"product_cat-praxis","10":"first","11":"instock","12":"featured","13":"sold-individually","14":"shipping-taxable","15":"purchasable","16":"product-type-variable"},"bundled_by":[],"bundle_stock_status":"instock","bundle_stock_quantity":null,"bundle_virtual":false,"bundle_layout":"","bundle_add_to_cart_form_location":"","bundle_editable_in_cart":false,"bundle_sold_individually_context":"","bundle_item_grouping":"","bundle_min_size":"","bundle_max_size":"","bundle_price":[],"bundled_items":[],"bundle_sell_ids":[],"acf":[],"_links":{"self":[{"href":"https:\/\/www.coloredcaramel.com\/de\/wp-json\/wp\/v2\/product\/27135","targetHints":{"allow":["GET"]}}],"collection":[{"href":"https:\/\/www.coloredcaramel.com\/de\/wp-json\/wp\/v2\/product"}],"about":[{"href":"https:\/\/www.coloredcaramel.com\/de\/wp-json\/wp\/v2\/types\/product"}],"wp:featuredmedia":[{"embeddable":true,"href":"https:\/\/www.coloredcaramel.com\/de\/wp-json\/wp\/v2\/media\/27145"}],"wp:attachment":[{"href":"https:\/\/www.coloredcaramel.com\/de\/wp-json\/wp\/v2\/media?parent=27135"}],"wp:term":[{"taxonomy":"product_brand","embeddable":true,"href":"https:\/\/www.coloredcaramel.com\/de\/wp-json\/wp\/v2\/product_brand?post=27135"},{"taxonomy":"product_cat","embeddable":true,"href":"https:\/\/www.coloredcaramel.com\/de\/wp-json\/wp\/v2\/product_cat?post=27135"},{"taxonomy":"product_tag","embeddable":true,"href":"https:\/\/www.coloredcaramel.com\/de\/wp-json\/wp\/v2\/product_tag?post=27135"}],"curies":[{"name":"wp","href":"https:\/\/api.w.org\/{rel}","templated":true}]}}