{"id":26503,"date":"2025-04-12T11:14:06","date_gmt":"2025-04-12T11:14:06","guid":{"rendered":"https:\/\/www.coloredcaramel.com\/product\/spooky-christmas-malbuch\/"},"modified":"2026-02-17T07:09:56","modified_gmt":"2026-02-17T07:09:56","slug":"spooky-christmas-malbuch","status":"publish","type":"product","link":"https:\/\/www.coloredcaramel.com\/de\/produkt\/spooky-christmas-malbuch\/","title":{"rendered":"Spooky Christmas Malbuch"},"content":{"rendered":"<p data-pm-slice=\"1 1 []\"><span style=\"font-family: comic sans ms, sans-serif;\">Tr\u00e4umst du von einem gruseligen Weihnachtsfest voller gem\u00fctlichem Charme?<\/span><\/p>\n<p><span style=\"font-family: comic sans ms, sans-serif;\">Dieses Malbuch bringt ein bisschen gruseligen Spa\u00df in die Weihnachtszeit. Gef\u00fcllt mit niedlichen Geistern, Flederm\u00e4usen, Totenkopf-Ornamenten und festlichen B\u00e4umen ist es die perfekte Mischung aus gruseliger und fr\u00f6hlicher Weihnachtskunst. <\/span><\/p>\n<p><span style=\"font-family: comic sans ms, sans-serif;\"><strong>Warum du es lieben wirst<\/strong><\/span><\/p>\n<ul>\n<li><span style=\"font-family: comic sans ms, sans-serif;\">Ein entz\u00fcckendes und super lustiges Malbuch mit 40 entspannenden Motiven &#8211; ohne Wiederholungen!<\/span><\/li>\n<li><span style=\"font-family: comic sans ms, sans-serif;\">Entwickelt f\u00fcr Erwachsene und Jugendliche, die Spa\u00df an kreativem und stressfreiem Malen haben.<\/span><\/li>\n<li><span style=\"font-family: comic sans ms, sans-serif;\">Fette, einfache Designs und dicke Linien f\u00fcr das beste Ausmalerlebnis.<\/span><\/li>\n<li><span style=\"font-family: comic sans ms, sans-serif;\">Ideal f\u00fcr Buntstifte, Marker oder andere nasse Medien.<\/span><\/li>\n<li><span style=\"font-family: comic sans ms, sans-serif;\">8,5 x 8,5 Zoll druckbare PDF-Seiten &#8211; am besten auf 8,5 x 11 Zoll Papier ausdrucken.<\/span><\/li>\n<li><span style=\"font-family: comic sans ms, sans-serif;\">Eine gem\u00fctliche Art, sich zu entspannen und Weihnachtsstimmung zu verbreiten.<\/span><\/li>\n<li><span style=\"font-family: comic sans ms, sans-serif;\">Ein sinnvolles Geschenk f\u00fcr deine Lieben und Freunde w\u00e4hrend der Winterferien.<\/span><\/li>\n<\/ul>\n<p><span style=\"font-family: comic sans ms, sans-serif;\"><strong>Wichtige Hinweise<\/strong><\/span><\/p>\n<ul>\n<li><span style=\"font-family: comic sans ms, sans-serif;\">Sofortiger PDF-Download &#8211; es werden keine physischen Kopien verschickt.<\/span><\/li>\n<li><span style=\"font-family: comic sans ms, sans-serif;\">Auf den herunterladbaren Dateien befinden sich keine Wasserzeichen.<\/span><\/li>\n<li><span style=\"font-family: comic sans ms, sans-serif;\">Nur f\u00fcr den pers\u00f6nlichen und privaten Gebrauch. Kommerzielle Nutzung, Massenproduktion oder Weiterverkauf sind nicht erlaubt. <\/span><\/li>\n<li><span style=\"font-family: comic sans ms, sans-serif;\">Alle Kunstwerke sind Originale und urheberrechtlich gesch\u00fctzt.<\/span><\/li>\n<\/ul>\n<p><span style=\"font-family: comic sans ms, sans-serif;\">Hol dir einen gem\u00fctlichen Weihnachtszauber nach Hause und genie\u00dfe dieses niedliche Malbuch, das jede Seite in ein festliches Abenteuer verwandelt.<\/span><\/p>\n<p><span style=\"font-family: comic sans ms, sans-serif;\">Hol dir dein Exemplar noch heute und mach diese Saison zum Spuk!<\/span><\/p>\n<p><span style=\"font-family: comic sans ms, sans-serif;\">Wenn du irgendwelche Fragen hast, schick uns eine Nachricht \ud83d\ude42<\/span><\/p>\n","protected":false},"excerpt":{"rendered":"<p>Tr\u00e4umst du von einem gruseligen Weihnachtsfest voller gem\u00fctlichem Charme? Dieses Malbuch bringt ein bisschen gruseligen Spa\u00df in die Weihnachtszeit. Gef\u00fcllt mit niedlichen Geistern, Flederm\u00e4usen, Totenkopf-Ornamenten und festlichen B\u00e4umen ist es die perfekte Mischung aus gruseliger und fr\u00f6hlicher Weihnachtskunst. Warum du es lieben wirst Ein entz\u00fcckendes und super lustiges Malbuch mit 40 entspannenden Motiven &#8211; ohne<\/p>\n<div class=\"klb-readmore button\"><a class=\"btn link\" href=\"https:\/\/www.coloredcaramel.com\/de\/produkt\/spooky-christmas-malbuch\/\">Read More <i class=\"klbth-icon-right-arrow\"><\/i><\/a><\/div>\n","protected":false},"featured_media":26514,"template":"","meta":{"_acf_changed":false,"_glsr_average":0,"_glsr_ranking":0,"_glsr_reviews":0},"product_brand":[],"product_cat":[1380,1378],"product_tag":[],"class_list":{"0":"post-26503","1":"product","2":"type-product","3":"status-publish","4":"has-post-thumbnail","6":"product_cat-weihnachten","7":"product_cat-malbucher","9":"first","10":"instock","11":"sold-individually","12":"shipping-taxable","13":"purchasable","14":"product-type-variable"},"bundled_by":[],"bundle_stock_status":"instock","bundle_stock_quantity":null,"bundle_virtual":false,"bundle_layout":"","bundle_add_to_cart_form_location":"","bundle_editable_in_cart":false,"bundle_sold_individually_context":"","bundle_item_grouping":"","bundle_min_size":"","bundle_max_size":"","bundle_price":[],"bundled_items":[],"bundle_sell_ids":[],"acf":[],"_links":{"self":[{"href":"https:\/\/www.coloredcaramel.com\/de\/wp-json\/wp\/v2\/product\/26503","targetHints":{"allow":["GET"]}}],"collection":[{"href":"https:\/\/www.coloredcaramel.com\/de\/wp-json\/wp\/v2\/product"}],"about":[{"href":"https:\/\/www.coloredcaramel.com\/de\/wp-json\/wp\/v2\/types\/product"}],"wp:featuredmedia":[{"embeddable":true,"href":"https:\/\/www.coloredcaramel.com\/de\/wp-json\/wp\/v2\/media\/26514"}],"wp:attachment":[{"href":"https:\/\/www.coloredcaramel.com\/de\/wp-json\/wp\/v2\/media?parent=26503"}],"wp:term":[{"taxonomy":"product_brand","embeddable":true,"href":"https:\/\/www.coloredcaramel.com\/de\/wp-json\/wp\/v2\/product_brand?post=26503"},{"taxonomy":"product_cat","embeddable":true,"href":"https:\/\/www.coloredcaramel.com\/de\/wp-json\/wp\/v2\/product_cat?post=26503"},{"taxonomy":"product_tag","embeddable":true,"href":"https:\/\/www.coloredcaramel.com\/de\/wp-json\/wp\/v2\/product_tag?post=26503"}],"curies":[{"name":"wp","href":"https:\/\/api.w.org\/{rel}","templated":true}]}}