{"id":26176,"date":"2025-04-12T11:14:22","date_gmt":"2025-04-12T11:14:22","guid":{"rendered":"https:\/\/www.coloredcaramel.com\/product\/uebe-ausmalbilder-dein-malbuch-zum-trainieren-und-perfektionieren-deiner-faehigkeiten\/"},"modified":"2026-02-17T07:09:52","modified_gmt":"2026-02-17T07:09:52","slug":"uebe-ausmalbilder-dein-malbuch-zum-trainieren-und-perfektionieren-deiner-faehigkeiten","status":"publish","type":"product","link":"https:\/\/www.coloredcaramel.com\/de\/produkt\/uebe-ausmalbilder-dein-malbuch-zum-trainieren-und-perfektionieren-deiner-faehigkeiten\/","title":{"rendered":"\u00dcbe Ausmalbilder: Dein Malbuch zum Trainieren und Perfektionieren deiner F\u00e4higkeiten"},"content":{"rendered":"<p><span style=\"font-family: 'comic sans ms', sans-serif;\">Willkommen auf deinem Malspielplatz, der zum Spielen, Trainieren und Perfektionieren deiner F\u00e4higkeiten mit diesen \u00dcbungs-Malvorlagen gemacht ist!<\/span><\/p>\n<p><span style=\"font-family: 'comic sans ms', sans-serif;\">In diesem Buch geht es darum, Spa\u00df beim \u00dcben verschiedener Maltechniken zu haben. Egal, wo du dich auf deiner Malreise befindest, es wird deine Fantasie anregen und dir helfen, deine F\u00e4higkeiten zu perfektionieren. <\/span><\/p>\n<p><span style=\"font-family: 'comic sans ms', sans-serif;\">Warum du es lieben wirst:<\/span><br \/>\n<span style=\"font-family: 'comic sans ms', sans-serif;\">\u2728 Sie enth\u00e4lt 12 Techniken wie vertr\u00e4umte Himmelsverl\u00e4ufe, gem\u00fctliche Muster, sternenklare N\u00e4chte, Transparenz und nat\u00fcrliche Effekte wie Gras, Feuerschein, Wasser, Nebel und mehr.<\/span><\/p>\n<p><span style=\"font-family: 'comic sans ms', sans-serif;\">\u2728 F\u00fcr jede der 12 Techniken findest du:<\/span><br \/>\n<span style=\"font-family: 'comic sans ms', sans-serif;\">2 \u00dcbungsseiten mit Mustern, Platz zum \u00dcben bestimmter Techniken und eine Illustration zum Testen deiner F\u00e4higkeiten.<\/span><br \/>\n<span style=\"font-family: 'comic sans ms', sans-serif;\">1 ganze Illustrationsseite, um das Gelernte anzuwenden.<\/span><\/p>\n<p><span style=\"font-family: 'comic sans ms', sans-serif;\">\ud83d\udd8d\ufe0f Die Seitengr\u00f6\u00dfe betr\u00e4gt 8,5 x 8,5 Zoll &#8211; am besten druckst du auf Papier im Format 8,5 x 11 Zoll.<\/span><br \/>\n<span style=\"font-family: 'comic sans ms', sans-serif;\">\ud83d\udc96 Perfekt f\u00fcr Erwachsene, Jugendliche und alle, die verschiedene F\u00e4rbetechniken lernen oder \u00fcben wollen, um ihre F\u00e4higkeiten zu verbessern.<\/span><br \/>\n<span style=\"font-family: 'comic sans ms', sans-serif;\">\ud83d\udda8\ufe0f Drucke und \u00fcbe so viel du willst!<\/span><br \/>\n<span style=\"font-family: 'comic sans ms', sans-serif;\">\u2728 Kann auch in Procreate oder einer anderen digitalen Ausmal-App verwendet werden.<\/span><br \/>\n<span style=\"font-family: 'comic sans ms', sans-serif;\">\ud83c\udf81 Ein ideales Geschenk f\u00fcr Malbegeisterte.<\/span><\/p>\n<p><span style=\"font-family: 'comic sans ms', sans-serif;\">**WICHTIG**<\/span><br \/>\n<span style=\"font-family: 'comic sans ms', sans-serif;\">&#8211; Dies ist ein herunterladbares E-Book, das du zu Hause ausdrucken kannst &#8211; es werden keine physischen Kopien verschickt.<\/span><br \/>\n<span style=\"font-family: 'comic sans ms', sans-serif;\">&#8211; Auf den herunterladbaren Dateien befinden sich keine Wasserzeichen.<\/span><br \/>\n<span style=\"font-family: 'comic sans ms', sans-serif;\">&#8211; NUR PERS\u00d6NLICHE\/ PRIVATE Nutzung! Eine kommerzielle Nutzung ist nicht erlaubt. <\/span><br \/>\n<span style=\"font-family: 'comic sans ms', sans-serif;\">&#8211; Das Buch ist urheberrechtlich gesch\u00fctzt und es ist KEINE MASSENPRODUKTION oder ein Weiterverkauf erlaubt.<\/span><\/p>\n<p><span style=\"font-family: 'comic sans ms', sans-serif;\">Hol dir noch heute dein Exemplar dieser \u00dcbungsmalvorlagen und genie\u00dfe jeden Schritt deiner kreativen Reise!<\/span><\/p>\n<p><span style=\"font-family: 'comic sans ms', sans-serif;\">\ud83d\udc8c Hast du Fragen? Du kannst uns jederzeit eine Nachricht schicken. <\/span><\/p>\n","protected":false},"excerpt":{"rendered":"<p>Ein lustiges Buch, um verschiedene F\u00e4rbetechniken zu \u00fcben.<\/p>\n","protected":false},"featured_media":26179,"template":"","meta":{"_acf_changed":false,"_glsr_average":0,"_glsr_ranking":0,"_glsr_reviews":0},"product_brand":[],"product_cat":[1535,1378,1536],"product_tag":[],"class_list":{"0":"post-26176","1":"product","2":"type-product","3":"status-publish","4":"has-post-thumbnail","6":"product_cat-aktivitat","7":"product_cat-malbucher","8":"product_cat-praxis","10":"first","11":"instock","12":"featured","13":"sold-individually","14":"shipping-taxable","15":"purchasable","16":"product-type-variable"},"bundled_by":[],"bundle_stock_status":"instock","bundle_stock_quantity":null,"bundle_virtual":false,"bundle_layout":"","bundle_add_to_cart_form_location":"","bundle_editable_in_cart":false,"bundle_sold_individually_context":"","bundle_item_grouping":"","bundle_min_size":"","bundle_max_size":"","bundle_price":[],"bundled_items":[],"bundle_sell_ids":[],"acf":[],"_links":{"self":[{"href":"https:\/\/www.coloredcaramel.com\/de\/wp-json\/wp\/v2\/product\/26176","targetHints":{"allow":["GET"]}}],"collection":[{"href":"https:\/\/www.coloredcaramel.com\/de\/wp-json\/wp\/v2\/product"}],"about":[{"href":"https:\/\/www.coloredcaramel.com\/de\/wp-json\/wp\/v2\/types\/product"}],"wp:featuredmedia":[{"embeddable":true,"href":"https:\/\/www.coloredcaramel.com\/de\/wp-json\/wp\/v2\/media\/26179"}],"wp:attachment":[{"href":"https:\/\/www.coloredcaramel.com\/de\/wp-json\/wp\/v2\/media?parent=26176"}],"wp:term":[{"taxonomy":"product_brand","embeddable":true,"href":"https:\/\/www.coloredcaramel.com\/de\/wp-json\/wp\/v2\/product_brand?post=26176"},{"taxonomy":"product_cat","embeddable":true,"href":"https:\/\/www.coloredcaramel.com\/de\/wp-json\/wp\/v2\/product_cat?post=26176"},{"taxonomy":"product_tag","embeddable":true,"href":"https:\/\/www.coloredcaramel.com\/de\/wp-json\/wp\/v2\/product_tag?post=26176"}],"curies":[{"name":"wp","href":"https:\/\/api.w.org\/{rel}","templated":true}]}}