{"id":25799,"date":"2025-04-19T13:32:21","date_gmt":"2025-04-19T13:32:21","guid":{"rendered":"https:\/\/www.coloredcaramel.com\/product\/gespenstisches-buendel\/"},"modified":"2025-04-19T13:32:21","modified_gmt":"2025-04-19T13:32:21","slug":"gespenstisches-buendel","status":"publish","type":"product","link":"https:\/\/www.coloredcaramel.com\/de\/produkt\/gespenstisches-buendel\/","title":{"rendered":"Gespenstisches B\u00fcndel"},"content":{"rendered":"<p><span style=\"font-family: 'comic sans ms', sans-serif;\">\ud83c\udf83 Spooky &amp; Sweet Halloween Coloring Bundle \ud83c\udf83<\/span><\/p>\n<p><span style=\"font-family: 'comic sans ms', sans-serif;\">Mach dich bereit f\u00fcr das ultimative kuschelige und gruselige Malabenteuer!<\/span><br \/>\n<span style=\"font-family: 'comic sans ms', sans-serif;\">Wir haben drei unserer Bestseller unter den digitalen Malb\u00fcchern in einem unwiderstehlichen Angebot geb\u00fcndelt &#8211; und das zu einem besonders g\u00fcnstigen Preis!<\/span><\/p>\n<p><span style=\"font-family: 'comic sans ms', sans-serif;\">\ud83d\udc7b Spooky Corner: 40 niedliche und gem\u00fctliche Halloween-Illustrationen, die perfekt zum Entspannen sind.<\/span><br \/>\n<span style=\"font-family: 'comic sans ms', sans-serif;\">\ud83e\udd87 Halloween Vibes: 50 mutige und einfach auszumalende gruselige Designs, die alle deine Halloween-Tr\u00e4ume zum Leben erwecken.<\/span><br \/>\n<span style=\"font-family: 'comic sans ms', sans-serif;\">\ud83c\udf84 Gespenstisch niedliche Weihnachten: Eine zauberhafte Mischung aus festlichem und geisterhaftem Charme &#8211; denn die gruselige Jahreszeit verdient es, bis in die Ferien hinein zu dauern!<\/span><\/p>\n<p><span style=\"font-family: 'comic sans ms', sans-serif;\">Jedes Buch ist vollgepackt mit sich nicht wiederholenden, fettgedruckten, leicht zu f\u00e4rbenden Seiten, die perfekt f\u00fcr Erwachsene und Jugendliche sind, die ein wenig Laune mit ihren Hexenvibes lieben.<\/span><\/p>\n<p><span style=\"font-family: 'comic sans ms', sans-serif;\">Schnapp dir jetzt dieses Paket und tauche ein in stundenlangen, gruseligen, gem\u00fctlichen und kreativen Spa\u00df &#8211; zu einem fantastischen Preis!<\/span><\/p>\n","protected":false},"excerpt":{"rendered":"<p>\ud83c\udf83 Spooky &amp; Sweet Halloween Coloring Bundle \ud83c\udf83 Mach dich bereit f\u00fcr das ultimative kuschelige und gruselige Malabenteuer! Wir haben drei unserer Bestseller unter den digitalen Malb\u00fcchern in einem unwiderstehlichen Angebot geb\u00fcndelt &#8211; und das zu einem besonders g\u00fcnstigen Preis! \ud83d\udc7b Spooky Corner: 40 niedliche und gem\u00fctliche Halloween-Illustrationen, die perfekt zum Entspannen sind. \ud83e\udd87 Halloween<\/p>\n<div class=\"klb-readmore button\"><a class=\"btn link\" href=\"https:\/\/www.coloredcaramel.com\/de\/produkt\/gespenstisches-buendel\/\">Read More <i class=\"klbth-icon-right-arrow\"><\/i><\/a><\/div>\n","protected":false},"featured_media":16071,"template":"","meta":{"_acf_changed":false,"_glsr_average":0,"_glsr_ranking":0,"_glsr_reviews":0},"product_brand":[],"product_cat":[1378,1382,1486],"product_tag":[],"class_list":{"0":"post-25799","1":"product","2":"type-product","3":"status-publish","4":"has-post-thumbnail","6":"product_cat-malbucher","7":"product_cat-bundel","8":"product_cat-halloween","10":"first","11":"instock","12":"sale","13":"virtual","14":"sold-individually","15":"purchasable","16":"product-type-bundle"},"bundled_by":[],"bundle_stock_status":"instock","bundle_stock_quantity":"","bundle_virtual":false,"bundle_layout":"default","bundle_add_to_cart_form_location":"after_summary","bundle_editable_in_cart":true,"bundle_sold_individually_context":"product","bundle_item_grouping":"parent","bundle_min_size":"","bundle_max_size":"","bundle_price":{"price":{"min":{"incl_tax":"23.75","excl_tax":"23.75"},"max":{"incl_tax":"23.75","excl_tax":"23.75"}},"regular_price":{"min":{"incl_tax":"47.94","excl_tax":"47.94"},"max":{"incl_tax":"47.94","excl_tax":"47.94"}}},"bundled_items":[{"bundled_item_id":138,"product_id":24959,"menu_order":3,"quantity_min":1,"quantity_max":1,"quantity_default":1,"priced_individually":false,"shipped_individually":true,"override_title":false,"title":null,"override_description":false,"description":null,"optional":false,"hide_thumbnail":false,"discount":"","override_variations":true,"allowed_variations":[24973],"override_default_variation_attributes":true,"default_variation_attributes":[{"id":0,"name":"Format","option":"Digital"}],"single_product_visibility":"visible","cart_visibility":"visible","order_visibility":"visible","single_product_price_visibility":"visible","cart_price_visibility":"visible","order_price_visibility":"visible","stock_status":"in_stock"},{"bundled_item_id":139,"product_id":24197,"menu_order":4,"quantity_min":1,"quantity_max":1,"quantity_default":1,"priced_individually":false,"shipped_individually":true,"override_title":false,"title":null,"override_description":false,"description":null,"optional":false,"hide_thumbnail":false,"discount":"","override_variations":true,"allowed_variations":[24207],"override_default_variation_attributes":true,"default_variation_attributes":[{"id":0,"name":"Format","option":"Digital"}],"single_product_visibility":"visible","cart_visibility":"visible","order_visibility":"visible","single_product_price_visibility":"visible","cart_price_visibility":"visible","order_price_visibility":"visible","stock_status":"in_stock"},{"bundled_item_id":140,"product_id":23704,"menu_order":5,"quantity_min":1,"quantity_max":1,"quantity_default":1,"priced_individually":false,"shipped_individually":false,"override_title":false,"title":null,"override_description":false,"description":null,"optional":false,"hide_thumbnail":false,"discount":"","override_variations":true,"allowed_variations":[23726],"override_default_variation_attributes":true,"default_variation_attributes":[{"id":0,"name":"Format","option":"Digital"}],"single_product_visibility":"visible","cart_visibility":"visible","order_visibility":"visible","single_product_price_visibility":"visible","cart_price_visibility":"visible","order_price_visibility":"visible","stock_status":"in_stock"}],"bundle_sell_ids":[],"acf":[],"_links":{"self":[{"href":"https:\/\/www.coloredcaramel.com\/de\/wp-json\/wp\/v2\/product\/25799","targetHints":{"allow":["GET"]}}],"collection":[{"href":"https:\/\/www.coloredcaramel.com\/de\/wp-json\/wp\/v2\/product"}],"about":[{"href":"https:\/\/www.coloredcaramel.com\/de\/wp-json\/wp\/v2\/types\/product"}],"wp:featuredmedia":[{"embeddable":true,"href":"https:\/\/www.coloredcaramel.com\/de\/wp-json\/wp\/v2\/media\/16071"}],"wp:attachment":[{"href":"https:\/\/www.coloredcaramel.com\/de\/wp-json\/wp\/v2\/media?parent=25799"}],"wp:term":[{"taxonomy":"product_brand","embeddable":true,"href":"https:\/\/www.coloredcaramel.com\/de\/wp-json\/wp\/v2\/product_brand?post=25799"},{"taxonomy":"product_cat","embeddable":true,"href":"https:\/\/www.coloredcaramel.com\/de\/wp-json\/wp\/v2\/product_cat?post=25799"},{"taxonomy":"product_tag","embeddable":true,"href":"https:\/\/www.coloredcaramel.com\/de\/wp-json\/wp\/v2\/product_tag?post=25799"}],"curies":[{"name":"wp","href":"https:\/\/api.w.org\/{rel}","templated":true}]}}