{"id":25187,"date":"2025-06-01T15:51:41","date_gmt":"2025-06-01T15:51:41","guid":{"rendered":"https:\/\/www.coloredcaramel.com\/product\/ultimatives-malbuch-buendel-12-niedliche-gemuetliche-und-entspannende-malbuecher\/"},"modified":"2025-06-01T15:51:41","modified_gmt":"2025-06-01T15:51:41","slug":"ultimatives-malbuch-buendel-12-niedliche-gemuetliche-und-entspannende-malbuecher","status":"publish","type":"product","link":"https:\/\/www.coloredcaramel.com\/de\/produkt\/ultimatives-malbuch-buendel-12-niedliche-gemuetliche-und-entspannende-malbuecher\/","title":{"rendered":"Ultimatives Malbuch-B\u00fcndel &#8211; 12 niedliche, gem\u00fctliche und entspannende Malb\u00fccher"},"content":{"rendered":"<p><span style=\"font-family: 'comic sans ms', sans-serif; font-size: 12pt;\"><strong>12 digitale Malb\u00fccher mit Bestsellern<\/strong> | 480+ Seiten niedliche, gem\u00fctliche und kreative Freude<\/span><br \/>\n<span style=\"font-family: 'comic sans ms', sans-serif; font-size: 12pt;\">\ud83d\uded2 Jetzt nur $49 &#8211; War $95.88 \u2192 Das sind 49% Rabatt!<\/span><\/p>\n<p><span style=\"font-family: 'comic sans ms', sans-serif; font-size: 12pt;\">\u2728 Mach dich bereit f\u00fcr den GR\u00d6SSTEN Deal, den wir je angeboten haben! \u2728<\/span><br \/>\n<span style=\"font-family: 'comic sans ms', sans-serif; font-size: 12pt;\">Wir haben alle 12 unserer meistverkauften Malb\u00fccher von Colored Caramel in einer vertr\u00e4umten, kuscheligen, kreativit\u00e4tsgeladenen digitalen Sammlung zusammengefasst &#8211; und das zu einem unschlagbaren Preis.<\/span><\/p>\n<p><span style=\"font-family: 'comic sans ms', sans-serif; font-size: 12pt;\">Das ist richtig &#8211; dieses riesige Paket enth\u00e4lt alle deine Lieblingstitel (plus einige \u00dcbungshefte und Ferienangebote) f\u00fcr weniger als die H\u00e4lfte des Preises. Es ist das ultimative Geschenk f\u00fcr dich selbst oder f\u00fcr den Mal-Liebhaber in deinem Leben! <\/span><\/p>\n<p><strong><span style=\"font-family: 'comic sans ms', sans-serif; font-size: 12pt;\">Was ist in dem Paket enthalten?<\/span><\/strong><br \/>\n<span style=\"font-family: 'comic sans ms', sans-serif; font-size: 12pt;\">\ud83e\udde1 <strong>1. My Quiet Time<\/strong><br \/>\nEine ruhige, m\u00e4dchenhafte Sammlung von 40 Szenen im Hygge-Stil, die du ausmalen kannst, w\u00e4hrend du in deinem weichsten Pullover Tee schl\u00fcrfst.<\/span><\/p>\n<p><strong>\ud83c\udf3b 2. Blooming Corner<\/strong><br \/>\n40 bl\u00fchende Gartenszenen, die deine Kreativit\u00e4t wecken und den Fr\u00fchling in deine Fingerspitzen bringen.<\/p>\n<p><strong>  \ud83d\udcae 3. Kawaii Daydream <\/strong><br \/>\n<span style=\"font-family: 'comic sans ms', sans-serif; font-size: 12pt;\">40 vertr\u00e4umte, niedliche und kuschelige Kawaii-Illustrationen, die dein Herz zum Schmelzen bringen und deinen Geist entspannen. Ein Fan-Liebling! <\/span><\/p>\n<p><span style=\"font-size: 12pt; font-family: 'comic sans ms', sans-serif;\"><strong>\ud83d\udc30 4. Hoppy Corner<\/strong><br \/>\nBezaubernde Fr\u00fchlings- und Osterseiten mit s\u00fc\u00dfen H\u00e4schen, K\u00fcken und Blumen.<\/span><\/p>\n<p>\u2744\ufe0f <strong>5. Magische Schneekugeln<\/strong><br \/>\n40 skurrile Weihnachtskugelszenen, die vor Freude und Weihnachtsstimmung spr\u00fchen.<\/p>\n<p>\ud83d\udc7b<strong> 6. Gespenstisch niedliche Weihnachten<\/strong><br \/>\n<span style=\"font-family: 'comic sans ms', sans-serif;\">Ein lustiges und s\u00fc\u00dfes Malbuch f\u00fcr alle, die Halloween und Weihnachten lieben.  <\/span><\/p>\n<p><span style=\"font-size: 12pt; font-family: 'comic sans ms', sans-serif;\">\ud83c\udf84 <strong>7. Festliche Ecke<\/strong><\/span><br \/>\n<span style=\"font-family: 'comic sans ms', sans-serif;\"><span style=\"font-size: 12pt;\">40 herzerw\u00e4rmende Weihnachtsseiten und ein zus\u00e4tzlicher Adventskalender zum Ausmalen! Gem\u00fctlicher und festlicher Spa\u00df. <\/span><\/span><\/p>\n<p><span style=\"font-size: 12pt;\">\ud83c\udf85 <strong>8. Festliche Tage<br \/>\n<\/strong><\/span><span class=\"a-text-bold\">Magische Malvorlagenwelt voller gem\u00fctlicher Momente <\/span>f\u00fcr <span class=\"a-text-bold\">die niedlichsten, glitzerndsten Weihnachten!<\/span><\/p>\n<p><span style=\"font-family: 'comic sans ms', sans-serif;\"><span style=\"font-size: 12pt;\">\ud83d\udd6f\ufe0f <strong>9. Gruselige Ecke<\/strong><\/span><br \/>\n<span style=\"font-size: 12pt;\">Gem\u00fctliche und gruselige Vibes treffen in 40 charmanten Halloween-Szenen mit einer sanften \u00c4sthetik aufeinander.<\/span><\/span><\/p>\n<p><span style=\"font-size: 12pt;\">\ud83c\udf83 <strong>10. Niedliche Spookies<\/strong><\/span><br \/>\n<span class=\"a-text-bold\">Gem\u00fctliches Halloween-Malbuch, das Niedlichkeit mit gruseliger Stimmung verbindet. Voller<\/span> <span class=\"a-text-bold\">freundlicher Geister und verspielter kleiner Figuren<\/span>.<\/p>\n<p><span style=\"font-size: 12pt;\">\ud83c\udf1a <strong>11. Spooky Dreams<\/strong><\/span><br \/>\n40 Seiten voller lustiger, fantasievoller Illustrationen von <span class=\"a-text-bold\">kleinen Tieren und liebenswerten Gespenstern<\/span>.<\/p>\n<p><span style=\"font-size: 12pt;\">\ud83d\udc08 <strong>12. Spooky Cats<\/strong><\/span><br \/>\nSchnurr-vollkommen gruselige kleine Welt mit niedlichen Katzen und magischen Momenten. Ein Verkaufsschlager! <\/p>\n<p>&nbsp;<\/p>\n<p><span style=\"font-family: 'comic sans ms', sans-serif;\">\ud83d\udca1 Warum du dieses Bundle lieben wirst:<\/span><br \/>\n<span style=\"font-family: 'comic sans ms', sans-serif;\">\u2705 Sofortige digitale Downloads &#8211; jederzeit drucken, \u00fcberall Farbe<\/span><br \/>\n<span style=\"font-family: 'comic sans ms', sans-serif;\">\u2705 \u00dcber 480 Seiten Ausmalspa\u00df<\/span><br \/>\n<span style=\"font-family: 'comic sans ms', sans-serif;\">K\u00fchne, leicht zu f\u00e4rbende Kunstwerke f\u00fcr alle Schwierigkeitsgrade<\/span><br \/>\n<span style=\"font-family: 'comic sans ms', sans-serif;\">\u2705 F\u00fcr den Druck oder digitale Apps (wie Procreate!)<\/span><br \/>\n<span style=\"font-family: 'comic sans ms', sans-serif;\">\u2705 Perfektes Geschenk f\u00fcr dich selbst oder einen kreativen Freund<\/span><br \/>\n<span style=\"font-family: 'comic sans ms', sans-serif;\">\u2705 Lifetime Access &#8211; Drucke so oft du willst!<\/span><\/p>\n<p><span style=\"font-family: 'comic sans ms', sans-serif;\">\ud83c\udf81 Regul\u00e4rer Preis: $95.88<\/span><br \/>\n<span style=\"font-family: 'comic sans ms', sans-serif;\">\ud83d\udd25 Nur heute: $49<\/span><br \/>\n<span style=\"font-family: 'comic sans ms', sans-serif;\">\ud83d\udcb8 Du sparst 49%! Das ist fast die H\u00c4LFTE weniger! <\/span><\/p>\n<p><span style=\"font-family: 'comic sans ms', sans-serif;\">Dies ist deine Chance, die gesamte Sammlung der meistverkauften digitalen Malb\u00fccher von Colored Caramel in einem einzigen magischen Download zu besitzen. \u2728<\/span><\/p>\n<p><span style=\"font-family: 'comic sans ms', sans-serif;\">\ud83d\udc49 Verpass es nicht &#8211; dieser Deal ist GROSS und nur f\u00fcr eine begrenzte Zeit!<\/span><\/p>\n<p><span style=\"font-family: 'comic sans ms', sans-serif;\">\ud83d\uded2 Jetzt in den Warenkorb legen und deine Kreativit\u00e4t erbl\u00fchen lassen, Saison f\u00fcr Saison.<\/span><\/p>\n","protected":false},"excerpt":{"rendered":"<p>12 digitale Malb\u00fccher mit Bestsellern | 480+ Seiten niedliche, gem\u00fctliche und kreative Freude \ud83d\uded2 Jetzt nur $49 &#8211; War $95.88 \u2192 Das sind 49% Rabatt! \u2728 Mach dich bereit f\u00fcr den GR\u00d6SSTEN Deal, den wir je angeboten haben! \u2728 Wir haben alle 12 unserer meistverkauften Malb\u00fccher von Colored Caramel in einer vertr\u00e4umten, kuscheligen, kreativit\u00e4tsgeladenen digitalen<\/p>\n<div class=\"klb-readmore button\"><a class=\"btn link\" href=\"https:\/\/www.coloredcaramel.com\/de\/produkt\/ultimatives-malbuch-buendel-12-niedliche-gemuetliche-und-entspannende-malbuecher\/\">Read More <i class=\"klbth-icon-right-arrow\"><\/i><\/a><\/div>\n","protected":false},"featured_media":17112,"template":"","meta":{"_acf_changed":false,"_glsr_average":0,"_glsr_ranking":0,"_glsr_reviews":0},"product_brand":[],"product_cat":[1378,1382],"product_tag":[],"class_list":{"0":"post-25187","1":"product","2":"type-product","3":"status-publish","4":"has-post-thumbnail","6":"product_cat-malbucher","7":"product_cat-bundel","9":"first","10":"instock","11":"sale","12":"downloadable","13":"virtual","14":"sold-individually","15":"purchasable","16":"product-type-bundle"},"bundled_by":[],"bundle_stock_status":"instock","bundle_stock_quantity":"","bundle_virtual":false,"bundle_layout":"default","bundle_add_to_cart_form_location":"default","bundle_editable_in_cart":false,"bundle_sold_individually_context":"product","bundle_item_grouping":"parent","bundle_min_size":"","bundle_max_size":"","bundle_price":{"price":{"min":{"incl_tax":"67.12","excl_tax":"67.12"},"max":{"incl_tax":"67.12","excl_tax":"67.12"}},"regular_price":{"min":{"incl_tax":"95.88","excl_tax":"95.88"},"max":{"incl_tax":"95.88","excl_tax":"95.88"}}},"bundled_items":[{"bundled_item_id":85,"product_id":25057,"menu_order":0,"quantity_min":1,"quantity_max":1,"quantity_default":1,"priced_individually":false,"shipped_individually":false,"override_title":false,"title":null,"override_description":false,"description":null,"optional":false,"hide_thumbnail":false,"discount":"","override_variations":true,"allowed_variations":[25066],"override_default_variation_attributes":true,"default_variation_attributes":[{"id":0,"name":"Format","option":"Digital"}],"single_product_visibility":"visible","cart_visibility":"visible","order_visibility":"visible","single_product_price_visibility":"visible","cart_price_visibility":"visible","order_price_visibility":"visible","stock_status":"in_stock"},{"bundled_item_id":86,"product_id":20573,"menu_order":7,"quantity_min":1,"quantity_max":1,"quantity_default":1,"priced_individually":false,"shipped_individually":false,"override_title":false,"title":null,"override_description":false,"description":null,"optional":false,"hide_thumbnail":false,"discount":"","override_variations":true,"allowed_variations":[20584],"override_default_variation_attributes":true,"default_variation_attributes":[{"id":0,"name":"Format","option":"Digital"}],"single_product_visibility":"visible","cart_visibility":"visible","order_visibility":"visible","single_product_price_visibility":"visible","cart_price_visibility":"visible","order_price_visibility":"visible","stock_status":"in_stock"},{"bundled_item_id":87,"product_id":24197,"menu_order":9,"quantity_min":1,"quantity_max":1,"quantity_default":1,"priced_individually":false,"shipped_individually":false,"override_title":false,"title":null,"override_description":false,"description":null,"optional":false,"hide_thumbnail":false,"discount":"","override_variations":true,"allowed_variations":[24207],"override_default_variation_attributes":true,"default_variation_attributes":[{"id":0,"name":"Format","option":"Digital"}],"single_product_visibility":"visible","cart_visibility":"visible","order_visibility":"visible","single_product_price_visibility":"visible","cart_price_visibility":"visible","order_price_visibility":"visible","stock_status":"in_stock"},{"bundled_item_id":88,"product_id":24959,"menu_order":10,"quantity_min":1,"quantity_max":1,"quantity_default":1,"priced_individually":false,"shipped_individually":false,"override_title":false,"title":null,"override_description":false,"description":null,"optional":false,"hide_thumbnail":false,"discount":"","override_variations":true,"allowed_variations":[24973],"override_default_variation_attributes":true,"default_variation_attributes":[{"id":0,"name":"Format","option":"Digital"}],"single_product_visibility":"visible","cart_visibility":"visible","order_visibility":"visible","single_product_price_visibility":"visible","cart_price_visibility":"visible","order_price_visibility":"visible","stock_status":"in_stock"},{"bundled_item_id":89,"product_id":23704,"menu_order":11,"quantity_min":1,"quantity_max":1,"quantity_default":1,"priced_individually":false,"shipped_individually":false,"override_title":false,"title":null,"override_description":false,"description":null,"optional":false,"hide_thumbnail":false,"discount":"","override_variations":true,"allowed_variations":[23726],"override_default_variation_attributes":true,"default_variation_attributes":[{"id":0,"name":"Format","option":"Digital"}],"single_product_visibility":"visible","cart_visibility":"visible","order_visibility":"visible","single_product_price_visibility":"visible","cart_price_visibility":"visible","order_price_visibility":"visible","stock_status":"in_stock"}],"bundle_sell_ids":[],"acf":[],"_links":{"self":[{"href":"https:\/\/www.coloredcaramel.com\/de\/wp-json\/wp\/v2\/product\/25187","targetHints":{"allow":["GET"]}}],"collection":[{"href":"https:\/\/www.coloredcaramel.com\/de\/wp-json\/wp\/v2\/product"}],"about":[{"href":"https:\/\/www.coloredcaramel.com\/de\/wp-json\/wp\/v2\/types\/product"}],"wp:featuredmedia":[{"embeddable":true,"href":"https:\/\/www.coloredcaramel.com\/de\/wp-json\/wp\/v2\/media\/17112"}],"wp:attachment":[{"href":"https:\/\/www.coloredcaramel.com\/de\/wp-json\/wp\/v2\/media?parent=25187"}],"wp:term":[{"taxonomy":"product_brand","embeddable":true,"href":"https:\/\/www.coloredcaramel.com\/de\/wp-json\/wp\/v2\/product_brand?post=25187"},{"taxonomy":"product_cat","embeddable":true,"href":"https:\/\/www.coloredcaramel.com\/de\/wp-json\/wp\/v2\/product_cat?post=25187"},{"taxonomy":"product_tag","embeddable":true,"href":"https:\/\/www.coloredcaramel.com\/de\/wp-json\/wp\/v2\/product_tag?post=25187"}],"curies":[{"name":"wp","href":"https:\/\/api.w.org\/{rel}","templated":true}]}}