{"id":25057,"date":"2025-06-09T08:57:01","date_gmt":"2025-06-09T08:57:01","guid":{"rendered":"https:\/\/www.coloredcaramel.com\/product\/meine-stille-zeit-suesses-entspannendes-malbuch-fuer-gemuetliche-maedchen\/"},"modified":"2026-02-17T07:09:44","modified_gmt":"2026-02-17T07:09:44","slug":"meine-stille-zeit-suesses-entspannendes-malbuch-fuer-gemuetliche-maedchen","status":"publish","type":"product","link":"https:\/\/www.coloredcaramel.com\/de\/produkt\/meine-stille-zeit-suesses-entspannendes-malbuch-fuer-gemuetliche-maedchen\/","title":{"rendered":"Meine stille Zeit: S\u00fc\u00dfes &amp; entspannendes Malbuch f\u00fcr gem\u00fctliche M\u00e4dchen"},"content":{"rendered":"<p><span style=\"font-family: 'comic sans ms', sans-serif;\">Erschaffe deine eigene gem\u00fctliche Welt, eine Seite nach der anderen!<\/span><\/p>\n<p><span style=\"font-family: 'comic sans ms', sans-serif;\">Warum du es lieben wirst:<\/span><br \/>\n<span style=\"font-family: 'comic sans ms', sans-serif;\">&#8211; K\u00fchne, leicht zu f\u00e4rbende Illustrationen sind perfekt f\u00fcr entspannende Momente.<\/span><br \/>\n<span style=\"font-family: 'comic sans ms', sans-serif;\">&#8211; Ein komplettes PDF mit 40 einzigartigen Designs &#8211; ohne Wiederholungen!<\/span><br \/>\n<span style=\"font-family: 'comic sans ms', sans-serif;\">&#8211; Die Seitengr\u00f6\u00dfe betr\u00e4gt 8,5 x 8,5 Zoll &#8211; am besten druckst du auf Papier im Format 8,5 x 11 Zoll.<\/span><br \/>\n<span style=\"font-family: 'comic sans ms', sans-serif;\">&#8211; Perfekt f\u00fcr Erwachsene und Teenager, die gem\u00fctliche, m\u00e4dchenhafte Themen lieben.<\/span><br \/>\n<span style=\"font-family: 'comic sans ms', sans-serif;\">&#8211; Genie\u00dfe deine ruhige Zeit mit beruhigenden und kreativen Momenten.<\/span><br \/>\n<span style=\"font-family: 'comic sans ms', sans-serif;\">&#8211; Ein sch\u00f6nes Geschenk.<\/span><\/p>\n<p><span style=\"font-family: 'comic sans ms', sans-serif;\">**WICHTIG**<\/span><br \/>\n<span style=\"font-family: 'comic sans ms', sans-serif;\">&#8211; Dies ist ein herunterladbares E-Book, das du zu Hause ausdrucken kannst &#8211; es werden keine physischen Kopien verschickt.<\/span><br \/>\n<span style=\"font-family: 'comic sans ms', sans-serif;\">&#8211; Auf den herunterladbaren Dateien befinden sich keine Wasserzeichen.<\/span><br \/>\n<span style=\"font-family: 'comic sans ms', sans-serif;\">&#8211; NUR PERS\u00d6NLICHE\/ PRIVATE Nutzung! Eine kommerzielle Nutzung ist nicht erlaubt. <\/span><br \/>\n<span style=\"font-family: 'comic sans ms', sans-serif;\">&#8211; Das Buch ist urheberrechtlich gesch\u00fctzt und es ist KEINE MASSENPRODUKTION oder ein Weiterverkauf erlaubt.<\/span><\/p>\n<p><span style=\"font-family: 'comic sans ms', sans-serif;\">Hol dir noch heute dein Exemplar und genie\u00dfe deine stille Zeit!<\/span><\/p>\n<p><span style=\"font-family: 'comic sans ms', sans-serif;\">Wenn du irgendwelche Fragen hast, schick uns eine Nachricht \ud83d\ude42<\/span><\/p>\n","protected":false},"excerpt":{"rendered":"<p>Erschaffe deine eigene gem\u00fctliche Welt, eine Seite nach der anderen! Warum du es lieben wirst: &#8211; K\u00fchne, leicht zu f\u00e4rbende Illustrationen sind perfekt f\u00fcr entspannende Momente. &#8211; Ein komplettes PDF mit 40 einzigartigen Designs &#8211; ohne Wiederholungen! &#8211; Die Seitengr\u00f6\u00dfe betr\u00e4gt 8,5 x 8,5 Zoll &#8211; am besten druckst du auf Papier im Format 8,5<\/p>\n<div class=\"klb-readmore button\"><a class=\"btn link\" href=\"https:\/\/www.coloredcaramel.com\/de\/produkt\/meine-stille-zeit-suesses-entspannendes-malbuch-fuer-gemuetliche-maedchen\/\">Read More <i class=\"klbth-icon-right-arrow\"><\/i><\/a><\/div>\n","protected":false},"featured_media":25059,"template":"","meta":{"_acf_changed":false,"_glsr_average":0,"_glsr_ranking":0,"_glsr_reviews":0},"product_brand":[],"product_cat":[1441,1471,1378],"product_tag":[],"class_list":{"0":"post-25057","1":"product","2":"type-product","3":"status-publish","4":"has-post-thumbnail","6":"product_cat-entspannung","7":"product_cat-achtsamkeit","8":"product_cat-malbucher","10":"first","11":"instock","12":"sale","13":"sold-individually","14":"shipping-taxable","15":"purchasable","16":"product-type-variable"},"bundled_by":["25187"],"bundle_stock_status":"instock","bundle_stock_quantity":null,"bundle_virtual":false,"bundle_layout":"","bundle_add_to_cart_form_location":"","bundle_editable_in_cart":false,"bundle_sold_individually_context":"","bundle_item_grouping":"","bundle_min_size":"","bundle_max_size":"","bundle_price":[],"bundled_items":[],"bundle_sell_ids":[],"acf":[],"_links":{"self":[{"href":"https:\/\/www.coloredcaramel.com\/de\/wp-json\/wp\/v2\/product\/25057","targetHints":{"allow":["GET"]}}],"collection":[{"href":"https:\/\/www.coloredcaramel.com\/de\/wp-json\/wp\/v2\/product"}],"about":[{"href":"https:\/\/www.coloredcaramel.com\/de\/wp-json\/wp\/v2\/types\/product"}],"wp:featuredmedia":[{"embeddable":true,"href":"https:\/\/www.coloredcaramel.com\/de\/wp-json\/wp\/v2\/media\/25059"}],"wp:attachment":[{"href":"https:\/\/www.coloredcaramel.com\/de\/wp-json\/wp\/v2\/media?parent=25057"}],"wp:term":[{"taxonomy":"product_brand","embeddable":true,"href":"https:\/\/www.coloredcaramel.com\/de\/wp-json\/wp\/v2\/product_brand?post=25057"},{"taxonomy":"product_cat","embeddable":true,"href":"https:\/\/www.coloredcaramel.com\/de\/wp-json\/wp\/v2\/product_cat?post=25057"},{"taxonomy":"product_tag","embeddable":true,"href":"https:\/\/www.coloredcaramel.com\/de\/wp-json\/wp\/v2\/product_tag?post=25057"}],"curies":[{"name":"wp","href":"https:\/\/api.w.org\/{rel}","templated":true}]}}