{"id":24656,"date":"2025-06-21T19:57:41","date_gmt":"2025-06-21T19:57:41","guid":{"rendered":"https:\/\/www.coloredcaramel.com\/product\/halloween-zwerge-malbuch\/"},"modified":"2026-04-06T08:12:13","modified_gmt":"2026-04-06T08:12:13","slug":"halloween-zwerge-malbuch","status":"publish","type":"product","link":"https:\/\/www.coloredcaramel.com\/de\/produkt\/halloween-zwerge-malbuch\/","title":{"rendered":"Halloween Zwerge Malbuch"},"content":{"rendered":"<p data-pm-slice=\"1 1 []\"><span style=\"font-family: 'comic sans ms', sans-serif;\">Lass dich von unserem Halloween Gnome Coloring Book in eine gruselige Stimmung versetzen. Das digitale Malbuch ist perfekt f\u00fcr Jugendliche und Erwachsene!<\/span><\/p>\n<p><span style=\"font-family: 'comic sans ms', sans-serif;\">Dieses PDF-Malbuch zum Ausdrucken enth\u00e4lt 25 handgezeichnete Illustrationen mit gruseligen Gnomen, verspielten Skeletten, Sensenm\u00e4nnern, Zombies, gruseligen K\u00fcrbissen, blubbernden Kesseln, Mumien, Hexen und mehr. Egal, ob du ein Fan von Halloween, Horrorfilmen oder schrulligen Charakteren bist, dieses Malbuch wird dir mit Sicherheit unheimliche Freude bereiten. <\/span><\/p>\n<p><span style=\"font-family: 'comic sans ms', sans-serif;\"><strong>Was drin ist:<\/strong><\/span><\/p>\n<p><span style=\"font-family: 'comic sans ms', sans-serif;\">&#8211; Sammlung von 25 einzigartigen Halloween-Zwergen-Malvorlagen<\/span><br \/>\n<span style=\"font-family: 'comic sans ms', sans-serif;\">&#8211; Skurrile Gnome, gruselige Kreaturen und gespenstische Szenen<\/span><br \/>\n<span style=\"font-family: 'comic sans ms', sans-serif;\">&#8211; Perfekt zum Entspannen, Ausruhen und Feiern<\/span><br \/>\n<span style=\"font-family: 'comic sans ms', sans-serif;\">&#8211; Hochaufl\u00f6sendes PDF (8,5 x 11 Zoll), einfach zu Hause auszudrucken<\/span><br \/>\n<span style=\"font-family: 'comic sans ms', sans-serif;\">&#8211; Enth\u00e4lt eine &#8222;Dieses Malbuch geh\u00f6rt zu&#8220;-Seite<\/span><\/p>\n<p><span style=\"font-family: 'comic sans ms', sans-serif;\"><strong>Perfekt f\u00fcr:<\/strong><\/span><\/p>\n<p><span style=\"font-family: 'comic sans ms', sans-serif;\">&#8211; Halloween-Liebhaber, Horror-Fans und Wichtelsammler<\/span><br \/>\n<span style=\"font-family: 'comic sans ms', sans-serif;\">&#8211; Jugendliche, Erwachsene und alle, die gerne malen<\/span><br \/>\n<span style=\"font-family: 'comic sans ms', sans-serif;\">&#8211; Halloween-Partys, gem\u00fctliche N\u00e4chte oder kreative Geschenke<\/span><br \/>\n<span style=\"font-family: 'comic sans ms', sans-serif;\">&#8211; Sofortiger Download: Heute drucken und ausmalen<\/span><\/p>\n<p><span style=\"font-family: 'comic sans ms', sans-serif;\">Dies ist ein digitales Produkt. Es wird kein physisches Produkt verschickt. Du kannst es f\u00fcr den pers\u00f6nlichen Gebrauch so oft ausdrucken, wie du willst.  <\/span><\/p>\n<p><span style=\"font-family: 'comic sans ms', sans-serif;\"><strong>Hinweis:<\/strong> Dieses Malbuch ist nur f\u00fcr den privaten Gebrauch bestimmt. Die kommerzielle Nutzung, der Weiterverkauf oder die Massenproduktion sind nicht erlaubt. Die heruntergeladenen Dateien werden keine Wasserzeichen haben.  <\/span><\/p>\n","protected":false},"excerpt":{"rendered":"<p>Ein schaurig-sch\u00f6nes Malbuch mit 25 Halloween-Zwergen-Illustrationen f\u00fcr Jugendliche und Erwachsene zum Ausdrucken<\/p>\n","protected":false},"featured_media":16643,"template":"","meta":{"_acf_changed":false,"_glsr_average":0,"_glsr_ranking":0,"_glsr_reviews":0},"product_brand":[],"product_cat":[1486,1520],"product_tag":[],"class_list":{"0":"post-24656","1":"product","2":"type-product","3":"status-publish","4":"has-post-thumbnail","6":"product_cat-halloween","7":"product_cat-zwerge","9":"first","10":"instock","11":"sale","12":"sold-individually","13":"shipping-taxable","14":"purchasable","15":"product-type-variable"},"bundled_by":[],"bundle_stock_status":"instock","bundle_stock_quantity":null,"bundle_virtual":false,"bundle_layout":"","bundle_add_to_cart_form_location":"","bundle_editable_in_cart":false,"bundle_sold_individually_context":"","bundle_item_grouping":"","bundle_min_size":"","bundle_max_size":"","bundle_price":[],"bundled_items":[],"bundle_sell_ids":[],"acf":[],"_links":{"self":[{"href":"https:\/\/www.coloredcaramel.com\/de\/wp-json\/wp\/v2\/product\/24656","targetHints":{"allow":["GET"]}}],"collection":[{"href":"https:\/\/www.coloredcaramel.com\/de\/wp-json\/wp\/v2\/product"}],"about":[{"href":"https:\/\/www.coloredcaramel.com\/de\/wp-json\/wp\/v2\/types\/product"}],"wp:featuredmedia":[{"embeddable":true,"href":"https:\/\/www.coloredcaramel.com\/de\/wp-json\/wp\/v2\/media\/16643"}],"wp:attachment":[{"href":"https:\/\/www.coloredcaramel.com\/de\/wp-json\/wp\/v2\/media?parent=24656"}],"wp:term":[{"taxonomy":"product_brand","embeddable":true,"href":"https:\/\/www.coloredcaramel.com\/de\/wp-json\/wp\/v2\/product_brand?post=24656"},{"taxonomy":"product_cat","embeddable":true,"href":"https:\/\/www.coloredcaramel.com\/de\/wp-json\/wp\/v2\/product_cat?post=24656"},{"taxonomy":"product_tag","embeddable":true,"href":"https:\/\/www.coloredcaramel.com\/de\/wp-json\/wp\/v2\/product_tag?post=24656"}],"curies":[{"name":"wp","href":"https:\/\/api.w.org\/{rel}","templated":true}]}}