{"id":23593,"date":"2025-09-25T12:09:35","date_gmt":"2025-09-25T12:09:35","guid":{"rendered":"https:\/\/www.coloredcaramel.com\/product\/girly-vibes-ausmalbuch-mutige-einfache-und-niedliche-illustrationen\/"},"modified":"2026-04-06T08:11:29","modified_gmt":"2026-04-06T08:11:29","slug":"girly-vibes-ausmalbuch-mutige-einfache-und-niedliche-illustrationen","status":"publish","type":"product","link":"https:\/\/www.coloredcaramel.com\/de\/produkt\/girly-vibes-ausmalbuch-mutige-einfache-und-niedliche-illustrationen\/","title":{"rendered":"Girly Vibes Ausmalbuch: Mutige, einfache und niedliche Illustrationen"},"content":{"rendered":"<p><span style=\"font-family: 'comic sans ms', sans-serif;\">Liebst du es, s\u00fc\u00dfe, m\u00e4dchenhafte, gem\u00fctliche und einfache Ausmalbilder auszumalen?<\/span><br \/>\n<span style=\"font-family: 'comic sans ms', sans-serif;\">Dann wirst du dieses Buch definitiv lieben!<\/span><\/p>\n<p><span style=\"font-family: 'comic sans ms', sans-serif;\">Wir m\u00f6gen dieses Malbuch nicht nur, wir sind geradezu besessen von ihm!<\/span><br \/>\n<span style=\"font-family: 'comic sans ms', sans-serif;\">&#8211; Es ist voll von super s\u00fc\u00dfen, mutigen und einfachen Illustrationen.<\/span><br \/>\n<span style=\"font-family: 'comic sans ms', sans-serif;\">&#8211; Die niedlichen Seiten eignen sich perfekt zum Ausmalen mit Freunden!<\/span><br \/>\n<span style=\"font-family: 'comic sans ms', sans-serif;\">&#8211; Ein komplettes PDF mit 55 einzigartigen Designs &#8211; ohne Wiederholung!<\/span><br \/>\n<span style=\"font-family: 'comic sans ms', sans-serif;\">&#8211; Die Seitengr\u00f6\u00dfe betr\u00e4gt 8,5 x 8,5 Zoll &#8211; am besten druckst du auf 8,5 x 11 Zoll oder A4-Papier.<\/span><br \/>\n<span style=\"font-family: 'comic sans ms', sans-serif;\">&#8211; Perfekt f\u00fcr Erwachsene und Teenager.<\/span><br \/>\n<span style=\"font-family: 'comic sans ms', sans-serif;\">&#8211; Entspannend!<\/span><br \/>\n<span style=\"font-family: 'comic sans ms', sans-serif;\">&#8211; Ein sch\u00f6nes Geschenk.<\/span><\/p>\n<p><span style=\"font-family: 'comic sans ms', sans-serif;\">**WICHTIG**<\/span><br \/>\n<span style=\"font-family: 'comic sans ms', sans-serif;\">&#8211; Dies ist ein herunterladbares E-Book, das du zu Hause ausdrucken kannst &#8211; es werden keine physischen Kopien verschickt.<\/span><br \/>\n<span style=\"font-family: 'comic sans ms', sans-serif;\">&#8211; Auf den herunterladbaren Dateien befinden sich keine Wasserzeichen.<\/span><br \/>\n<span style=\"font-family: 'comic sans ms', sans-serif;\">&#8211; NUR PERS\u00d6NLICHE\/ PRIVATE Nutzung! Eine kommerzielle Nutzung ist nicht erlaubt. <\/span><br \/>\n<span style=\"font-family: 'comic sans ms', sans-serif;\">&#8211; Das Buch ist urheberrechtlich gesch\u00fctzt und es ist KEINE MASSENPRODUKTION oder ein Weiterverkauf erlaubt.<\/span><\/p>\n<p><span style=\"font-family: 'comic sans ms', sans-serif;\">Bestell dieses niedliche FARBBBUCH f\u00fcr Spa\u00df und Stressabbau!<\/span><\/p>\n<p><span style=\"font-family: 'comic sans ms', sans-serif;\">Wenn du irgendwelche Fragen hast, schick uns eine Nachricht \ud83d\ude42<\/span><\/p>\n","protected":false},"excerpt":{"rendered":"<p>Liebst du es, s\u00fc\u00dfe, m\u00e4dchenhafte, gem\u00fctliche und einfache Ausmalbilder auszumalen? Dann wirst du dieses Buch definitiv lieben! Wir m\u00f6gen dieses Malbuch nicht nur, wir sind geradezu besessen von ihm! &#8211; Es ist voll von super s\u00fc\u00dfen, mutigen und einfachen Illustrationen. &#8211; Die niedlichen Seiten eignen sich perfekt zum Ausmalen mit Freunden! &#8211; Ein komplettes PDF<\/p>\n<div class=\"klb-readmore button\"><a class=\"btn link\" href=\"https:\/\/www.coloredcaramel.com\/de\/produkt\/girly-vibes-ausmalbuch-mutige-einfache-und-niedliche-illustrationen\/\">Read More <i class=\"klbth-icon-right-arrow\"><\/i><\/a><\/div>\n","protected":false},"featured_media":23604,"template":"","meta":{"_acf_changed":false,"_glsr_average":0,"_glsr_ranking":0,"_glsr_reviews":0},"product_brand":[],"product_cat":[1471,1441,1378],"product_tag":[],"class_list":{"0":"post-23593","1":"product","2":"type-product","3":"status-publish","4":"has-post-thumbnail","6":"product_cat-achtsamkeit","7":"product_cat-entspannung","8":"product_cat-malbucher","10":"first","11":"instock","12":"sold-individually","13":"shipping-taxable","14":"purchasable","15":"product-type-variable"},"bundled_by":[],"bundle_stock_status":"instock","bundle_stock_quantity":null,"bundle_virtual":false,"bundle_layout":"","bundle_add_to_cart_form_location":"","bundle_editable_in_cart":false,"bundle_sold_individually_context":"","bundle_item_grouping":"","bundle_min_size":"","bundle_max_size":"","bundle_price":[],"bundled_items":[],"bundle_sell_ids":[],"acf":[],"_links":{"self":[{"href":"https:\/\/www.coloredcaramel.com\/de\/wp-json\/wp\/v2\/product\/23593","targetHints":{"allow":["GET"]}}],"collection":[{"href":"https:\/\/www.coloredcaramel.com\/de\/wp-json\/wp\/v2\/product"}],"about":[{"href":"https:\/\/www.coloredcaramel.com\/de\/wp-json\/wp\/v2\/types\/product"}],"wp:featuredmedia":[{"embeddable":true,"href":"https:\/\/www.coloredcaramel.com\/de\/wp-json\/wp\/v2\/media\/23604"}],"wp:attachment":[{"href":"https:\/\/www.coloredcaramel.com\/de\/wp-json\/wp\/v2\/media?parent=23593"}],"wp:term":[{"taxonomy":"product_brand","embeddable":true,"href":"https:\/\/www.coloredcaramel.com\/de\/wp-json\/wp\/v2\/product_brand?post=23593"},{"taxonomy":"product_cat","embeddable":true,"href":"https:\/\/www.coloredcaramel.com\/de\/wp-json\/wp\/v2\/product_cat?post=23593"},{"taxonomy":"product_tag","embeddable":true,"href":"https:\/\/www.coloredcaramel.com\/de\/wp-json\/wp\/v2\/product_tag?post=23593"}],"curies":[{"name":"wp","href":"https:\/\/api.w.org\/{rel}","templated":true}]}}