{"id":18026,"date":"2022-04-03T07:48:26","date_gmt":"2022-04-03T07:48:26","guid":{"rendered":"https:\/\/www.coloredcaramel.com\/datenschutzrichtlinie\/"},"modified":"2026-02-04T17:33:09","modified_gmt":"2026-02-04T17:33:09","slug":"datenschutzrichtlinie","status":"publish","type":"page","link":"https:\/\/www.coloredcaramel.com\/de\/datenschutzrichtlinie\/","title":{"rendered":"Datenschutzrichtlinie"},"content":{"rendered":"\n<p>Colored Caramel (ein Teilunternehmen von Manfred Limited) Datenschutzbestimmungen<\/p>\n\n<p>Diese Datenschutzrichtlinie beschreibt, wie deine pers\u00f6nlichen Daten gesammelt, verwendet und weitergegeben werden, wenn du https:\/\/www.coloredcaramel.com\/ (die &#8222;Website&#8220;) besuchst oder dort einkaufst.<\/p>\n\n<p>PERS\u00d6NLICHE INFORMATIONEN, DIE WIR SAMMELN<\/p>\n\n<p>Wenn du die Website besuchst, erfassen wir automatisch bestimmte Informationen \u00fcber dein Ger\u00e4t, einschlie\u00dflich Informationen \u00fcber deinen Webbrowser, deine IP-Adresse, deine Zeitzone und einige der Cookies, die auf deinem Ger\u00e4t installiert sind. Wenn du auf der Website surfst, sammeln wir au\u00dferdem Informationen \u00fcber die einzelnen Webseiten oder Produkte, die du dir ansiehst, welche Websites oder Suchbegriffe dich auf die Website verwiesen haben, und Informationen dar\u00fcber, wie du mit der Website interagierst. Wir bezeichnen diese automatisch gesammelten Informationen als &#8222;Ger\u00e4teinformationen&#8220;.  <\/p>\n\n<p>Wir sammeln Ger\u00e4teinformationen mithilfe der folgenden Technologien:<\/p>\n\n<pre class=\"wp-block-code\"><code>- \u201cCookies\u201d are data files that are placed on your device or computer and often include an anonymous unique identifier. For more information about cookies, and how to disable cookies, visit http:\/\/www.allaboutcookies.org.\n- \u201cLog files\u201d track actions occurring on the Site, and collect data including your IP address, browser type, Internet service provider, referring\/exit pages, and date\/time stamps.\n- \u201cWeb beacons,\u201d \u201ctags,\u201d and \u201cpixels\u201d are electronic files used to record information about how you browse the Site.\n<\/code><\/pre>\n\n<p>Wenn du \u00fcber die Website einen Kauf t\u00e4tigst oder versuchst, einen Kauf zu t\u00e4tigen, erfassen wir au\u00dferdem bestimmte Informationen von dir, darunter deinen Namen, deine Rechnungsadresse, deine Lieferadresse, deine Zahlungsinformationen (einschlie\u00dflich Kreditkartennummern), deine E-Mail-Adresse und deine Telefonnummer. Wir bezeichnen diese Informationen als &#8222;Bestellinformationen&#8220;. <\/p>\n\n<p><\/p>\n\n<p>Wenn wir in dieser Datenschutzrichtlinie von &#8222;pers\u00f6nlichen Daten&#8220; sprechen, meinen wir damit sowohl Ger\u00e4te- als auch Bestelldaten.<\/p>\n\n<p>WIE VERWENDEN WIR DEINE PERS\u00d6NLICHEN DATEN?<\/p>\n\n<p>Wir verwenden die von uns gesammelten Bestellinformationen im Allgemeinen, um die \u00fcber die Website aufgegebenen Bestellungen auszuf\u00fchren (einschlie\u00dflich der Verarbeitung deiner Zahlungsinformationen, der Organisation des Versands und der \u00dcbermittlung von Rechnungen und\/oder Auftragsbest\u00e4tigungen). Dar\u00fcber hinaus verwenden wir diese Bestellinformationen, um:<br\/>mit dir zu kommunizieren;<br\/>unsere Bestellungen auf potenzielle Risiken oder Betrug zu \u00fcberpr\u00fcfen; und<br\/>dir, wenn es deinen Pr\u00e4ferenzen entspricht, Informationen oder Werbung zu unseren Produkten oder Dienstleistungen zukommen zu lassen. <br\/><br\/>Wir verwenden die gesammelten Ger\u00e4tedaten, um potenzielle Risiken und Betrug zu erkennen (insbesondere deine IP-Adresse) und um unsere Website allgemein zu verbessern und zu optimieren (z. B. durch die Erstellung von Analysen dar\u00fcber, wie unsere Kunden auf der Website surfen und mit ihr interagieren, und um den Erfolg unserer Marketing- und Werbekampagnen zu bewerten).<br\/><\/p>\n\n<p>Wir geben deine pers\u00f6nlichen Daten an Dritte weiter, die uns bei der Nutzung deiner pers\u00f6nlichen Daten helfen, wie oben beschrieben. Wir nutzen Google Analytics, um zu verstehen, wie unsere Kunden die Website nutzen &#8211; du kannst hier mehr dar\u00fcber lesen, wie Google deine pers\u00f6nlichen Daten nutzt: https:\/\/www.google.com\/intl\/en\/policies\/privacy\/. Du kannst Google Analytics auch hier abbestellen: https:\/\/tools.google.com\/dlpage\/gaoptout. <\/p>\n\n<p>Schlie\u00dflich k\u00f6nnen wir deine pers\u00f6nlichen Daten auch weitergeben, um geltende Gesetze und Vorschriften einzuhalten, um auf eine Vorladung, einen Durchsuchungsbefehl oder eine andere rechtm\u00e4\u00dfige Anfrage nach Informationen zu reagieren, die wir erhalten, oder um unsere Rechte anderweitig zu sch\u00fctzen.<br\/><br\/>Wie oben beschrieben, verwenden wir deine pers\u00f6nlichen Daten, um dir gezielte Werbung oder Marketingmitteilungen zukommen zu lassen, von denen wir glauben, dass sie f\u00fcr dich von Interesse sein k\u00f6nnten. Weitere Informationen dar\u00fcber, wie gezielte Werbung funktioniert, findest du auf der Bildungsseite der Network Advertising Initiative (&#8222;NAI&#8220;) unter http:\/\/www.networkadvertising.org\/understanding-online-advertising\/how-does-it-work. <\/p>\n\n<p>Du kannst dich gegen gezielte Werbung entscheiden:<br\/><br\/>FACEBOOK &#8211; https:\/\/www.facebook.com\/settings\/?tab=ads<br\/>GOOGLE &#8211; https:\/\/www.google.com\/settings\/ads\/anonymous<br\/>BING &#8211; https:\/\/advertise.bingads.microsoft.com\/en-us\/resources\/policies\/personalized-ads<br\/><br\/>Au\u00dferdem kannst du dich gegen einige dieser Dienste entscheiden, indem du das Opt-out-Portal der Digital Advertising Alliance besuchst: http:\/\/optout.aboutads.info\/.<\/p>\n\n<p>DO NOT TRACK<br\/>Bitte beachte, dass wir die Datenerfassungs- und Nutzungspraktiken unserer Website nicht \u00e4ndern, wenn wir ein Do Not Track-Signal von deinem Browser sehen.<\/p>\n\n<p><\/p>\n\n<p>DEINE RECHTE<br\/>Wenn du in Europa wohnhaft bist, hast du das Recht, auf die von uns \u00fcber dich gespeicherten personenbezogenen Daten zuzugreifen und zu verlangen, dass diese korrigiert, aktualisiert oder gel\u00f6scht werden. Wenn du dieses Recht aus\u00fcben m\u00f6chtest, kontaktiere uns bitte \u00fcber die unten stehenden Kontaktdaten.<br\/>Wenn du in Europa wohnst, weisen wir dich au\u00dferdem darauf hin, dass wir deine Daten verarbeiten, um Vertr\u00e4ge mit dir zu erf\u00fcllen (z. B. wenn du eine Bestellung \u00fcber die Website aufgibst) oder um unsere oben genannten berechtigten Gesch\u00e4ftsinteressen zu verfolgen. Bitte beachte au\u00dferdem, dass deine Daten au\u00dferhalb Europas, einschlie\u00dflich Kanada und den Vereinigten Staaten, \u00fcbermittelt werden.  <\/p>\n\n<p>DATENAUFBEWAHRUNG<br\/>Wenn du eine Bestellung \u00fcber die Website aufgibst, bewahren wir deine Bestellinformationen f\u00fcr unsere Unterlagen auf, bis du uns aufforderst, diese Informationen zu l\u00f6schen.<\/p>\n\n<p><\/p>\n\n<p>\u00c4NDERUNGEN<br\/>Wir k\u00f6nnen diese Datenschutzrichtlinie von Zeit zu Zeit aktualisieren, um z. B. \u00c4nderungen unserer Praktiken oder andere betriebliche, rechtliche oder beh\u00f6rdliche Gr\u00fcnde zu ber\u00fccksichtigen.<br\/>KONTAKTIEREN SIE UNS<br\/>Wenn Sie weitere Informationen \u00fcber unsere Datenschutzpraktiken w\u00fcnschen, Fragen haben oder eine Beschwerde einreichen m\u00f6chten, wenden Sie sich bitte per E-Mail an support@coloredcaramel.com oder auf dem Postweg \u00fcber die unten angegebenen Kontaktdaten an uns:<br\/><\/p>\n\n<p>Raum 1405, 14\/F.,<br\/>135 Bonham Strand Trade Centre,<br\/>135 Bonham Strand,<br\/>Sheung Wan,<br\/>Hong Kong<\/p>\n\n<p><br\/><\/p>\n\n<p><\/p>\n","protected":false},"excerpt":{"rendered":"<p>Colored Caramel (ein Teilunternehmen von Manfred Limited) Datenschutzbestimmungen Diese Datenschutzrichtlinie beschreibt, wie deine pers\u00f6nlichen Daten gesammelt, verwendet und weitergegeben werden, wenn du https:\/\/www.coloredcaramel.com\/ (die &#8222;Website&#8220;) besuchst oder dort einkaufst. PERS\u00d6NLICHE INFORMATIONEN, DIE WIR SAMMELN Wenn du die Website besuchst, erfassen wir automatisch bestimmte Informationen \u00fcber dein Ger\u00e4t, einschlie\u00dflich Informationen \u00fcber deinen Webbrowser, deine IP-Adresse, deine<\/p>\n<div class=\"klb-readmore button\"><a class=\"btn link\" href=\"https:\/\/www.coloredcaramel.com\/de\/datenschutzrichtlinie\/\">Read More <i class=\"klbth-icon-right-arrow\"><\/i><\/a><\/div>\n","protected":false},"author":1,"featured_media":0,"parent":0,"menu_order":0,"comment_status":"closed","ping_status":"open","template":"","meta":{"_acf_changed":false,"_glsr_average":0,"_glsr_ranking":0,"_glsr_reviews":0,"footnotes":""},"class_list":["post-18026","page","type-page","status-publish","hentry"],"acf":[],"_links":{"self":[{"href":"https:\/\/www.coloredcaramel.com\/de\/wp-json\/wp\/v2\/pages\/18026","targetHints":{"allow":["GET"]}}],"collection":[{"href":"https:\/\/www.coloredcaramel.com\/de\/wp-json\/wp\/v2\/pages"}],"about":[{"href":"https:\/\/www.coloredcaramel.com\/de\/wp-json\/wp\/v2\/types\/page"}],"author":[{"embeddable":true,"href":"https:\/\/www.coloredcaramel.com\/de\/wp-json\/wp\/v2\/users\/1"}],"replies":[{"embeddable":true,"href":"https:\/\/www.coloredcaramel.com\/de\/wp-json\/wp\/v2\/comments?post=18026"}],"version-history":[{"count":3,"href":"https:\/\/www.coloredcaramel.com\/de\/wp-json\/wp\/v2\/pages\/18026\/revisions"}],"predecessor-version":[{"id":18037,"href":"https:\/\/www.coloredcaramel.com\/de\/wp-json\/wp\/v2\/pages\/18026\/revisions\/18037"}],"wp:attachment":[{"href":"https:\/\/www.coloredcaramel.com\/de\/wp-json\/wp\/v2\/media?parent=18026"}],"curies":[{"name":"wp","href":"https:\/\/api.w.org\/{rel}","templated":true}]}}